{"id":351,"date":"2020-07-29T17:49:14","date_gmt":"2020-07-29T15:49:14","guid":{"rendered":"https:\/\/authentification-web.fr\/?page_id=351"},"modified":"2022-10-21T15:30:31","modified_gmt":"2022-10-21T13:30:31","slug":"tutoriel-fido-u2f-google","status":"publish","type":"page","link":"https:\/\/authentication-web.com\/en\/tutoriel-fido-u2f-google\/","title":{"rendered":"FIDO U2F  Google Tutorial"},"content":{"rendered":"<p>[et_pb_section fb_built=\u00a0\u00bb1&Prime; _builder_version=\u00a0\u00bb4.16&Prime; _module_preset=\u00a0\u00bbdefault\u00a0\u00bb background_color=\u00a0\u00bbrgba(253,189,62,0.2)\u00a0\u00bb global_colors_info=\u00a0\u00bb{}\u00a0\u00bb][et_pb_row _builder_version=\u00a0\u00bb4.16&Prime; _module_preset=\u00a0\u00bbdefault\u00a0\u00bb global_colors_info=\u00a0\u00bb{}\u00a0\u00bb][et_pb_column type=\u00a0\u00bb4_4&Prime; _builder_version=\u00a0\u00bb4.16&Prime; _module_preset=\u00a0\u00bbdefault\u00a0\u00bb global_colors_info=\u00a0\u00bb{}\u00a0\u00bb][et_pb_text _builder_version=\u00a0\u00bb4.16&Prime; _module_preset=\u00a0\u00bbdefault\u00a0\u00bb header_2_font=\u00a0\u00bb|||on|||||\u00a0\u00bb header_2_text_align=\u00a0\u00bbcenter\u00a0\u00bb header_2_text_color=\u00a0\u00bb#fdbd3e\u00a0\u00bb header_2_font_size=\u00a0\u00bb20px\u00a0\u00bb hover_enabled=\u00a0\u00bb0&Prime; global_colors_info=\u00a0\u00bb{}\u00a0\u00bb sticky_enabled=\u00a0\u00bb0&Prime;]<\/p>\n<h2>Tutoriel<\/h2>\n<p>[\/et_pb_text][et_pb_text _builder_version=\u00a0\u00bb4.18.0&Prime; _module_preset=\u00a0\u00bbdefault\u00a0\u00bb text_line_height=\u00a0\u00bb2em\u00a0\u00bb header_line_height=\u00a0\u00bb1.1em\u00a0\u00bb text_orientation=\u00a0\u00bbcenter\u00a0\u00bb hover_enabled=\u00a0\u00bb0&Prime; global_colors_info=\u00a0\u00bb{}\u00a0\u00bb sticky_enabled=\u00a0\u00bb0&Prime;]<\/p>\n<h1>Comment activer la double authentification sur Gmail<br \/>avec la cl\u00e9 USB de s\u00e9curit\u00e9 Winkeo-A FIDO U2F comme second facteur d\u2019authentification ?<\/h1>\n<p>[\/et_pb_text][\/et_pb_column][\/et_pb_row][\/et_pb_section][et_pb_section fb_built=\u00a0\u00bb1&Prime; _builder_version=\u00a0\u00bb4.16&Prime; _module_preset=\u00a0\u00bbdefault\u00a0\u00bb global_colors_info=\u00a0\u00bb{}\u00a0\u00bb][et_pb_row _builder_version=\u00a0\u00bb4.16&Prime; _module_preset=\u00a0\u00bbdefault\u00a0\u00bb global_colors_info=\u00a0\u00bb{}\u00a0\u00bb][et_pb_column type=\u00a0\u00bb4_4&Prime; _builder_version=\u00a0\u00bb4.16&Prime; _module_preset=\u00a0\u00bbdefault\u00a0\u00bb global_colors_info=\u00a0\u00bb{}\u00a0\u00bb][et_pb_text _builder_version=\u00a0\u00bb4.16&Prime; _module_preset=\u00a0\u00bbdefault\u00a0\u00bb global_colors_info=\u00a0\u00bb{}\u00a0\u00bb]<\/p>\n<h2>\u00c9tape 1<\/h2>\n<p>Connectez-vous \u00e0 votre compte Gmail, puis cliquez sur \u00ab G\u00e9rez votre compte Google \u00bb en haut \u00e0 droite de votre \u00e9cran.<\/p>\n<p>[\/et_pb_text][et_pb_image src=\u00a0\u00bbhttps:\/\/authentication-web.com\/wp-content\/uploads\/2020\/08\/image-01.png\u00a0\u00bb alt=\u00a0\u00bbtutoriel google\u00a0\u00bb title_text=\u00a0\u00bbimage-01&Prime; _builder_version=\u00a0\u00bb4.16&Prime; _module_preset=\u00a0\u00bbdefault\u00a0\u00bb global_colors_info=\u00a0\u00bb{}\u00a0\u00bb][\/et_pb_image][et_pb_text _builder_version=\u00a0\u00bb4.16&Prime; _module_preset=\u00a0\u00bbdefault\u00a0\u00bb global_colors_info=\u00a0\u00bb{}\u00a0\u00bb]<\/p>\n<h2>\u00c9tape 2<\/h2>\n<p>Sur la page de \u00ab Bienvenue \u00bb, cliquez sur l\u2019onglet \u00ab S\u00e9curit\u00e9 \u00bb. Puis sous \u00ab Connexion \u00e0 Google \u00bb, s\u00e9lectionnez \u00ab Validation en deux \u00e9tapes \u00bb.<\/p>\n<p>[\/et_pb_text][et_pb_image src=\u00a0\u00bbhttps:\/\/authentication-web.com\/wp-content\/uploads\/2020\/08\/image-02.png\u00a0\u00bb alt=\u00a0\u00bbimage-02&Prime; title_text=\u00a0\u00bbimage-02&Prime; _builder_version=\u00a0\u00bb4.16&Prime; _module_preset=\u00a0\u00bbdefault\u00a0\u00bb global_colors_info=\u00a0\u00bb{}\u00a0\u00bb][\/et_pb_image][et_pb_text _builder_version=\u00a0\u00bb4.16&Prime; _module_preset=\u00a0\u00bbdefault\u00a0\u00bb global_colors_info=\u00a0\u00bb{}\u00a0\u00bb]<\/p>\n<h2>\u00c9tape 3<\/h2>\n<p>Poursuivez en cliquant sur \u00ab Commencer \u00bb. Ensuite, il vous sera n\u00e9cessaire de vous authentifier avec le mot de passe de votre compte Google. Puis cliquez sur \u00ab Suivant \u00bb. <\/p>\n<p>[\/et_pb_text][\/et_pb_column][\/et_pb_row][et_pb_row column_structure=\u00a0\u00bb3_5,2_5&Prime; _builder_version=\u00a0\u00bb4.16&Prime; _module_preset=\u00a0\u00bbdefault\u00a0\u00bb global_colors_info=\u00a0\u00bb{}\u00a0\u00bb][et_pb_column type=\u00a0\u00bb3_5&Prime; _builder_version=\u00a0\u00bb4.16&Prime; _module_preset=\u00a0\u00bbdefault\u00a0\u00bb global_colors_info=\u00a0\u00bb{}\u00a0\u00bb][et_pb_image src=\u00a0\u00bbhttps:\/\/authentication-web.com\/wp-content\/uploads\/2020\/08\/image-03.png\u00a0\u00bb alt=\u00a0\u00bbimage-03&Prime; title_text=\u00a0\u00bbimage-03&Prime; _builder_version=\u00a0\u00bb4.16&Prime; _module_preset=\u00a0\u00bbdefault\u00a0\u00bb global_colors_info=\u00a0\u00bb{}\u00a0\u00bb][\/et_pb_image][\/et_pb_column][et_pb_column type=\u00a0\u00bb2_5&Prime; _builder_version=\u00a0\u00bb4.16&Prime; _module_preset=\u00a0\u00bbdefault\u00a0\u00bb global_colors_info=\u00a0\u00bb{}\u00a0\u00bb][et_pb_image src=\u00a0\u00bbhttps:\/\/authentication-web.com\/wp-content\/uploads\/2020\/08\/image-04.png\u00a0\u00bb alt=\u00a0\u00bbimage-04&Prime; title_text=\u00a0\u00bbimage-04&Prime; _builder_version=\u00a0\u00bb4.16&Prime; _module_preset=\u00a0\u00bbdefault\u00a0\u00bb global_colors_info=\u00a0\u00bb{}\u00a0\u00bb][\/et_pb_image][\/et_pb_column][\/et_pb_row][et_pb_row _builder_version=\u00a0\u00bb4.16&Prime; _module_preset=\u00a0\u00bbdefault\u00a0\u00bb global_colors_info=\u00a0\u00bb{}\u00a0\u00bb][et_pb_column type=\u00a0\u00bb4_4&Prime; _builder_version=\u00a0\u00bb4.16&Prime; _module_preset=\u00a0\u00bbdefault\u00a0\u00bb global_colors_info=\u00a0\u00bb{}\u00a0\u00bb][et_pb_text _builder_version=\u00a0\u00bb4.16&Prime; _module_preset=\u00a0\u00bbdefault\u00a0\u00bb global_colors_info=\u00a0\u00bb{}\u00a0\u00bb]<\/p>\n<h2>\u00c9tape 4<\/h2>\n<p>Puis, il vous sera demand\u00e9 une option de secours avec comme choix le SMS ou l\u2019appel t\u00e9l\u00e9phonique. Dans le cas de notre tuto, nous choisirons la m\u00e9thode par SMS. Une fois votre num\u00e9ro de t\u00e9l\u00e9phone renseign\u00e9, l\u2019option \u00ab SMS \u00bb coch\u00e9e, cliquez sur \u00ab Suivant \u00bb. Saisissez le code re\u00e7u par SMS puis cliquez sur \u00ab Suivant \u00bb.<br \/>\nLa configuration de la double authentification pour votre compte Google est termin\u00e9e. Cliquez sur \u00ab Activer \u00bb pour lancer l\u2019activation de la double authentification \u00bb.<\/p>\n<p>[\/et_pb_text][\/et_pb_column][\/et_pb_row][et_pb_row column_structure=\u00a0\u00bb1_3,1_3,1_3&Prime; _builder_version=\u00a0\u00bb4.16&Prime; _module_preset=\u00a0\u00bbdefault\u00a0\u00bb global_colors_info=\u00a0\u00bb{}\u00a0\u00bb][et_pb_column type=\u00a0\u00bb1_3&Prime; _builder_version=\u00a0\u00bb4.16&Prime; _module_preset=\u00a0\u00bbdefault\u00a0\u00bb global_colors_info=\u00a0\u00bb{}\u00a0\u00bb][et_pb_image src=\u00a0\u00bbhttps:\/\/authentication-web.com\/wp-content\/uploads\/2020\/08\/image-05.png\u00a0\u00bb alt=\u00a0\u00bbimage-05&Prime; title_text=\u00a0\u00bbimage-05&Prime; _builder_version=\u00a0\u00bb4.16&Prime; _module_preset=\u00a0\u00bbdefault\u00a0\u00bb global_colors_info=\u00a0\u00bb{}\u00a0\u00bb][\/et_pb_image][\/et_pb_column][et_pb_column type=\u00a0\u00bb1_3&Prime; _builder_version=\u00a0\u00bb4.16&Prime; _module_preset=\u00a0\u00bbdefault\u00a0\u00bb global_colors_info=\u00a0\u00bb{}\u00a0\u00bb][et_pb_image src=\u00a0\u00bbhttps:\/\/authentication-web.com\/wp-content\/uploads\/2020\/08\/image-06.png\u00a0\u00bb alt=\u00a0\u00bbimage-06&Prime; title_text=\u00a0\u00bbimage-06&Prime; _builder_version=\u00a0\u00bb4.16&Prime; _module_preset=\u00a0\u00bbdefault\u00a0\u00bb global_colors_info=\u00a0\u00bb{}\u00a0\u00bb][\/et_pb_image][\/et_pb_column][et_pb_column type=\u00a0\u00bb1_3&Prime; _builder_version=\u00a0\u00bb4.16&Prime; _module_preset=\u00a0\u00bbdefault\u00a0\u00bb global_colors_info=\u00a0\u00bb{}\u00a0\u00bb][et_pb_image src=\u00a0\u00bbhttps:\/\/authentication-web.com\/wp-content\/uploads\/2020\/08\/image-07.png\u00a0\u00bb alt=\u00a0\u00bbimage-07&Prime; title_text=\u00a0\u00bbimage-07&Prime; _builder_version=\u00a0\u00bb4.16&Prime; _module_preset=\u00a0\u00bbdefault\u00a0\u00bb global_colors_info=\u00a0\u00bb{}\u00a0\u00bb][\/et_pb_image][\/et_pb_column][\/et_pb_row][et_pb_row _builder_version=\u00a0\u00bb4.16&Prime; _module_preset=\u00a0\u00bbdefault\u00a0\u00bb global_colors_info=\u00a0\u00bb{}\u00a0\u00bb][et_pb_column type=\u00a0\u00bb4_4&Prime; _builder_version=\u00a0\u00bb4.16&Prime; _module_preset=\u00a0\u00bbdefault\u00a0\u00bb global_colors_info=\u00a0\u00bb{}\u00a0\u00bb][et_pb_text _builder_version=\u00a0\u00bb4.18.0&Prime; _module_preset=\u00a0\u00bbdefault\u00a0\u00bb hover_enabled=\u00a0\u00bb0&Prime; global_colors_info=\u00a0\u00bb{}\u00a0\u00bb sticky_enabled=\u00a0\u00bb0&Prime;]<\/p>\n<h2>\u00c9tape 5<\/h2>\n<p>La validation en deux \u00e9tapes \u00e9tant activ\u00e9e, il vous faut ajouter la cl\u00e9 de s\u00e9curit\u00e9 Winkeo-A FIDO U2F comme deuxi\u00e8me \u00e9tape d\u2019authentification. D\u00e9filez vers le bas jusqu\u2019\u00e0 la section \u00ab Cl\u00e9 de s\u00e9curit\u00e9 \u00bb et cliquez sur \u00ab Ajouter une cl\u00e9 de s\u00e9curit\u00e9 \u00bb.<\/p>\n<p>[\/et_pb_text][\/et_pb_column][\/et_pb_row][et_pb_row column_structure=\u00a0\u00bb1_2,1_2&Prime; _builder_version=\u00a0\u00bb4.16&Prime; _module_preset=\u00a0\u00bbdefault\u00a0\u00bb global_colors_info=\u00a0\u00bb{}\u00a0\u00bb][et_pb_column type=\u00a0\u00bb1_2&Prime; _builder_version=\u00a0\u00bb4.16&Prime; _module_preset=\u00a0\u00bbdefault\u00a0\u00bb global_colors_info=\u00a0\u00bb{}\u00a0\u00bb][et_pb_image src=\u00a0\u00bbhttps:\/\/authentication-web.com\/wp-content\/uploads\/2020\/11\/8-ajouter-une-cle-de-securite-bis.png\u00a0\u00bb alt=\u00a0\u00bbimage-08&Prime; title_text=\u00a0\u00bbImage-8&Prime; _builder_version=\u00a0\u00bb4.16&Prime; _module_preset=\u00a0\u00bbdefault\u00a0\u00bb global_colors_info=\u00a0\u00bb{}\u00a0\u00bb][\/et_pb_image][\/et_pb_column][et_pb_column type=\u00a0\u00bb1_2&Prime; _builder_version=\u00a0\u00bb4.16&Prime; _module_preset=\u00a0\u00bbdefault\u00a0\u00bb global_colors_info=\u00a0\u00bb{}\u00a0\u00bb][et_pb_image src=\u00a0\u00bbhttps:\/\/authentication-web.com\/wp-content\/uploads\/2020\/08\/image-09.png\u00a0\u00bb alt=\u00a0\u00bbimage-09&Prime; title_text=\u00a0\u00bbimage-09&Prime; _builder_version=\u00a0\u00bb4.16&Prime; _module_preset=\u00a0\u00bbdefault\u00a0\u00bb global_colors_info=\u00a0\u00bb{}\u00a0\u00bb][\/et_pb_image][\/et_pb_column][\/et_pb_row][et_pb_row _builder_version=\u00a0\u00bb4.16&Prime; _module_preset=\u00a0\u00bbdefault\u00a0\u00bb global_colors_info=\u00a0\u00bb{}\u00a0\u00bb][et_pb_column type=\u00a0\u00bb4_4&Prime; _builder_version=\u00a0\u00bb4.16&Prime; _module_preset=\u00a0\u00bbdefault\u00a0\u00bb global_colors_info=\u00a0\u00bb{}\u00a0\u00bb][et_pb_text _builder_version=\u00a0\u00bb4.16&Prime; _module_preset=\u00a0\u00bbdefault\u00a0\u00bb hover_enabled=\u00a0\u00bb0&Prime; global_colors_info=\u00a0\u00bb{}\u00a0\u00bb sticky_enabled=\u00a0\u00bb0&Prime;]<\/p>\n<h2>\u00c9tape 6<\/h2>\n<p>Il vous sera propos\u00e9 de choisir votre cl\u00e9 de s\u00e9curit\u00e9, auquel cas cliquez sur \u00ab USB ou Bluetooth \u00bb ou bien il vous sera demand\u00e9 directement \u00ab\u00a0Vous disposez de votre cl\u00e9 de s\u00e9curit\u00e9 ?\u00a0\u00bb sans passer par l&rsquo;\u00e9tape pr\u00e9c\u00e9dente.\u00a0 Puis appuyez sur \u00ab Suivant \u00bb, une fen\u00eatre \u00ab\u00a0Enregistrez votre cl\u00e9 de s\u00e9curit\u00e9\u00a0\u00bb s&rsquo;ouvrira.<\/p>\n<p>[\/et_pb_text][\/et_pb_column][\/et_pb_row][et_pb_row column_structure=\u00a0\u00bb1_3,1_3,1_3&Prime; _builder_version=\u00a0\u00bb4.16&Prime; _module_preset=\u00a0\u00bbdefault\u00a0\u00bb global_colors_info=\u00a0\u00bb{}\u00a0\u00bb][et_pb_column type=\u00a0\u00bb1_3&Prime; _builder_version=\u00a0\u00bb4.16&Prime; _module_preset=\u00a0\u00bbdefault\u00a0\u00bb global_colors_info=\u00a0\u00bb{}\u00a0\u00bb][et_pb_image src=\u00a0\u00bbhttps:\/\/authentication-web.com\/wp-content\/uploads\/2020\/08\/image-10.png\u00a0\u00bb alt=\u00a0\u00bbimage-10&Prime; title_text=\u00a0\u00bbimage-10&Prime; _builder_version=\u00a0\u00bb4.16&Prime; _module_preset=\u00a0\u00bbdefault\u00a0\u00bb global_colors_info=\u00a0\u00bb{}\u00a0\u00bb][\/et_pb_image][\/et_pb_column][et_pb_column type=\u00a0\u00bb1_3&Prime; _builder_version=\u00a0\u00bb4.16&Prime; _module_preset=\u00a0\u00bbdefault\u00a0\u00bb global_colors_info=\u00a0\u00bb{}\u00a0\u00bb][et_pb_image src=\u00a0\u00bbhttps:\/\/authentication-web.com\/wp-content\/uploads\/2020\/08\/image-11.png\u00a0\u00bb alt=\u00a0\u00bbimage-11&Prime; title_text=\u00a0\u00bbimage-11&Prime; _builder_version=\u00a0\u00bb4.16&Prime; _module_preset=\u00a0\u00bbdefault\u00a0\u00bb global_colors_info=\u00a0\u00bb{}\u00a0\u00bb][\/et_pb_image][\/et_pb_column][et_pb_column type=\u00a0\u00bb1_3&Prime; _builder_version=\u00a0\u00bb4.16&Prime; _module_preset=\u00a0\u00bbdefault\u00a0\u00bb global_colors_info=\u00a0\u00bb{}\u00a0\u00bb][et_pb_image src=\u00a0\u00bbhttps:\/\/authentication-web.com\/wp-content\/uploads\/2020\/08\/image-12.png\u00a0\u00bb alt=\u00a0\u00bbimage-12&Prime; title_text=\u00a0\u00bbimage-12&Prime; _builder_version=\u00a0\u00bb4.16&Prime; _module_preset=\u00a0\u00bbdefault\u00a0\u00bb global_colors_info=\u00a0\u00bb{}\u00a0\u00bb][\/et_pb_image][\/et_pb_column][\/et_pb_row][et_pb_row _builder_version=\u00a0\u00bb4.16&Prime; _module_preset=\u00a0\u00bbdefault\u00a0\u00bb global_colors_info=\u00a0\u00bb{}\u00a0\u00bb][et_pb_column type=\u00a0\u00bb4_4&Prime; _builder_version=\u00a0\u00bb4.16&Prime; _module_preset=\u00a0\u00bbdefault\u00a0\u00bb global_colors_info=\u00a0\u00bb{}\u00a0\u00bb][et_pb_text _builder_version=\u00a0\u00bb4.18.0&Prime; _module_preset=\u00a0\u00bbdefault\u00a0\u00bb hover_enabled=\u00a0\u00bb0&Prime; global_colors_info=\u00a0\u00bb{}\u00a0\u00bb sticky_enabled=\u00a0\u00bb0&Prime;]<\/p>\n<h2>\u00c9tape 7<\/h2>\n<p>Ins\u00e9rez votre cl\u00e9 de s\u00e9curit\u00e9 dans un port USB de votre ordinateur. Cliquez \u00ab\u00a0OK\u00a0\u00bb sur les\u00a0 fen\u00eatres qui s&rsquo;ouvriront puis touchez votre cl\u00e9 de s\u00e9curit\u00e9 quand il vous le sera demand\u00e9. Pour la cl\u00e9 Winkeo-A FIDO U2F, appuyez sur le disque dor\u00e9 dont elle est \u00e9quip\u00e9e.<\/p>\n<p>[\/et_pb_text][\/et_pb_column][\/et_pb_row][et_pb_row column_structure=\u00a0\u00bb1_3,1_3,1_3&Prime; _builder_version=\u00a0\u00bb4.16&Prime; _module_preset=\u00a0\u00bbdefault\u00a0\u00bb global_colors_info=\u00a0\u00bb{}\u00a0\u00bb][et_pb_column type=\u00a0\u00bb1_3&Prime; _builder_version=\u00a0\u00bb4.16&Prime; _module_preset=\u00a0\u00bbdefault\u00a0\u00bb global_colors_info=\u00a0\u00bb{}\u00a0\u00bb][et_pb_image src=\u00a0\u00bbhttps:\/\/authentication-web.com\/wp-content\/uploads\/2021\/04\/13-bis-Configuration-de-la-cle-de-securite.png\u00a0\u00bb alt=\u00a0\u00bbConfiguration cl\u00e9 de s\u00e9curit\u00e9 Winkeo FIDO U2F\u00a0\u00bb title_text=\u00a0\u00bb13 bis-Configuration-de-la-cle-de-s\u00e9curit\u00e9\u00a0\u00bb _builder_version=\u00a0\u00bb4.16&Prime; _module_preset=\u00a0\u00bbdefault\u00a0\u00bb global_colors_info=\u00a0\u00bb{}\u00a0\u00bb][\/et_pb_image][\/et_pb_column][et_pb_column type=\u00a0\u00bb1_3&Prime; _builder_version=\u00a0\u00bb4.16&Prime; _module_preset=\u00a0\u00bbdefault\u00a0\u00bb global_colors_info=\u00a0\u00bb{}\u00a0\u00bb][et_pb_image src=\u00a0\u00bbhttps:\/\/authentication-web.com\/wp-content\/uploads\/2021\/04\/13-ter-Continuer-linstallation.jpg\u00a0\u00bb alt=\u00a0\u00bbContinuer l&rsquo;installation cl\u00e9 FIDO U2F\u00a0\u00bb title_text=\u00a0\u00bb13-ter-Continuer-l&rsquo;installation\u00a0\u00bb _builder_version=\u00a0\u00bb4.16&Prime; _module_preset=\u00a0\u00bbdefault\u00a0\u00bb global_colors_info=\u00a0\u00bb{}\u00a0\u00bb][\/et_pb_image][\/et_pb_column][et_pb_column type=\u00a0\u00bb1_3&Prime; _builder_version=\u00a0\u00bb4.16&Prime; _module_preset=\u00a0\u00bbdefault\u00a0\u00bb global_colors_info=\u00a0\u00bb{}\u00a0\u00bb][et_pb_image src=\u00a0\u00bbhttps:\/\/authentication-web.com\/wp-content\/uploads\/2021\/04\/13-Touchez-votre-cle-de-securite.jpg\u00a0\u00bb alt=\u00a0\u00bbTouchez votre cl\u00e9 de s\u00e9curit\u00e9 Winkeo FIDO U2F\u00a0\u00bb title_text=\u00a0\u00bb13-Touchez-votre-cle-de-s\u00e9curit\u00e9\u00a0\u00bb _builder_version=\u00a0\u00bb4.16&Prime; _module_preset=\u00a0\u00bbdefault\u00a0\u00bb global_colors_info=\u00a0\u00bb{}\u00a0\u00bb][\/et_pb_image][\/et_pb_column][\/et_pb_row][et_pb_row _builder_version=\u00a0\u00bb4.16&Prime; _module_preset=\u00a0\u00bbdefault\u00a0\u00bb global_colors_info=\u00a0\u00bb{}\u00a0\u00bb][et_pb_column type=\u00a0\u00bb4_4&Prime; _builder_version=\u00a0\u00bb4.16&Prime; _module_preset=\u00a0\u00bbdefault\u00a0\u00bb global_colors_info=\u00a0\u00bb{}\u00a0\u00bb][et_pb_text _builder_version=\u00a0\u00bb4.18.0&Prime; _module_preset=\u00a0\u00bbdefault\u00a0\u00bb hover_enabled=\u00a0\u00bb0&Prime; global_colors_info=\u00a0\u00bb{}\u00a0\u00bb sticky_enabled=\u00a0\u00bb0&Prime;]<\/p>\n<h2>\u00c9tape 8<\/h2>\n<p>Votre cl\u00e9 de s\u00e9curit\u00e9 est d\u00e9sormais enregistr\u00e9e et sera utilis\u00e9e pour vous connecter avec la validation en deux \u00e9tapes. Nommez votre cl\u00e9 de s\u00e9curit\u00e9, \u00ab\u00a0Winkeo FIDO U2F\u00a0\u00bb pour l&rsquo;exemple, et appuyez sur \u00ab OK \u00bb. La validation en deux \u00e9tapes est activ\u00e9e et votre cl\u00e9 de s\u00e9curit\u00e9 est enregistr\u00e9e.<\/p>\n<p>[\/et_pb_text][\/et_pb_column][\/et_pb_row][et_pb_row _builder_version=\u00a0\u00bb4.16&Prime; _module_preset=\u00a0\u00bbdefault\u00a0\u00bb global_colors_info=\u00a0\u00bb{}\u00a0\u00bb][et_pb_column type=\u00a0\u00bb4_4&Prime; _builder_version=\u00a0\u00bb4.16&Prime; _module_preset=\u00a0\u00bbdefault\u00a0\u00bb global_colors_info=\u00a0\u00bb{}\u00a0\u00bb][et_pb_image src=\u00a0\u00bbhttps:\/\/authentication-web.com\/wp-content\/uploads\/2020\/08\/image-14.png\u00a0\u00bb alt=\u00a0\u00bbimage-14&Prime; title_text=\u00a0\u00bbimage-14&Prime; _builder_version=\u00a0\u00bb4.16&Prime; _module_preset=\u00a0\u00bbdefault\u00a0\u00bb global_colors_info=\u00a0\u00bb{}\u00a0\u00bb][\/et_pb_image][\/et_pb_column][\/et_pb_row][et_pb_row _builder_version=\u00a0\u00bb4.16&Prime; _module_preset=\u00a0\u00bbdefault\u00a0\u00bb global_colors_info=\u00a0\u00bb{}\u00a0\u00bb][et_pb_column type=\u00a0\u00bb4_4&Prime; _builder_version=\u00a0\u00bb4.16&Prime; _module_preset=\u00a0\u00bbdefault\u00a0\u00bb global_colors_info=\u00a0\u00bb{}\u00a0\u00bb][et_pb_text _builder_version=\u00a0\u00bb4.18.0&Prime; _module_preset=\u00a0\u00bbdefault\u00a0\u00bb hover_enabled=\u00a0\u00bb0&Prime; global_colors_info=\u00a0\u00bb{}\u00a0\u00bb sticky_enabled=\u00a0\u00bb0&Prime;]<\/p>\n<h2>Futures connexions<\/h2>\n<p>Pour toute future connexion \u00e0 votre compte Gmail, vous devrez d\u00e9sormais rentrer votre mot de passe puis ins\u00e9rer la cl\u00e9 de s\u00e9curit\u00e9 Winkeo-A FIDO U2F et appuyer sur le bouton pour vous authentifier.<\/p>\n<p>[\/et_pb_text][\/et_pb_column][\/et_pb_row][et_pb_row column_structure=\u00a0\u00bb1_3,1_3,1_3&Prime; _builder_version=\u00a0\u00bb4.16&Prime; _module_preset=\u00a0\u00bbdefault\u00a0\u00bb global_colors_info=\u00a0\u00bb{}\u00a0\u00bb][et_pb_column type=\u00a0\u00bb1_3&Prime; _builder_version=\u00a0\u00bb4.16&Prime; _module_preset=\u00a0\u00bbdefault\u00a0\u00bb global_colors_info=\u00a0\u00bb{}\u00a0\u00bb][et_pb_image src=\u00a0\u00bbhttps:\/\/authentication-web.com\/wp-content\/uploads\/2020\/08\/image-15.png\u00a0\u00bb alt=\u00a0\u00bbimage-15&Prime; title_text=\u00a0\u00bbimage-15&Prime; _builder_version=\u00a0\u00bb4.16&Prime; _module_preset=\u00a0\u00bbdefault\u00a0\u00bb global_colors_info=\u00a0\u00bb{}\u00a0\u00bb][\/et_pb_image][\/et_pb_column][et_pb_column type=\u00a0\u00bb1_3&Prime; _builder_version=\u00a0\u00bb4.16&Prime; _module_preset=\u00a0\u00bbdefault\u00a0\u00bb global_colors_info=\u00a0\u00bb{}\u00a0\u00bb][et_pb_image src=\u00a0\u00bbhttps:\/\/authentication-web.com\/wp-content\/uploads\/2020\/08\/image-16.png\u00a0\u00bb alt=\u00a0\u00bbimage-16&Prime; title_text=\u00a0\u00bbimage-16&Prime; _builder_version=\u00a0\u00bb4.16&Prime; _module_preset=\u00a0\u00bbdefault\u00a0\u00bb global_colors_info=\u00a0\u00bb{}\u00a0\u00bb][\/et_pb_image][\/et_pb_column][et_pb_column type=\u00a0\u00bb1_3&Prime; _builder_version=\u00a0\u00bb4.16&Prime; _module_preset=\u00a0\u00bbdefault\u00a0\u00bb global_colors_info=\u00a0\u00bb{}\u00a0\u00bb][et_pb_image src=\u00a0\u00bbhttps:\/\/authentication-web.com\/wp-content\/uploads\/2020\/08\/image-17.png\u00a0\u00bb alt=\u00a0\u00bbimage-17&Prime; title_text=\u00a0\u00bbimage-17&Prime; _builder_version=\u00a0\u00bb4.16&Prime; _module_preset=\u00a0\u00bbdefault\u00a0\u00bb global_colors_info=\u00a0\u00bb{}\u00a0\u00bb][\/et_pb_image][\/et_pb_column][\/et_pb_row][et_pb_row _builder_version=\u00a0\u00bb4.16&Prime; _module_preset=\u00a0\u00bbdefault\u00a0\u00bb global_colors_info=\u00a0\u00bb{}\u00a0\u00bb][et_pb_column type=\u00a0\u00bb4_4&Prime; _builder_version=\u00a0\u00bb4.16&Prime; _module_preset=\u00a0\u00bbdefault\u00a0\u00bb global_colors_info=\u00a0\u00bb{}\u00a0\u00bb][et_pb_text _builder_version=\u00a0\u00bb4.16&Prime; _module_preset=\u00a0\u00bbdefault\u00a0\u00bb global_colors_info=\u00a0\u00bb{}\u00a0\u00bb]<\/p>\n<p>Si vous ne voulez pas utiliser votre cl\u00e9 de s\u00e9curit\u00e9 chaque fois que vous vous connectez \u00e0 votre compte Google, cochez la case \u00ab Ne plus me demander sur cet ordinateur \u00bb. Vous indiquez ainsi que votre ordinateur est fiable. Toutefois, cette possibilit\u00e9 est \u00e0 opter uniquement sur les appareils que vous utilisez r\u00e9guli\u00e8rement et que vous ne partagez avec personne d\u2019autre. Sinon, d\u00e9cochez la case.<\/p>\n<p>[\/et_pb_text][\/et_pb_column][\/et_pb_row][et_pb_row column_structure=\u00a0\u00bb1_2,1_2&Prime; _builder_version=\u00a0\u00bb4.16&Prime; _module_preset=\u00a0\u00bbdefault\u00a0\u00bb global_colors_info=\u00a0\u00bb{}\u00a0\u00bb][et_pb_column type=\u00a0\u00bb1_2&Prime; _builder_version=\u00a0\u00bb4.16&Prime; _module_preset=\u00a0\u00bbdefault\u00a0\u00bb global_colors_info=\u00a0\u00bb{}\u00a0\u00bb][et_pb_image src=\u00a0\u00bbhttps:\/\/authentication-web.com\/wp-content\/uploads\/2020\/08\/image-18.png\u00a0\u00bb alt=\u00a0\u00bbimage-18&Prime; title_text=\u00a0\u00bbimage-18&Prime; _builder_version=\u00a0\u00bb4.16&Prime; _module_preset=\u00a0\u00bbdefault\u00a0\u00bb global_colors_info=\u00a0\u00bb{}\u00a0\u00bb][\/et_pb_image][\/et_pb_column][et_pb_column type=\u00a0\u00bb1_2&Prime; _builder_version=\u00a0\u00bb4.16&Prime; _module_preset=\u00a0\u00bbdefault\u00a0\u00bb global_colors_info=\u00a0\u00bb{}\u00a0\u00bb][et_pb_image src=\u00a0\u00bbhttps:\/\/authentication-web.com\/wp-content\/uploads\/2020\/08\/image-19.png\u00a0\u00bb alt=\u00a0\u00bbimage-19&Prime; title_text=\u00a0\u00bbimage-19&Prime; _builder_version=\u00a0\u00bb4.16&Prime; _module_preset=\u00a0\u00bbdefault\u00a0\u00bb global_colors_info=\u00a0\u00bb{}\u00a0\u00bb][\/et_pb_image][\/et_pb_column][\/et_pb_row][\/et_pb_section]<\/p>\n","protected":false},"excerpt":{"rendered":"<p>TutorielComment activer la double authentification sur Gmailavec la cl\u00e9 USB de s\u00e9curit\u00e9 Winkeo-A FIDO U2F comme second facteur d\u2019authentification ?\u00c9tape 1 Connectez-vous \u00e0 votre compte Gmail, puis cliquez sur \u00ab G\u00e9rez votre compte Google \u00bb en haut \u00e0 droite de votre \u00e9cran.\u00c9tape 2 Sur la page de \u00ab Bienvenue \u00bb, cliquez sur l\u2019onglet \u00ab S\u00e9curit\u00e9 [&hellip;]<\/p>\n","protected":false},"author":5,"featured_media":0,"parent":0,"menu_order":0,"comment_status":"closed","ping_status":"closed","template":"","meta":{"_acf_changed":false,"_et_pb_use_builder":"on","_et_pb_old_content":"","_et_gb_content_width":"","inline_featured_image":false,"footnotes":""},"class_list":["post-351","page","type-page","status-publish","hentry"],"acf":[],"_links":{"self":[{"href":"https:\/\/authentication-web.com\/en\/wp-json\/wp\/v2\/pages\/351","targetHints":{"allow":["GET"]}}],"collection":[{"href":"https:\/\/authentication-web.com\/en\/wp-json\/wp\/v2\/pages"}],"about":[{"href":"https:\/\/authentication-web.com\/en\/wp-json\/wp\/v2\/types\/page"}],"author":[{"embeddable":true,"href":"https:\/\/authentication-web.com\/en\/wp-json\/wp\/v2\/users\/5"}],"replies":[{"embeddable":true,"href":"https:\/\/authentication-web.com\/en\/wp-json\/wp\/v2\/comments?post=351"}],"version-history":[{"count":14,"href":"https:\/\/authentication-web.com\/en\/wp-json\/wp\/v2\/pages\/351\/revisions"}],"predecessor-version":[{"id":276789,"href":"https:\/\/authentication-web.com\/en\/wp-json\/wp\/v2\/pages\/351\/revisions\/276789"}],"wp:attachment":[{"href":"https:\/\/authentication-web.com\/en\/wp-json\/wp\/v2\/media?parent=351"}],"curies":[{"name":"wp","href":"https:\/\/api.w.org\/{rel}","templated":true}]}}