{"id":498,"date":"2020-10-21T10:01:59","date_gmt":"2020-10-21T08:01:59","guid":{"rendered":"https:\/\/authentification-web.fr\/?page_id=498"},"modified":"2023-01-13T08:04:59","modified_gmt":"2023-01-13T07:04:59","slug":"politique-de-cookies","status":"publish","type":"page","link":"https:\/\/authentication-web.com\/en\/politique-de-cookies\/","title":{"rendered":"Cookies"},"content":{"rendered":"<p>[et_pb_section fb_built=\u00a0\u00bb1&Prime; _builder_version=\u00a0\u00bb4.16&Prime; _module_preset=\u00a0\u00bbdefault\u00a0\u00bb global_colors_info=\u00a0\u00bb{}\u00a0\u00bb][et_pb_row _builder_version=\u00a0\u00bb4.16&Prime; _module_preset=\u00a0\u00bbdefault\u00a0\u00bb global_colors_info=\u00a0\u00bb{}\u00a0\u00bb][et_pb_column type=\u00a0\u00bb4_4&Prime; _builder_version=\u00a0\u00bb4.16&Prime; _module_preset=\u00a0\u00bbdefault\u00a0\u00bb global_colors_info=\u00a0\u00bb{}\u00a0\u00bb][et_pb_text admin_label=\u00a0\u00bbtitre\u00a0\u00bb _builder_version=\u00a0\u00bb4.16&Prime; _module_preset=\u00a0\u00bbdefault\u00a0\u00bb global_colors_info=\u00a0\u00bb{}\u00a0\u00bb]<\/p>\n<h1>Politique de cookies<\/h1>\n<p>[\/et_pb_text][et_pb_text _builder_version=\u00a0\u00bb4.16&Prime; _module_preset=\u00a0\u00bbdefault\u00a0\u00bb global_colors_info=\u00a0\u00bb{}\u00a0\u00bb]Les Cookies sont des traceurs d\u00e9pos\u00e9s et \/ ou lus sur votre \u00e9quipement terminal, par exemple, lors de la consultation d&rsquo;un site internet.<\/p>\n<p>Lors de votre premi\u00e8re connexion sur le Site, vous \u00eates inform\u00e9, par un bandeau d\u2019information, que certaines donn\u00e9es relatives \u00e0 votre navigation sont susceptibles d\u2019\u00eatre trait\u00e9es via des Cookies, et vous \u00eates inform\u00e9 des modalit\u00e9s de recueil de votre consentement \u00e0 cet effet.<\/p>\n<p>La pr\u00e9sente Politique de Cookies pr\u00e9cise les diff\u00e9rentes finalit\u00e9s li\u00e9es \u00e0 ces Cookies (1) et vous explique la d\u00e9marche \u00e0 suivre pour les param\u00e9trer (2). [\/et_pb_text][et_pb_text _builder_version=\u00a0\u00bb4.16&Prime; _module_preset=\u00a0\u00bbdefault\u00a0\u00bb global_colors_info=\u00a0\u00bb{}\u00a0\u00bb]<\/p>\n<h2>1. Les diff\u00e9rents Cookies pr\u00e9sents sur le Site<\/h2>\n<h3>Les Cookies tiers de mesure d\u2019audience<\/h3>\n<p>Ces Cookies sont utilis\u00e9s, le cas \u00e9ch\u00e9ant avec votre accord, afin d\u2019\u00e9valuer l\u2019utilisation du Site, en collectant des informations sur votre navigation. Ces informations sont collect\u00e9es afin d\u2019effectuer des mesures d\u2019audience, de statistiques, dans le but d\u2019am\u00e9liorer la qualit\u00e9 des services fournis par le Site.<\/p>\n<p>NEOWAVE utilise Google Analytics et Google Adwords pour collecter les informations sur l\u2019utilisation que vous avez du Site.<\/p>\n<p>Pour plus d\u2019information sur ces cookies, nous vous invitons \u00e0 prendre connaissance de leurs conditions d\u2019utilisation au lien suivant :<br \/> <a href=\"https:\/\/support.google.com\/analytics\/answer\/7108387?hl=fr\" target=\"_blank\" rel=\"noopener noreferrer\">https:\/\/support.google.com\/analytics\/answer\/7108387?hl=fr<\/a><br \/> En outre via votre navigateur, il vous est possible de g\u00e9rer et de d\u00e9sactiver ces Cookies directement via le lien suivant : <a href=\"https:\/\/tools.google.com\/dlpage\/gaoptout\" target=\"_blank\" rel=\"noopener noreferrer\">https:\/\/tools.google.com\/dlpage\/gaoptout<\/a><\/p>\n<h3>Les Cookies tiers de r\u00e9seaux sociaux<\/h3>\n<p>Ces Cookies sont appos\u00e9s sur le Site par des tiers et vous permettent, le cas \u00e9ch\u00e9ant avec votre accord, de nous suivre via nos pages sur les r\u00e9seaux sociaux.<\/p>\n<p>Sur le Site certains boutons de partage sont int\u00e9gr\u00e9s via des applications tierces pouvant \u00e9mettre ce type de Cookies :<\/p>\n<p>&nbsp;<\/p>\n<table border=\"30\" width=\"677\" height=\"223\">\n<tbody>\n<tr>\n<td style=\"width: 184px;\"><strong>Cat\u00e9gories de Cookies<\/strong><\/td>\n<td style=\"width: 419px;\"><strong>\u00a0 \u00a0 \u00a0 \u00a0 \u00a0 \u00a0 \u00a0 \u00a0 \u00a0 \u00a0 Information et gestion de ces Cookies<\/strong><\/td>\n<\/tr>\n<tr>\n<td style=\"width: 184px;\"><strong>Twitter<\/strong><\/td>\n<td style=\"width: 419px;\">https:\/\/twitter.com\/privacy?lang=fr<\/td>\n<\/tr>\n<tr>\n<td style=\"width: 184px;\"><strong>Youtube<\/strong><\/td>\n<td style=\"width: 419px;\">https:\/\/policies.google.com\/privacy?hl=fr&amp;gl=fr<\/td>\n<\/tr>\n<tr>\n<td style=\"width: 184px;\"><strong>Linkedin<\/strong><\/td>\n<td style=\"width: 419px;\">https:\/\/www.linkedin.com\/legal\/cookie-policy?_l=fr_FR<\/td>\n<\/tr>\n<\/tbody>\n<\/table>\n<p>[\/et_pb_text][et_pb_text _builder_version=\u00a0\u00bb4.19.2&Prime; _module_preset=\u00a0\u00bbdefault\u00a0\u00bb hover_enabled=\u00a0\u00bb0&Prime; global_colors_info=\u00a0\u00bb{}\u00a0\u00bb sticky_enabled=\u00a0\u00bb0&Prime;]<\/p>\n<h1>2. Comment param\u00e9trer les Cookies ?<\/h1>\n<p>Comme indiqu\u00e9 dans le bandeau d\u2019information relatif aux Cookies, lorsque vous poursuivez votre navigation sur les pages du Site, vous reconnaissez avoir express\u00e9ment donn\u00e9 votre consentement au d\u00e9p\u00f4t des cookies d\u00e9pos\u00e9s ou lus sur le Site.<\/p>\n<p>Vous \u00eates \u00e9galement libre d\u2019accepter ou de refuser tout ou partie des Cookies soumis \u00e0 votre consentement pr\u00e9alable via notre gestionnaire de Cookies.<\/p>\n<p>Dans les cas rappel\u00e9s ci-dessus, pour lesquels votre consentement est n\u00e9cessaire au d\u00e9p\u00f4t et\/ou \u00e0 la lecture des Cookies, votre accord n\u2019est valable que pour une dur\u00e9e de treize (13) mois \u00e0 compter du premier d\u00e9p\u00f4t dans votre \u00e9quipement terminal, sauf retrait de consentement de votre part ou exercice de votre droit d\u2019opposition. Une fois ce d\u00e9lai d\u00e9pass\u00e9, l\u2019accord sera le cas \u00e9ch\u00e9ant redemand\u00e9 lors d\u2019une visite ult\u00e9rieure sur le Site.<\/p>\n<p>Par ailleurs, la plupart des navigateurs sont configur\u00e9s par d\u00e9faut de fa\u00e7on \u00e0 ce que le d\u00e9p\u00f4t de cookies soit autoris\u00e9.<\/p>\n<p>Votre navigateur vous donne la possibilit\u00e9 de modifier ces param\u00e8tres standards, mais \u00e9galement de supprimer les cookies existants et d\u00e9pos\u00e9s sur votre \u00e9quipement terminal, ou de vous signaler si de nouveaux cookies sont susceptibles d\u2019\u00eatre d\u00e9pos\u00e9s sur votre terminal.<\/p>\n<p>Toutefois, si vous choisissez de d\u00e9sactiver les Cookies via votre navigateur, il est possible que cela affecte votre navigation sur le Site.<\/p>\n<p>Pour exprimer ou revenir sur vos choix, reportez-vous au menu d&rsquo;aide ou \u00e0 la rubrique d\u00e9di\u00e9e de votre navigateur. \u00c0 titre d\u2019exemple vous pouvez obtenir plus d\u2019information sur les pages suivantes :<\/p>\n<p>Pour Internet Explorer\u2122:\u00a0<a href=\"http:\/\/windows.microsoft.com\/fr-FR\/windows-vista\/Block-or-allow-cookies\" target=\"_blank\" rel=\"noopener\">http:\/\/windows.microsoft.com\/fr-FR\/windows-vista\/Block-or-allow-cookies<\/a><\/p>\n<p>Pour Safari\u2122:\u00a0<a href=\"http:\/\/support.apple.com\/kb\/ht1677?viewlocale=fr_FR\" target=\"_blank\" rel=\"noopener\">http:\/\/support.apple.com\/kb\/ht1677?viewlocale=fr_FR<\/a>,<\/p>\n<p>Pour Chrome\u2122:\u00a0<a href=\"https:\/\/support.google.com\/chrome\/answer\/95647?hl=fr\" target=\"_blank\" rel=\"noopener\">https:\/\/support.google.com\/chrome\/answer\/95647?hl=fr<\/a>,<\/p>\n<p>Pour Firefox\u2122 :\u00a0<a href=\"https:\/\/support.mozilla.org\/fr\/kb\/activer-desactiver-cookies\" target=\"_blank\" rel=\"noopener\">https:\/\/support.mozilla.org\/fr\/kb\/activer-desactiver-cookies<\/a>,<\/p>\n<p>Pour Opera\u2122 :\u00a0<a href=\"http:\/\/help.opera.com\/Windows\/10.20\/fr\/cookies.html\" target=\"_blank\" rel=\"noopener\">http:\/\/help.opera.com\/Windows\/10.20\/fr\/cookies.html<\/a>.<\/p>\n<p>Pour plus d\u2019informations sur les Cookies et vos droits, vous pouvez aussi consulter le site internet de la CNIL\u00a0: <a href=\"http:\/\/www.cnil.fr\/vos-libertes\/vos-traces\/les-cookies\/\" target=\"_blank\" rel=\"noopener\">http:\/\/www.cnil.fr\/vos-libertes\/vos-traces\/les-cookies\/<\/a><\/p>\n<p>&nbsp;<\/p>\n<p>[\/et_pb_text][\/et_pb_column][\/et_pb_row][\/et_pb_section]<\/p>\n","protected":false},"excerpt":{"rendered":"<p>Politique de cookiesLes Cookies sont des traceurs d\u00e9pos\u00e9s et \/ ou lus sur votre \u00e9quipement terminal, par exemple, lors de la consultation d&rsquo;un site internet. Lors de votre premi\u00e8re connexion sur le Site, vous \u00eates inform\u00e9, par un bandeau d\u2019information, que certaines donn\u00e9es relatives \u00e0 votre navigation sont susceptibles d\u2019\u00eatre trait\u00e9es via des Cookies, et [&hellip;]<\/p>\n","protected":false},"author":5,"featured_media":0,"parent":0,"menu_order":0,"comment_status":"closed","ping_status":"closed","template":"","meta":{"_acf_changed":false,"_et_pb_use_builder":"on","_et_pb_old_content":"","_et_gb_content_width":"","inline_featured_image":false,"footnotes":""},"class_list":["post-498","page","type-page","status-publish","hentry"],"acf":[],"_links":{"self":[{"href":"https:\/\/authentication-web.com\/en\/wp-json\/wp\/v2\/pages\/498","targetHints":{"allow":["GET"]}}],"collection":[{"href":"https:\/\/authentication-web.com\/en\/wp-json\/wp\/v2\/pages"}],"about":[{"href":"https:\/\/authentication-web.com\/en\/wp-json\/wp\/v2\/types\/page"}],"author":[{"embeddable":true,"href":"https:\/\/authentication-web.com\/en\/wp-json\/wp\/v2\/users\/5"}],"replies":[{"embeddable":true,"href":"https:\/\/authentication-web.com\/en\/wp-json\/wp\/v2\/comments?post=498"}],"version-history":[{"count":10,"href":"https:\/\/authentication-web.com\/en\/wp-json\/wp\/v2\/pages\/498\/revisions"}],"predecessor-version":[{"id":329872,"href":"https:\/\/authentication-web.com\/en\/wp-json\/wp\/v2\/pages\/498\/revisions\/329872"}],"wp:attachment":[{"href":"https:\/\/authentication-web.com\/en\/wp-json\/wp\/v2\/media?parent=498"}],"curies":[{"name":"wp","href":"https:\/\/api.w.org\/{rel}","templated":true}]}}