{"id":1388108,"date":"2026-02-02T15:22:32","date_gmt":"2026-02-02T14:22:32","guid":{"rendered":"https:\/\/authentication-web.com\/?post_type=product&#038;p=1388108"},"modified":"2026-04-03T15:58:22","modified_gmt":"2026-04-03T13:58:22","slug":"winkeo2j-c-fido2","status":"publish","type":"product","link":"https:\/\/authentication-web.com\/en\/product\/winkeo2j-c-fido2\/","title":{"rendered":"Winkeo2J-C FIDO2"},"content":{"rendered":"<p>[et_pb_section fb_built=\u00a0\u00bb1&Prime; _builder_version=\u00a0\u00bb4.16&Prime; custom_padding=\u00a0\u00bb0px||||false|false\u00a0\u00bb global_colors_info=\u00a0\u00bb{}\u00a0\u00bb][et_pb_row _builder_version=\u00a0\u00bb4.16&Prime; background_size=\u00a0\u00bbinitial\u00a0\u00bb background_position=\u00a0\u00bbtop_left\u00a0\u00bb background_repeat=\u00a0\u00bbrepeat\u00a0\u00bb width=\u00a0\u00bb100%\u00a0\u00bb custom_padding=\u00a0\u00bb0px||0px||false|false\u00a0\u00bb global_colors_info=\u00a0\u00bb{}\u00a0\u00bb][et_pb_column type=\u00a0\u00bb4_4&Prime; _builder_version=\u00a0\u00bb4.16&Prime; custom_padding=\u00a0\u00bb|||\u00a0\u00bb global_colors_info=\u00a0\u00bb{}\u00a0\u00bb custom_padding__hover=\u00a0\u00bb|||\u00a0\u00bb][et_pb_wc_breadcrumb product=\u00a0\u00bb1388108&Prime; _builder_version=\u00a0\u00bb4.27.5&Prime; global_colors_info=\u00a0\u00bb{}\u00a0\u00bb][\/et_pb_wc_breadcrumb][et_pb_wc_cart_notice _builder_version=\u00a0\u00bb4.16&Prime; global_colors_info=\u00a0\u00bb{}\u00a0\u00bb][\/et_pb_wc_cart_notice][\/et_pb_column][\/et_pb_row][et_pb_row column_structure=\u00a0\u00bb1_2,1_2&Prime; _builder_version=\u00a0\u00bb4.16&Prime; background_size=\u00a0\u00bbinitial\u00a0\u00bb background_position=\u00a0\u00bbtop_left\u00a0\u00bb background_repeat=\u00a0\u00bbrepeat\u00a0\u00bb width=\u00a0\u00bb100%\u00a0\u00bb custom_padding=\u00a0\u00bb0px||||false|false\u00a0\u00bb global_colors_info=\u00a0\u00bb{}\u00a0\u00bb][et_pb_column type=\u00a0\u00bb1_2&Prime; _builder_version=\u00a0\u00bb4.16&Prime; custom_padding=\u00a0\u00bb|||\u00a0\u00bb global_colors_info=\u00a0\u00bb{}\u00a0\u00bb custom_padding__hover=\u00a0\u00bb|||\u00a0\u00bb][et_pb_wc_images _builder_version=\u00a0\u00bb4.16&Prime; global_colors_info=\u00a0\u00bb{}\u00a0\u00bb][\/et_pb_wc_images][\/et_pb_column][et_pb_column type=\u00a0\u00bb1_2&Prime; _builder_version=\u00a0\u00bb4.16&Prime; custom_padding=\u00a0\u00bb|||\u00a0\u00bb global_colors_info=\u00a0\u00bb{}\u00a0\u00bb custom_padding__hover=\u00a0\u00bb|||\u00a0\u00bb][et_pb_wc_title _builder_version=\u00a0\u00bb4.16&Prime; global_colors_info=\u00a0\u00bb{}\u00a0\u00bb][\/et_pb_wc_title][et_pb_wc_rating _builder_version=\u00a0\u00bb4.16&Prime; global_colors_info=\u00a0\u00bb{}\u00a0\u00bb][\/et_pb_wc_rating][et_pb_wc_price _builder_version=\u00a0\u00bb4.16&Prime; global_colors_info=\u00a0\u00bb{}\u00a0\u00bb][\/et_pb_wc_price][et_pb_wc_add_to_cart _builder_version=\u00a0\u00bb4.19.5&Prime; global_colors_info=\u00a0\u00bb{}\u00a0\u00bb][\/et_pb_wc_add_to_cart][et_pb_wc_description _builder_version=\u00a0\u00bb4.16&Prime; global_colors_info=\u00a0\u00bb{}\u00a0\u00bb][\/et_pb_wc_description][et_pb_video src=\u00a0\u00bbhttps:\/\/www.youtube.com\/watch?v=XQjQU0OuLgI&#038;ab_channel=NEOWAVE\u00a0\u00bb disabled_on=\u00a0\u00bbon|on|on\u00a0\u00bb _builder_version=\u00a0\u00bb4.16&Prime; _module_preset=\u00a0\u00bbdefault\u00a0\u00bb disabled=\u00a0\u00bbon\u00a0\u00bb global_colors_info=\u00a0\u00bb{}\u00a0\u00bb][\/et_pb_video][et_pb_wc_meta show_categories=\u00a0\u00bboff\u00a0\u00bb _builder_version=\u00a0\u00bb4.16&Prime; global_colors_info=\u00a0\u00bb{}\u00a0\u00bb][\/et_pb_wc_meta][\/et_pb_column][\/et_pb_row][et_pb_row _builder_version=\u00a0\u00bb4.16&Prime; background_size=\u00a0\u00bbinitial\u00a0\u00bb background_position=\u00a0\u00bbtop_left\u00a0\u00bb background_repeat=\u00a0\u00bbrepeat\u00a0\u00bb width=\u00a0\u00bb100%\u00a0\u00bb global_colors_info=\u00a0\u00bb{}\u00a0\u00bb][et_pb_column type=\u00a0\u00bb4_4&Prime; _builder_version=\u00a0\u00bb4.16&Prime; custom_padding=\u00a0\u00bb|||\u00a0\u00bb global_colors_info=\u00a0\u00bb{}\u00a0\u00bb custom_padding__hover=\u00a0\u00bb|||\u00a0\u00bb][et_pb_wc_tabs _builder_version=\u00a0\u00bb4.16&Prime; global_colors_info=\u00a0\u00bb{}\u00a0\u00bb]\t\t\t\t\t[\/et_pb_wc_tabs][et_pb_wc_upsells columns_number=\u00a0\u00bb4&Prime; _builder_version=\u00a0\u00bb4.27.5&Prime; global_colors_info=\u00a0\u00bb{}\u00a0\u00bb][\/et_pb_wc_upsells][et_pb_wc_related_products _builder_version=\u00a0\u00bb4.16&Prime; global_colors_info=\u00a0\u00bb{}\u00a0\u00bb][\/et_pb_wc_related_products][\/et_pb_column][\/et_pb_row][\/et_pb_section]<\/p>\n","protected":false},"excerpt":{"rendered":"<h3>Description<\/h3>\n<p><strong>Winkeo2J-C FIDO2<\/strong> is a next-generation USB Type-C security key developed by NEOWAVE. Designed for strong authentication on the web and in the cloud, it is compatible with <strong>FIDO2 (CTAP 2.1) and FIDO U2F standards<\/strong>, and holds <strong>FIDO Level 1 certification<\/strong>. It offers maximum protection against phishing and credential theft, while ensuring simple, fast and reliable everyday use.<\/p>\n<p>Reference : 3 760 308 520 910<\/p>","protected":false},"featured_media":1386359,"comment_status":"open","ping_status":"closed","template":"","meta":{"_acf_changed":false,"_et_pb_use_builder":"on","_et_pb_old_content":"<h3>Fabrication \/ certification(s)<\/h3>\r\n<ul>\r\n \t<li>Elle est enti\u00e8rement fabriqu\u00e9e en France et est conforme aux exigences de s\u00e9curit\u00e9 europ\u00e9ennes. Elle a obtenu le \u00ab <a href=\"https:\/\/www.cybersecurity-label.eu\/\" target=\"_blank\" rel=\"noopener\">Label Cybersecurity Made in Europe<\/a>\u00a0\u00bb.<\/li>\r\n \t<li>Certifi\u00e9e FIDO L1<\/li>\r\n \t<li>Carte \u00e0 puce certifi\u00e9e Crit\u00e8res Communs EAL6+<\/li>\r\n<\/ul>\r\n<h3>Facile \u00e0 utiliser<\/h3>\r\nAucun logiciel \u00e0 installer sur votre poste.\r\n<h3>Solution ultra s\u00e9curis\u00e9e<\/h3>\r\n<ul>\r\n \t<li>Repose sur le principe de la cryptographie asym\u00e9trique avec la cr\u00e9ation d'une cl\u00e9 priv\u00e9e et d'une cl\u00e9 publique. La cl\u00e9 publique est stock\u00e9e sur le site web et est utilis\u00e9e pour chiffrer les fichiers. Seule la cl\u00e9 priv\u00e9e (secr\u00e8te) permet de d\u00e9chiffrer ces fichiers. <strong>La cl\u00e9 priv\u00e9e est stock\u00e9e sur la cl\u00e9 Winkeo2J-C FIDO2<\/strong> et ne la quitte jamais <strong>garantissant ainsi une s\u00e9curit\u00e9 optimale<\/strong>.<\/li>\r\n \t<li>En cas de vol du mot de passe ou de la cl\u00e9 publique, aucun risque, car il faut la cl\u00e9 priv\u00e9e pour s\u2019authentifier.<\/li>\r\n \t<li>Remplace les solutions vuln\u00e9rables \u00e0 base de SMS, ce qui garantit une protection efficace contre les attaques de type \u00ab phishing \u00bb.<\/li>\r\n<\/ul>\r\n<h3>Stockage de multiples identit\u00e9s<\/h3>\r\nStockage des identit\u00e9s sur carte \u00e0 puce certifi\u00e9e Crit\u00e8res Communs EAL6+\r\nPossibilit\u00e9 de stocker usqu\u2019\u00e0 1024 cr\u00e9dentiels pour FIDO2 et FIDO U2F\r\n<h3>Large compatibilit\u00e9<\/h3>\r\n<ul>\r\n \t<li><strong>De nombreux services compatibles FIDO2 :<\/strong> Windows 10 \/ 11 associ\u00e9 \u00e0 Microsoft Entra ID, Amazon, Gmail, Microsoft, Facebook, GitHub, Dropbox, Paypal, Linkedin... et des f\u00e9d\u00e9rations d\u2019identit\u00e9 telles qu\u2019Evidian, Ilex, Okta, Ping Identity, etc.<\/li>\r\n \t<li><strong>La cl\u00e9 Winkeo2J-C supporte \u00e9galement le standard FIDO U2F<\/strong> pour une authentification \u00e0 deux facteurs. Pr\u00e9conis\u00e9e en l'absence de d\u00e9ploiement des Passkeys sur le site ou l'application que vous souhaitez prot\u00e9ger.<\/li>\r\n \t<li><strong>Compatibilit\u00e9 \u00e9tendue (Salesforce, Office 365\u2026)<\/strong> \u00e0 travers des services de f\u00e9d\u00e9ration d\u2019identit\u00e9 (WebSSO)<\/li>\r\n<\/ul>\r\n<h3>Syst\u00e8mes d'exploitation et navigateurs support\u00e9s<\/h3>\r\n<ul>\r\n \t<li><strong>Syst\u00e8mes d'exploitation<\/strong> : Windows, Mac OS, Linux, Android, iOS<\/li>\r\n \t<li><strong>Navigateurs<\/strong> : Chrome, Edge, Firefox, Safari<\/li>\r\n<\/ul>\r\n<h3>Connectique<\/h3>\r\nConnectique USB-C avec carte \u00e0 puce prot\u00e9g\u00e9e des chocs m\u00e9caniques et \u00e9lectriques.\r\nBouton capacitif pour le test de pr\u00e9sence physique.\r\n<h3>Taille \/ poids<\/h3>\r\nLength 39.7 mm \/ Width 18 mm \/ Thickness 8.25 mm\r\nWeight 5 g","_et_gb_content_width":"","inline_featured_image":false},"product_brand":[],"product_cat":[16],"product_tag":[],"class_list":{"0":"post-1388108","1":"product","2":"type-product","3":"status-publish","4":"has-post-thumbnail","6":"product_cat-fido2","8":"first","9":"instock","10":"taxable","11":"shipping-taxable","12":"purchasable","13":"product-type-simple"},"acf":[],"_links":{"self":[{"href":"https:\/\/authentication-web.com\/en\/wp-json\/wp\/v2\/product\/1388108","targetHints":{"allow":["GET"]}}],"collection":[{"href":"https:\/\/authentication-web.com\/en\/wp-json\/wp\/v2\/product"}],"about":[{"href":"https:\/\/authentication-web.com\/en\/wp-json\/wp\/v2\/types\/product"}],"replies":[{"embeddable":true,"href":"https:\/\/authentication-web.com\/en\/wp-json\/wp\/v2\/comments?post=1388108"}],"wp:featuredmedia":[{"embeddable":true,"href":"https:\/\/authentication-web.com\/en\/wp-json\/wp\/v2\/media\/1386359"}],"wp:attachment":[{"href":"https:\/\/authentication-web.com\/en\/wp-json\/wp\/v2\/media?parent=1388108"}],"wp:term":[{"taxonomy":"product_brand","embeddable":true,"href":"https:\/\/authentication-web.com\/en\/wp-json\/wp\/v2\/product_brand?post=1388108"},{"taxonomy":"product_cat","embeddable":true,"href":"https:\/\/authentication-web.com\/en\/wp-json\/wp\/v2\/product_cat?post=1388108"},{"taxonomy":"product_tag","embeddable":true,"href":"https:\/\/authentication-web.com\/en\/wp-json\/wp\/v2\/product_tag?post=1388108"}],"curies":[{"name":"wp","href":"https:\/\/api.w.org\/{rel}","templated":true}]}}