{"id":1402468,"date":"2026-02-12T15:38:42","date_gmt":"2026-02-12T14:38:42","guid":{"rendered":"https:\/\/authentication-web.com\/?post_type=product&#038;p=1402468"},"modified":"2026-02-12T16:26:52","modified_gmt":"2026-02-12T15:26:52","slug":"badgeo-dual-fido2-otp","status":"publish","type":"product","link":"https:\/\/authentication-web.com\/en\/product\/badgeo-dual-fido2-otp\/","title":{"rendered":"Badgeo Dual FIDO2 + OTP"},"content":{"rendered":"<p>[et_pb_section fb_built=\u00a0\u00bb1&Prime; _builder_version=\u00a0\u00bb4.16&Prime; custom_padding=\u00a0\u00bb0px||||false|false\u00a0\u00bb global_colors_info=\u00a0\u00bb{}\u00a0\u00bb][et_pb_row _builder_version=\u00a0\u00bb4.16&Prime; background_size=\u00a0\u00bbinitial\u00a0\u00bb background_position=\u00a0\u00bbtop_left\u00a0\u00bb background_repeat=\u00a0\u00bbrepeat\u00a0\u00bb width=\u00a0\u00bb100%\u00a0\u00bb custom_padding=\u00a0\u00bb0px||0px||false|false\u00a0\u00bb global_colors_info=\u00a0\u00bb{}\u00a0\u00bb][et_pb_column type=\u00a0\u00bb4_4&Prime; _builder_version=\u00a0\u00bb4.16&Prime; custom_padding=\u00a0\u00bb|||\u00a0\u00bb global_colors_info=\u00a0\u00bb{}\u00a0\u00bb custom_padding__hover=\u00a0\u00bb|||\u00a0\u00bb][et_pb_wc_breadcrumb _builder_version=\u00a0\u00bb4.27.5&Prime; global_colors_info=\u00a0\u00bb{}\u00a0\u00bb][\/et_pb_wc_breadcrumb][et_pb_wc_cart_notice _builder_version=\u00a0\u00bb4.16&Prime; global_colors_info=\u00a0\u00bb{}\u00a0\u00bb][\/et_pb_wc_cart_notice][\/et_pb_column][\/et_pb_row][et_pb_row column_structure=\u00a0\u00bb1_2,1_2&Prime; _builder_version=\u00a0\u00bb4.16&Prime; background_size=\u00a0\u00bbinitial\u00a0\u00bb background_position=\u00a0\u00bbtop_left\u00a0\u00bb background_repeat=\u00a0\u00bbrepeat\u00a0\u00bb width=\u00a0\u00bb100%\u00a0\u00bb custom_padding=\u00a0\u00bb0px||||false|false\u00a0\u00bb global_colors_info=\u00a0\u00bb{}\u00a0\u00bb][et_pb_column type=\u00a0\u00bb1_2&Prime; _builder_version=\u00a0\u00bb4.16&Prime; custom_padding=\u00a0\u00bb|||\u00a0\u00bb global_colors_info=\u00a0\u00bb{}\u00a0\u00bb custom_padding__hover=\u00a0\u00bb|||\u00a0\u00bb][et_pb_wc_images _builder_version=\u00a0\u00bb4.16&Prime; global_colors_info=\u00a0\u00bb{}\u00a0\u00bb][\/et_pb_wc_images][\/et_pb_column][et_pb_column type=\u00a0\u00bb1_2&Prime; _builder_version=\u00a0\u00bb4.16&Prime; custom_padding=\u00a0\u00bb|||\u00a0\u00bb global_colors_info=\u00a0\u00bb{}\u00a0\u00bb custom_padding__hover=\u00a0\u00bb|||\u00a0\u00bb][et_pb_wc_title _builder_version=\u00a0\u00bb4.16&Prime; global_colors_info=\u00a0\u00bb{}\u00a0\u00bb][\/et_pb_wc_title][et_pb_wc_rating _builder_version=\u00a0\u00bb4.16&Prime; global_colors_info=\u00a0\u00bb{}\u00a0\u00bb][\/et_pb_wc_rating][et_pb_wc_price _builder_version=\u00a0\u00bb4.16&Prime; global_colors_info=\u00a0\u00bb{}\u00a0\u00bb][\/et_pb_wc_price][et_pb_wc_description _builder_version=\u00a0\u00bb4.16&Prime; global_colors_info=\u00a0\u00bb{}\u00a0\u00bb][\/et_pb_wc_description][et_pb_wc_add_to_cart _builder_version=\u00a0\u00bb4.16&Prime; global_colors_info=\u00a0\u00bb{}\u00a0\u00bb][\/et_pb_wc_add_to_cart][et_pb_wc_meta _builder_version=\u00a0\u00bb4.16&Prime; global_colors_info=\u00a0\u00bb{}\u00a0\u00bb][\/et_pb_wc_meta][\/et_pb_column][\/et_pb_row][et_pb_row _builder_version=\u00a0\u00bb4.16&Prime; background_size=\u00a0\u00bbinitial\u00a0\u00bb background_position=\u00a0\u00bbtop_left\u00a0\u00bb background_repeat=\u00a0\u00bbrepeat\u00a0\u00bb width=\u00a0\u00bb100%\u00a0\u00bb global_colors_info=\u00a0\u00bb{}\u00a0\u00bb][et_pb_column type=\u00a0\u00bb4_4&Prime; _builder_version=\u00a0\u00bb4.16&Prime; custom_padding=\u00a0\u00bb|||\u00a0\u00bb global_colors_info=\u00a0\u00bb{}\u00a0\u00bb custom_padding__hover=\u00a0\u00bb|||\u00a0\u00bb][et_pb_wc_tabs _builder_version=\u00a0\u00bb4.16&Prime; global_colors_info=\u00a0\u00bb{}\u00a0\u00bb] [\/et_pb_wc_tabs][et_pb_wc_upsells _builder_version=\u00a0\u00bb4.16&Prime; global_colors_info=\u00a0\u00bb{}\u00a0\u00bb][\/et_pb_wc_upsells][et_pb_wc_related_products _builder_version=\u00a0\u00bb4.16&Prime; global_colors_info=\u00a0\u00bb{}\u00a0\u00bb][\/et_pb_wc_related_products][\/et_pb_column][\/et_pb_row][\/et_pb_section]<\/p>\n","protected":false},"excerpt":{"rendered":"<p><strong>Badgeo Dual FIDO2 + OTP<\/strong> est une carte \u00e0 puce <strong>duale interface (contact et sans contact \/ NFC)<\/strong> d\u00e9di\u00e9e \u00e0 l\u2019authentification forte des acc\u00e8s Web et Cloud. Elle associe les standards <strong>FIDO2 (CTAP 2.1), FIDO U2F et OTP (HOTP \/ TOTP)<\/strong> pour des connexions s\u00e9curis\u00e9es, avec ou sans mot de passe, et b\u00e9n\u00e9ficie de la <strong>certification FIDO L1<\/strong>. Fabriqu\u00e9e en Europe, elle est <strong>labellis\u00e9e \u00ab\u00a0Cybersecurity Made in Europe\u00a0\u00bb<\/strong> et s\u2019adresse aux professionnels recherchant une solution de s\u00e9curit\u00e9 fiable, standardis\u00e9e et facile \u00e0 d\u00e9ployer.<\/p>\n<p>R\u00e9f\u00e9rence : 3 760 308 521 146<\/p>","protected":false},"featured_media":1402780,"comment_status":"open","ping_status":"closed","template":"","meta":{"_acf_changed":false,"_et_pb_use_builder":"on","_et_pb_old_content":"<strong>Badgeo Dual FIDO2 + OTP <\/strong>est une carte \u00e0 puce duale interface contact et sans contact \/ NFC <strong>100%<\/strong> <strong>fabriqu\u00e9e en Europe.<\/strong>\u00a0Elle permet aux utilisateurs de b\u00e9n\u00e9ficier de solutions de s\u00e9curit\u00e9 logique de haute qualit\u00e9.\r\n<h3>Fabrication \/ certification(s)<\/h3>\r\n<strong>Enti\u00e8rement con\u00e7ue et fabriqu\u00e9e en Europe<\/strong>, la carte <strong>Badgeo Dual FIDO2 + OTP<\/strong>\u00a0r\u00e9pond aux exigences de s\u00e9curit\u00e9 des agences europ\u00e9ennes. Elle est labellis\u00e9e <a href=\"https:\/\/www.cybersecurity-label.eu\/\" target=\"_blank\" rel=\"noopener\">\u00abCybersecurity Made in Europe\u00bb<\/a>, gage de qualit\u00e9 et de souverainet\u00e9 technologique. Cette carte est <strong>certifi\u00e9e FIDO L1<\/strong>.\r\n<h3>Facile \u00e0 utiliser<\/h3>\r\nAucune installation n\u00e9cessaire c\u00f4t\u00e9 client pour l\u2019usage FIDO : la solution est 100 % Plug &amp; Play.\r\n<h3>Carte \u00e0 puce<\/h3>\r\n<ul>\r\n \t<li>Micro SIM : ISO 7816 Java Card\u2122 certifi\u00e9e Crit\u00e8res Communs EAL6+<\/li>\r\n \t<li>Certifi\u00e9e Crit\u00e8res Communs EAL6+<\/li>\r\n \t<li>G\u00e9n\u00e9ration, gestion et stockage des credentials dans le composant carte \u00e0 puce<\/li>\r\n<\/ul>\r\n<h3>Solution ultra s\u00e9curis\u00e9e<\/h3>\r\n<ul>\r\n \t<li>La technologie FIDO2 de la Winkeo2J-C FIDO2 + OTP repose sur la\u00a0<strong>cryptographie asym\u00e9trique<\/strong>, avec la g\u00e9n\u00e9ration d\u2019une cl\u00e9 priv\u00e9e (confidentielle) et d\u2019une cl\u00e9 publique. La cl\u00e9 publique, utilis\u00e9e pour le chiffrement, est stock\u00e9e sur le web.\u00a0<strong>La cl\u00e9 priv\u00e9e<\/strong>, indispensable pour d\u00e9chiffrer et s\u2019authentifier,\u00a0<strong>est enregistr\u00e9e sur la cl\u00e9 de s\u00e9curit\u00e9 Winkeo2J-C FIDO2 + OTP et n\u2019en sort jamais<\/strong>, garantissant ainsi une protection maximale.<\/li>\r\n \t<li>En cas de vol de mot de passe, aucun risque : l\u2019authentification n\u00e9cessite la cl\u00e9 priv\u00e9e, rest\u00e9e prot\u00e9g\u00e9e dans le dispositif.<\/li>\r\n \t<li>Cette solution \u00e9limine les m\u00e9thodes vuln\u00e9rables comme les SMS et offre une r\u00e9sistance renforc\u00e9e contre le phishing.<\/li>\r\n<\/ul>\r\n<div class=\"et_pb_module et_pb_blurb et_pb_blurb_12 et_pb_text_align_left et_pb_blurb_position_left et_pb_bg_layout_light\">\r\n<div class=\"et_pb_blurb_content\"><\/div>\r\n<\/div>","_et_gb_content_width":"","inline_featured_image":false},"product_brand":[],"product_cat":[32],"product_tag":[],"class_list":{"0":"post-1402468","1":"product","2":"type-product","3":"status-publish","4":"has-post-thumbnail","6":"product_cat-fido2-otp","8":"first","9":"instock","10":"taxable","11":"shipping-taxable","12":"purchasable","13":"product-type-simple"},"acf":[],"_links":{"self":[{"href":"https:\/\/authentication-web.com\/en\/wp-json\/wp\/v2\/product\/1402468","targetHints":{"allow":["GET"]}}],"collection":[{"href":"https:\/\/authentication-web.com\/en\/wp-json\/wp\/v2\/product"}],"about":[{"href":"https:\/\/authentication-web.com\/en\/wp-json\/wp\/v2\/types\/product"}],"replies":[{"embeddable":true,"href":"https:\/\/authentication-web.com\/en\/wp-json\/wp\/v2\/comments?post=1402468"}],"wp:featuredmedia":[{"embeddable":true,"href":"https:\/\/authentication-web.com\/en\/wp-json\/wp\/v2\/media\/1402780"}],"wp:attachment":[{"href":"https:\/\/authentication-web.com\/en\/wp-json\/wp\/v2\/media?parent=1402468"}],"wp:term":[{"taxonomy":"product_brand","embeddable":true,"href":"https:\/\/authentication-web.com\/en\/wp-json\/wp\/v2\/product_brand?post=1402468"},{"taxonomy":"product_cat","embeddable":true,"href":"https:\/\/authentication-web.com\/en\/wp-json\/wp\/v2\/product_cat?post=1402468"},{"taxonomy":"product_tag","embeddable":true,"href":"https:\/\/authentication-web.com\/en\/wp-json\/wp\/v2\/product_tag?post=1402468"}],"curies":[{"name":"wp","href":"https:\/\/api.w.org\/{rel}","templated":true}]}}