{"id":183671,"date":"2026-01-29T12:02:39","date_gmt":"2026-01-29T11:02:39","guid":{"rendered":"https:\/\/authentification-web.fr\/?post_type=product&#038;p=183671"},"modified":"2026-04-28T09:26:13","modified_gmt":"2026-04-28T07:26:13","slug":"winkeo-c-fido2-2","status":"publish","type":"product","link":"https:\/\/authentication-web.com\/en\/product\/winkeo-c-fido2-2\/","title":{"rendered":"Winkeo-C FIDO2"},"content":{"rendered":"<p>[et_pb_section fb_built=\u00a0\u00bb1&Prime; _builder_version=\u00a0\u00bb4.16&Prime; custom_padding=\u00a0\u00bb0px||||false|false\u00a0\u00bb global_colors_info=\u00a0\u00bb{}\u00a0\u00bb][et_pb_row _builder_version=\u00a0\u00bb4.16&Prime; background_size=\u00a0\u00bbinitial\u00a0\u00bb background_position=\u00a0\u00bbtop_left\u00a0\u00bb background_repeat=\u00a0\u00bbrepeat\u00a0\u00bb width=\u00a0\u00bb100%\u00a0\u00bb custom_padding=\u00a0\u00bb0px||0px||false|false\u00a0\u00bb global_colors_info=\u00a0\u00bb{}\u00a0\u00bb][et_pb_column type=\u00a0\u00bb4_4&Prime; _builder_version=\u00a0\u00bb4.16&Prime; custom_padding=\u00a0\u00bb|||\u00a0\u00bb global_colors_info=\u00a0\u00bb{}\u00a0\u00bb custom_padding__hover=\u00a0\u00bb|||\u00a0\u00bb][et_pb_wc_breadcrumb _builder_version=\u00a0\u00bb4.16&Prime; global_colors_info=\u00a0\u00bb{}\u00a0\u00bb][\/et_pb_wc_breadcrumb][et_pb_wc_cart_notice _builder_version=\u00a0\u00bb4.16&Prime; global_colors_info=\u00a0\u00bb{}\u00a0\u00bb][\/et_pb_wc_cart_notice][\/et_pb_column][\/et_pb_row][et_pb_row column_structure=\u00a0\u00bb1_2,1_2&Prime; _builder_version=\u00a0\u00bb4.16&Prime; background_size=\u00a0\u00bbinitial\u00a0\u00bb background_position=\u00a0\u00bbtop_left\u00a0\u00bb background_repeat=\u00a0\u00bbrepeat\u00a0\u00bb width=\u00a0\u00bb100%\u00a0\u00bb custom_padding=\u00a0\u00bb0px||||false|false\u00a0\u00bb global_colors_info=\u00a0\u00bb{}\u00a0\u00bb][et_pb_column type=\u00a0\u00bb1_2&Prime; _builder_version=\u00a0\u00bb4.16&Prime; custom_padding=\u00a0\u00bb|||\u00a0\u00bb global_colors_info=\u00a0\u00bb{}\u00a0\u00bb custom_padding__hover=\u00a0\u00bb|||\u00a0\u00bb][et_pb_wc_images _builder_version=\u00a0\u00bb4.16&Prime; global_colors_info=\u00a0\u00bb{}\u00a0\u00bb][\/et_pb_wc_images][\/et_pb_column][et_pb_column type=\u00a0\u00bb1_2&Prime; _builder_version=\u00a0\u00bb4.16&Prime; custom_padding=\u00a0\u00bb|||\u00a0\u00bb global_colors_info=\u00a0\u00bb{}\u00a0\u00bb custom_padding__hover=\u00a0\u00bb|||\u00a0\u00bb][et_pb_wc_title _builder_version=\u00a0\u00bb4.16&Prime; global_colors_info=\u00a0\u00bb{}\u00a0\u00bb][\/et_pb_wc_title][et_pb_wc_rating _builder_version=\u00a0\u00bb4.16&Prime; global_colors_info=\u00a0\u00bb{}\u00a0\u00bb][\/et_pb_wc_rating][et_pb_wc_price _builder_version=\u00a0\u00bb4.16&Prime; global_colors_info=\u00a0\u00bb{}\u00a0\u00bb][\/et_pb_wc_price][et_pb_wc_add_to_cart _builder_version=\u00a0\u00bb4.16&Prime; global_colors_info=\u00a0\u00bb{}\u00a0\u00bb][\/et_pb_wc_add_to_cart][et_pb_wc_description _builder_version=\u00a0\u00bb4.16&Prime; global_colors_info=\u00a0\u00bb{}\u00a0\u00bb][\/et_pb_wc_description][et_pb_wc_meta _builder_version=\u00a0\u00bb4.16&Prime; global_colors_info=\u00a0\u00bb{}\u00a0\u00bb][\/et_pb_wc_meta][\/et_pb_column][\/et_pb_row][et_pb_row _builder_version=\u00a0\u00bb4.16&Prime; background_size=\u00a0\u00bbinitial\u00a0\u00bb background_position=\u00a0\u00bbtop_left\u00a0\u00bb background_repeat=\u00a0\u00bbrepeat\u00a0\u00bb width=\u00a0\u00bb100%\u00a0\u00bb global_colors_info=\u00a0\u00bb{}\u00a0\u00bb][et_pb_column type=\u00a0\u00bb4_4&Prime; _builder_version=\u00a0\u00bb4.16&Prime; custom_padding=\u00a0\u00bb|||\u00a0\u00bb global_colors_info=\u00a0\u00bb{}\u00a0\u00bb custom_padding__hover=\u00a0\u00bb|||\u00a0\u00bb][et_pb_wc_tabs product=\u00a0\u00bb183671&Prime; include_tabs_last_edited=\u00a0\u00bboff|desktop\u00a0\u00bb _builder_version=\u00a0\u00bb4.22.0&Prime; global_colors_info=\u00a0\u00bb{}\u00a0\u00bb]\t\t\t\t\t[\/et_pb_wc_tabs][et_pb_wc_upsells _builder_version=\u00a0\u00bb4.16&Prime; global_colors_info=\u00a0\u00bb{}\u00a0\u00bb][\/et_pb_wc_upsells][et_pb_wc_related_products _builder_version=\u00a0\u00bb4.16&Prime; global_colors_info=\u00a0\u00bb{}\u00a0\u00bb][\/et_pb_wc_related_products][\/et_pb_column][\/et_pb_row][\/et_pb_section]<\/p>\n","protected":false},"excerpt":{"rendered":"<h3>Description<\/h3>\n<p>Winkeo-C FIDO2 is a Type-C security USB key based on the FIDO2 protocol and Passkey technology for passwordless authentication. It thus offers reinforced authentication for online services and applications, both on fixed terminals and mobile devices (PC, tablet and smartphone).<\/p>\n<p>Reference: 3760308520200<\/p>","protected":false},"featured_media":758188,"comment_status":"open","ping_status":"closed","template":"","meta":{"_acf_changed":false,"_et_pb_use_builder":"on","_et_pb_old_content":"<h3>Fabrication \/ certification(s)<\/h3>\r\n<ul>\r\n \t<li>Elle est enti\u00e8rement fabriqu\u00e9e en France et est conforme aux exigences de s\u00e9curit\u00e9 europ\u00e9ennes. Elle a obtenu le \u00ab <a href=\"https:\/\/www.cybersecurity-label.eu\/\" target=\"_blank\" rel=\"noopener\">Label Cybersecurity Made in Europe<\/a>\u00a0\u00bb.<\/li>\r\n \t<li>Elle a \u00e9galement re\u00e7u le <a href=\"https:\/\/www.ssi.gouv.fr\/entreprise\/certification_cspn\/winkeo-fido2-version-1-4-9\/\" target=\"_blank\" rel=\"noopener\">Visa de s\u00e9curit\u00e9<\/a> en 2022 (Certificat ANSSI-CSPN-2022\/06). En outre, elle est qualifi\u00e9e par <a href=\"https:\/\/learn.microsoft.com\/en-us\/azure\/active-directory\/authentication\/concept-authentication-passwordless#fido2-security-key-providers\" target=\"_blank\" rel=\"noopener\">Microsoft<\/a>\u00a0et int\u00e9gr\u00e9e nativement dans l\u2019environnement Microsoft.<\/li>\r\n<\/ul>\r\n<h3>Facile \u00e0 utiliser<\/h3>\r\nAucun logiciel \u00e0 installer sur votre poste.\r\n<h3>Solution ultra s\u00e9curis\u00e9e<\/h3>\r\n<ul>\r\n \t<li>Repose sur le principe de la cryptographie asym\u00e9trique avec la cr\u00e9ation d'une cl\u00e9 priv\u00e9e et d'une cl\u00e9 publique. La cl\u00e9 publique est stock\u00e9e sur le site web et est utilis\u00e9e pour chiffrer les fichiers. Seule la cl\u00e9 priv\u00e9e (secr\u00e8te) permet de d\u00e9chiffrer ces fichiers. La cl\u00e9 priv\u00e9e est stock\u00e9e sur la cl\u00e9 Winkeo-C FIDO2 et ne la quitte jamais garantissant ainsi une s\u00e9curit\u00e9 optimale.<\/li>\r\n \t<li>En cas de vol du mot de passe ou de la cl\u00e9 publique, aucun risque, car il faut la cl\u00e9 priv\u00e9e pour s\u2019authentifier.<\/li>\r\n \t<li>Remplace les solutions vuln\u00e9rables \u00e0 base de SMS, OTP (One Time Password) ou TOTP (Time Based One Password), ce qui garantit une protection efficace contre les attaques de type \u00ab phishing \u00bb.<\/li>\r\n<\/ul>\r\n<h3>Stockage de multiples identit\u00e9s<\/h3>\r\nStockage des identit\u00e9s sur carte \u00e0 puce certifi\u00e9e Crit\u00e8res Communs EAL5+\r\nPossibilit\u00e9 de stocker usqu\u2019\u00e0 1024 cr\u00e9dentiels pour FIDO2 et FIDO U2F\r\n<h3>Large compatibilit\u00e9<\/h3>\r\n<ul>\r\n \t<li><strong>De nombreux services compatibles FIDO2 :<\/strong> Windows 10 \/ 11 associ\u00e9 \u00e0 Microsoft Entra ID, Amazon, Gmail, Microsoft, Facebook, GitHub, Dropbox, Paypal, Linkedin... et des f\u00e9d\u00e9rations d\u2019identit\u00e9 telles qu\u2019Evidian, Ilex, Okta, Ping Identity, etc.<\/li>\r\n \t<li><strong>La cl\u00e9 Winkeo-C supporte \u00e9galement le standard FIDO U2F<\/strong> pour une authentification \u00e0 deux facteurs. Pr\u00e9conis\u00e9e en l'absence de d\u00e9ploiement des Passkeys sur le site ou l'application que vous souhaitez prot\u00e9ger.<\/li>\r\n \t<li><strong>Compatibilit\u00e9 \u00e9tendue (Salesforce, Office 365\u2026)<\/strong> \u00e0 travers des services de f\u00e9d\u00e9ration d\u2019identit\u00e9 (WebSSO)<\/li>\r\n<\/ul>\r\n<h3>Syst\u00e8mes d'exploitation et navigateurs support\u00e9s<\/h3>\r\n<ul>\r\n \t<li><strong>Syst\u00e8mes d'exploitation<\/strong> : Windows, Mac OS, Linux, Android, iOS<\/li>\r\n \t<li><strong>Navigateurs<\/strong> : Chrome, Edge, Firefox, Safari<\/li>\r\n<\/ul>\r\n<h3>Connectique<\/h3>\r\nConnectique USB-C avec carte \u00e0 puce prot\u00e9g\u00e9e des chocs m\u00e9caniques et \u00e9lectriques.\r\nBouton capacitif pour le test de pr\u00e9sence physique.\r\n<h3>Taille \/ poids<\/h3>\r\nTaille : longueur 23,5 mm (26,1 mm avec capuchon) \/ largeur 14,4 mm \/ hauteur 6,5 mm\r\nPoids : 3 g","_et_gb_content_width":"","inline_featured_image":false},"product_brand":[],"product_cat":[16],"product_tag":[],"class_list":{"0":"post-183671","1":"product","2":"type-product","3":"status-publish","4":"has-post-thumbnail","6":"product_cat-fido2","8":"first","9":"instock","10":"taxable","11":"shipping-taxable","12":"purchasable","13":"product-type-simple"},"acf":[],"_links":{"self":[{"href":"https:\/\/authentication-web.com\/en\/wp-json\/wp\/v2\/product\/183671","targetHints":{"allow":["GET"]}}],"collection":[{"href":"https:\/\/authentication-web.com\/en\/wp-json\/wp\/v2\/product"}],"about":[{"href":"https:\/\/authentication-web.com\/en\/wp-json\/wp\/v2\/types\/product"}],"replies":[{"embeddable":true,"href":"https:\/\/authentication-web.com\/en\/wp-json\/wp\/v2\/comments?post=183671"}],"wp:featuredmedia":[{"embeddable":true,"href":"https:\/\/authentication-web.com\/en\/wp-json\/wp\/v2\/media\/758188"}],"wp:attachment":[{"href":"https:\/\/authentication-web.com\/en\/wp-json\/wp\/v2\/media?parent=183671"}],"wp:term":[{"taxonomy":"product_brand","embeddable":true,"href":"https:\/\/authentication-web.com\/en\/wp-json\/wp\/v2\/product_brand?post=183671"},{"taxonomy":"product_cat","embeddable":true,"href":"https:\/\/authentication-web.com\/en\/wp-json\/wp\/v2\/product_cat?post=183671"},{"taxonomy":"product_tag","embeddable":true,"href":"https:\/\/authentication-web.com\/en\/wp-json\/wp\/v2\/product_tag?post=183671"}],"curies":[{"name":"wp","href":"https:\/\/api.w.org\/{rel}","templated":true}]}}