{"id":241450,"date":"2022-08-12T06:53:30","date_gmt":"2022-08-12T04:53:30","guid":{"rendered":"https:\/\/authentification-web.fr\/?post_type=product&#038;p=241450"},"modified":"2025-12-01T21:25:15","modified_gmt":"2025-12-01T20:25:15","slug":"linkeoa-nfc","status":"publish","type":"product","link":"https:\/\/authentication-web.com\/en\/product\/linkeoa-nfc\/","title":{"rendered":"LinkeoA-NFC"},"content":{"rendered":"<p>[et_pb_section fb_built=\u00a0\u00bb1&Prime; _builder_version=\u00a0\u00bb4.16&Prime; custom_padding=\u00a0\u00bb0px||||false|false\u00a0\u00bb global_colors_info=\u00a0\u00bb{}\u00a0\u00bb][et_pb_row _builder_version=\u00a0\u00bb4.16&Prime; background_size=\u00a0\u00bbinitial\u00a0\u00bb background_position=\u00a0\u00bbtop_left\u00a0\u00bb background_repeat=\u00a0\u00bbrepeat\u00a0\u00bb width=\u00a0\u00bb100%\u00a0\u00bb custom_padding=\u00a0\u00bb0px||0px||false|false\u00a0\u00bb global_colors_info=\u00a0\u00bb{}\u00a0\u00bb][et_pb_column type=\u00a0\u00bb4_4&Prime; _builder_version=\u00a0\u00bb4.16&Prime; custom_padding=\u00a0\u00bb|||\u00a0\u00bb global_colors_info=\u00a0\u00bb{}\u00a0\u00bb custom_padding__hover=\u00a0\u00bb|||\u00a0\u00bb][et_pb_wc_breadcrumb _builder_version=\u00a0\u00bb4.16&Prime; global_colors_info=\u00a0\u00bb{}\u00a0\u00bb][\/et_pb_wc_breadcrumb][et_pb_wc_cart_notice _builder_version=\u00a0\u00bb4.16&Prime; global_colors_info=\u00a0\u00bb{}\u00a0\u00bb][\/et_pb_wc_cart_notice][\/et_pb_column][\/et_pb_row][et_pb_row column_structure=\u00a0\u00bb1_2,1_2&Prime; _builder_version=\u00a0\u00bb4.16&Prime; background_size=\u00a0\u00bbinitial\u00a0\u00bb background_position=\u00a0\u00bbtop_left\u00a0\u00bb background_repeat=\u00a0\u00bbrepeat\u00a0\u00bb width=\u00a0\u00bb100%\u00a0\u00bb custom_padding=\u00a0\u00bb0px||||false|false\u00a0\u00bb global_colors_info=\u00a0\u00bb{}\u00a0\u00bb][et_pb_column type=\u00a0\u00bb1_2&Prime; _builder_version=\u00a0\u00bb4.16&Prime; custom_padding=\u00a0\u00bb|||\u00a0\u00bb global_colors_info=\u00a0\u00bb{}\u00a0\u00bb custom_padding__hover=\u00a0\u00bb|||\u00a0\u00bb][et_pb_wc_images _builder_version=\u00a0\u00bb4.16&Prime; global_colors_info=\u00a0\u00bb{}\u00a0\u00bb][\/et_pb_wc_images][\/et_pb_column][et_pb_column type=\u00a0\u00bb1_2&Prime; _builder_version=\u00a0\u00bb4.16&Prime; custom_padding=\u00a0\u00bb|||\u00a0\u00bb global_colors_info=\u00a0\u00bb{}\u00a0\u00bb custom_padding__hover=\u00a0\u00bb|||\u00a0\u00bb][et_pb_wc_title _builder_version=\u00a0\u00bb4.16&Prime; global_colors_info=\u00a0\u00bb{}\u00a0\u00bb][\/et_pb_wc_title][et_pb_wc_rating _builder_version=\u00a0\u00bb4.16&Prime; global_colors_info=\u00a0\u00bb{}\u00a0\u00bb][\/et_pb_wc_rating][et_pb_wc_price _builder_version=\u00a0\u00bb4.16&Prime; global_colors_info=\u00a0\u00bb{}\u00a0\u00bb][\/et_pb_wc_price][et_pb_wc_description _builder_version=\u00a0\u00bb4.16&Prime; global_colors_info=\u00a0\u00bb{}\u00a0\u00bb][\/et_pb_wc_description][et_pb_video src=\u00a0\u00bbhttps:\/\/www.youtube.com\/watch?v=XQjQU0OuLgI&#038;ab_channel=NEOWAVE\u00a0\u00bb disabled_on=\u00a0\u00bbon|on|on\u00a0\u00bb _builder_version=\u00a0\u00bb4.16&Prime; _module_preset=\u00a0\u00bbdefault\u00a0\u00bb disabled=\u00a0\u00bbon\u00a0\u00bb global_colors_info=\u00a0\u00bb{}\u00a0\u00bb][\/et_pb_video][et_pb_wc_add_to_cart _builder_version=\u00a0\u00bb4.19.5&Prime; global_colors_info=\u00a0\u00bb{}\u00a0\u00bb][\/et_pb_wc_add_to_cart][et_pb_wc_meta show_categories=\u00a0\u00bboff\u00a0\u00bb _builder_version=\u00a0\u00bb4.16&Prime; global_colors_info=\u00a0\u00bb{}\u00a0\u00bb][\/et_pb_wc_meta][\/et_pb_column][\/et_pb_row][et_pb_row _builder_version=\u00a0\u00bb4.16&Prime; background_size=\u00a0\u00bbinitial\u00a0\u00bb background_position=\u00a0\u00bbtop_left\u00a0\u00bb background_repeat=\u00a0\u00bbrepeat\u00a0\u00bb width=\u00a0\u00bb100%\u00a0\u00bb global_colors_info=\u00a0\u00bb{}\u00a0\u00bb][et_pb_column type=\u00a0\u00bb4_4&Prime; _builder_version=\u00a0\u00bb4.16&Prime; custom_padding=\u00a0\u00bb|||\u00a0\u00bb global_colors_info=\u00a0\u00bb{}\u00a0\u00bb custom_padding__hover=\u00a0\u00bb|||\u00a0\u00bb][et_pb_wc_tabs include_tabs=\u00a0\u00bbdescription||reviews\u00a0\u00bb _builder_version=\u00a0\u00bb4.23.1&Prime; global_colors_info=\u00a0\u00bb{}\u00a0\u00bb]\t\t\t\t\t[\/et_pb_wc_tabs][et_pb_wc_upsells _builder_version=\u00a0\u00bb4.16&Prime; global_colors_info=\u00a0\u00bb{}\u00a0\u00bb][\/et_pb_wc_upsells][et_pb_wc_related_products _builder_version=\u00a0\u00bb4.16&Prime; global_colors_info=\u00a0\u00bb{}\u00a0\u00bb][\/et_pb_wc_related_products][\/et_pb_column][\/et_pb_row][\/et_pb_section]<\/p>\n","protected":false},"excerpt":{"rendered":"<p>The LinkeoA-NFC is a simple and efficient tabletop NFC contactless reader. It complies with the PC\/SC CCID standard for very simple installation in an office environment. It enables easy and reliable reading of RFID \/ NFC cards and tags. Simple and practical to use, it has already proven itself in numerous NFC applications. Based on ISO14443 contactless communication technology operating at 13.56MHz, it supports compatible ISO14443 standard type A and B cards, as well as MIFARE, DESFire, NFC and FeliCa tags.<\/p>\n<p>&nbsp;<\/p>\n<h3>The main advantages of LinkeoA-NFC:<\/h3>\n<ul>\n<li><span class=\"a-list-item\">Supported cards: ISO 14443 Type A and B \/ MIFARE, DESFire \/ Felica \/ NFC cards (the 4 types)<\/span><\/li>\n<li>Plug and Play (USB PC\/SC CCID): No drivers needed on Windows, OS X, Linux or Android<\/li>\n<li>Installation space compatible with ID-1 cards (86x54mm)<\/li>\n<li>Ideal for online transactions<\/li>\n<li>Multiple NFC applications: ticketing, transport, e-government, e-banking, e-payment, e-health, PKI (Public Key Infrastructure), logical security, network access control, physical access control, loyalty...<\/li>\n<\/ul>","protected":false},"featured_media":783346,"comment_status":"open","ping_status":"closed","template":"","meta":{"_acf_changed":false,"_et_pb_use_builder":"on","_et_pb_old_content":"<h3>Facile \u00e0 utiliser<\/h3>\r\nGr\u00e2ce \u00e0 sa compatibilit\u00e9 PC\/SC CCID, il peut \u00eatre facilement install\u00e9, mis en \u0153uvre et int\u00e9gr\u00e9 dans un environnement PC.\r\n<h3>Cartes support\u00e9es<\/h3>\r\n<ul>\r\n \t<li>Cartes ISO 14443 Type A et B<\/li>\r\n \t<li>MIFARE, DESFire<\/li>\r\n \t<li>Felica<\/li>\r\n \t<li>NFC (les 4 types)<\/li>\r\n<\/ul>\r\n<h3>Applications<\/h3>\r\n<ul>\r\n \t<li>Facilite la mise en \u0153uvre de solutions de d\u00e9mat\u00e9rialisation pour de multiples applications NFC<\/li>\r\n \t<li>Adapt\u00e9 pour des applications NFC telles que les applications ticketing, transport, e-government, e-banking, e-paiement, e-sant\u00e9, PKI (Public Key Infrastructure), s\u00e9curit\u00e9 logique, contr\u00f4le d\u2019acc\u00e8s r\u00e9seau, contr\u00f4le d\u2019acc\u00e8s physique, fid\u00e9lit\u00e9\u2026<\/li>\r\n<\/ul>\r\n<h3>Syst\u00e8mes d'exploitation support\u00e9s<\/h3>\r\n<ul>\r\n \t<li><strong>Syst\u00e8mes d'exploitation<\/strong> : Microsoft Windows, Linux, MacOS et Android<\/li>\r\n<\/ul>\r\n<h3>Caract\u00e9ristiques<\/h3>\r\n<ul>\r\n \t<li>ISO\/IEC 18092<\/li>\r\n \t<li>T=CL (13,56 Mhz)<\/li>\r\n \t<li>PC\/SC<\/li>\r\n \t<li>Microsoft WHQL<\/li>\r\n \t<li>Rohs<\/li>\r\n \t<li>LED bicolore<\/li>\r\n \t<li>Consommation : 200mA (max)<\/li>\r\n \t<li>Plage de temp\u00e9rature de fonctionnement : 0\u00b0c \u00e0 50\u00b0C<\/li>\r\n \t<li>Taux d\u2019humidit\u00e9 relative : 10% \u00e0 80%<\/li>\r\n<\/ul>\r\n<h3>Connectique<\/h3>\r\nConnectique USB Type-A\r\n<h3>Taille \/ Poids<\/h3>\r\nLongueur : 98 mm \/ Largeur : 65 mm \/ Epaisseur : 12,8 mm \/ Poids : 81 g \/ Couleur : noir \/ Longueur du cable : 1 m","_et_gb_content_width":"","inline_featured_image":false},"product_brand":[],"product_cat":[26],"product_tag":[],"class_list":{"0":"post-241450","1":"product","2":"type-product","3":"status-publish","4":"has-post-thumbnail","6":"product_cat-lecteurs","8":"first","9":"instock","10":"taxable","11":"shipping-taxable","12":"purchasable","13":"product-type-simple"},"acf":[],"_links":{"self":[{"href":"https:\/\/authentication-web.com\/en\/wp-json\/wp\/v2\/product\/241450","targetHints":{"allow":["GET"]}}],"collection":[{"href":"https:\/\/authentication-web.com\/en\/wp-json\/wp\/v2\/product"}],"about":[{"href":"https:\/\/authentication-web.com\/en\/wp-json\/wp\/v2\/types\/product"}],"replies":[{"embeddable":true,"href":"https:\/\/authentication-web.com\/en\/wp-json\/wp\/v2\/comments?post=241450"}],"wp:featuredmedia":[{"embeddable":true,"href":"https:\/\/authentication-web.com\/en\/wp-json\/wp\/v2\/media\/783346"}],"wp:attachment":[{"href":"https:\/\/authentication-web.com\/en\/wp-json\/wp\/v2\/media?parent=241450"}],"wp:term":[{"taxonomy":"product_brand","embeddable":true,"href":"https:\/\/authentication-web.com\/en\/wp-json\/wp\/v2\/product_brand?post=241450"},{"taxonomy":"product_cat","embeddable":true,"href":"https:\/\/authentication-web.com\/en\/wp-json\/wp\/v2\/product_cat?post=241450"},{"taxonomy":"product_tag","embeddable":true,"href":"https:\/\/authentication-web.com\/en\/wp-json\/wp\/v2\/product_tag?post=241450"}],"curies":[{"name":"wp","href":"https:\/\/api.w.org\/{rel}","templated":true}]}}