{"id":205,"date":"2020-04-20T09:38:41","date_gmt":"2020-04-20T07:38:41","guid":{"rendered":"https:\/\/authentification-web.fr\/?page_id=205"},"modified":"2024-10-08T15:29:20","modified_gmt":"2024-10-08T13:29:20","slug":"cgv","status":"publish","type":"page","link":"https:\/\/authentication-web.com\/fr\/cgv\/","title":{"rendered":"Conditions g\u00e9n\u00e9rales de vente"},"content":{"rendered":"<p>[et_pb_section fb_built=\u00a0\u00bb1&Prime; _builder_version=\u00a0\u00bb4.16&Prime; global_colors_info=\u00a0\u00bb{}\u00a0\u00bb][et_pb_row _builder_version=\u00a0\u00bb4.16&Prime; global_colors_info=\u00a0\u00bb{}\u00a0\u00bb][et_pb_column type=\u00a0\u00bb4_4&Prime; _builder_version=\u00a0\u00bb4.16&Prime; global_colors_info=\u00a0\u00bb{}\u00a0\u00bb][et_pb_text _builder_version=\u00a0\u00bb4.16&Prime; _module_preset=\u00a0\u00bbdefault\u00a0\u00bb global_colors_info=\u00a0\u00bb{}\u00a0\u00bb]<\/p>\n<h1>Conditions g\u00e9n\u00e9rales de vente<\/h1>\n<p>[\/et_pb_text][et_pb_text _builder_version=\u00a0\u00bb4.16&Prime; hover_enabled=\u00a0\u00bb0&Prime; global_colors_info=\u00a0\u00bb{}\u00a0\u00bb sticky_enabled=\u00a0\u00bb0&Prime;]<\/p>\n<h2>1. Objet<\/h2>\n<p>Le site internet <a href=\"https:\/\/authentication-web.com\">https:\/\/authentication-web.com<\/a> est \u00e9dit\u00e9 par la soci\u00e9t\u00e9 NEOWAVE, immatricul\u00e9e au registre du commerce d\u2019Aix en Provence sous le num\u00e9ro 498 722 057, ayant son si\u00e8ge social au P\u00f4le d\u2019Activit\u00e9s Y. Morandat, 1480 Avenue d\u2019Arm\u00e9nie, 13120 Gardanne.<\/p>\n<p>Les pr\u00e9sentes conditions g\u00e9n\u00e9rales de vente r\u00e9gissent les relations entre la soci\u00e9t\u00e9 NEOWAVE et toute personne physique ou morale (ci-apr\u00e8s d\u00e9nomm\u00e9e \u00ab\u00a0l&rsquo;acheteur\u00a0\u00bb) ayant effectu\u00e9 un achat sur le site <a href=\"https:\/\/authentication-web.com\">https:\/\/authentication-web.com<\/a>. Tout achat sur le site\u00a0<a href=\"https:\/\/authentication-web.com\">https:\/\/authentication-web.com<\/a>\u00a0(ci-apr\u00e8s le \u00ab\u00a0Site\u00a0\u00bb) implique donc l&rsquo;adh\u00e9sion sans r\u00e9serve de l&rsquo;acheteur aux pr\u00e9sentes conditions g\u00e9n\u00e9rales de vente.<\/p>\n<p>[\/et_pb_text][et_pb_text _builder_version=\u00a0\u00bb4.16&Prime; hover_enabled=\u00a0\u00bb0&Prime; global_colors_info=\u00a0\u00bb{}\u00a0\u00bb sticky_enabled=\u00a0\u00bb0&Prime;]<\/p>\n<h2>2. Caract\u00e9ristiques des biens propos\u00e9s<\/h2>\n<p>Les produits propos\u00e9s sont ceux qui figurent sur le Site <a href=\"https:\/\/authentication-web.com\" target=\"_blank\" rel=\"noopener noreferrer\">https:\/\/authentication-web.com<\/a>.<\/p>\n<p>[\/et_pb_text][et_pb_text _builder_version=\u00a0\u00bb4.27.2&Prime; hover_enabled=\u00a0\u00bb0&Prime; global_colors_info=\u00a0\u00bb{}\u00a0\u00bb sticky_enabled=\u00a0\u00bb0&Prime;]<\/p>\n<h2>3. Prix et frais de port<\/h2>\n<p>Le prix de vente applicable est celui indiqu\u00e9 sur le Site. Les prix des produits vendus sont ceux en vigueur au jour de la prise de commande. Ils sont indiqu\u00e9s en euros toutes taxes comprises. Ils seront major\u00e9s des frais de transport applicables au jour de la commande. La soci\u00e9t\u00e9 NEOWAVE s&rsquo;accorde le droit de modifier ses tarifs \u00e0 tout moment. Toutefois, elle s&rsquo;engage \u00e0 facturer les marchandises command\u00e9es aux prix indiqu\u00e9s lors de l&rsquo;enregistrement de la commande.<\/p>\n<p>Les frais de port sont indiqu\u00e9s lors du processus de commande et pr\u00e9alablement \u00e0 votre confirmation de commande.<\/p>\n<p>Les tarifs de livraison sont de 8,40 \u20ac TTC pour des commandes inf\u00e9rieures \u00e0 40 \u20ac TTC. Pour des commandes de 40 \u20ac TTC ou plus, les frais de livraison sont offerts.<\/p>\n<p>Nous livrons en France M\u00e9tropolitaine et en Corse par Colissimo.\u00a0Pour toute demande de livraison \u00e0 l&rsquo;\u00e9tranger ou pour toute autre demande sp\u00e9cifique, nous vous invitons \u00e0 prendre contact avec le Service Clients de NEOWAVE \u00e0 <a href=\"mailto:sales@neowave.fr\">contact@neowave.fr<\/a><\/p>\n<p>[\/et_pb_text][et_pb_text _builder_version=\u00a0\u00bb4.16&Prime; hover_enabled=\u00a0\u00bb0&Prime; global_colors_info=\u00a0\u00bb{}\u00a0\u00bb sticky_enabled=\u00a0\u00bb0&Prime;]<\/p>\n<h2>4. Modalit\u00e9s de paiement<\/h2>\n<p>Les moyens de paiement accept\u00e9s sont :<\/p>\n<ul>\n<li>PayPal<\/li>\n<li>Carte bancaire<\/li>\n<li>Virement bancaire<\/li>\n<\/ul>\n<p>Les autres moyens de paiement ne sont pas accept\u00e9s.<\/p>\n<p>En cas de r\u00e8glement par virement, la marchandise sera exp\u00e9di\u00e9e d\u00e8s r\u00e9ception de votre r\u00e8glement.<\/p>\n<p>[\/et_pb_text][et_pb_text _builder_version=\u00a0\u00bb4.16&Prime; global_colors_info=\u00a0\u00bb{}\u00a0\u00bb]<\/p>\n<h2>5. Clause de r\u00e9serve de propri\u00e9t\u00e9<\/h2>\n<p>Le Produit livr\u00e9 reste la propri\u00e9t\u00e9 de NEOWAVE jusqu\u2019au paiement complet de son prix, \u00e9tant pr\u00e9cis\u00e9 que, conform\u00e9ment aux dispositions de l\u2019article L. 138-4 du Code de la consommation, tout risque de perte ou d\u2019endommagement du Produit est transf\u00e9r\u00e9 au Client au moment o\u00f9 ce dernier ou un tiers d\u00e9sign\u00e9 par lui prend physiquement possession de ce Produit.<\/p>\n<p>[\/et_pb_text][et_pb_text _builder_version=\u00a0\u00bb4.16&Prime; global_colors_info=\u00a0\u00bb{}\u00a0\u00bb]<\/p>\n<h2>6. Livraison<\/h2>\n<p>La livraison est effectu\u00e9e au lieu indiqu\u00e9 par l&rsquo;acheteur sur le bon de commande. Apr\u00e8s la validation de la commande, le d\u00e9lai moyen de livraison est de 24h\/48h jours ouvr\u00e9s. Ce d\u00e9lai n&rsquo;est donn\u00e9 qu&rsquo;\u00e0 titre indicatif et n&rsquo;est aucunement garanti.<\/p>\n<p>Par voie de cons\u00e9quence, tout retard raisonnable dans la livraison des produits ne pourra pas donner lieu au profit de l&rsquo;acheteur \u00e0 :<br \/> \u2022 l&rsquo;allocation de dommages et int\u00e9r\u00eats;<br \/> \u2022 l&rsquo;annulation de la commande.<\/p>\n<p>Le risque du transport est support\u00e9 en totalit\u00e9 par l&rsquo;acheteur. Lors de la livraison, il appartient \u00e0 l&rsquo;acheteur de v\u00e9rifier en pr\u00e9sence du transporteur le bon \u00e9tat des marchandises livr\u00e9es. En cas de marchandises manquantes ou d\u00e9t\u00e9rior\u00e9es lors du transport, l&rsquo;acheteur devra formuler toutes les r\u00e9serves n\u00e9cessaires sur le Bordereau de Livraison \u00e0 r\u00e9ception desdites marchandises. Ces r\u00e9serves devront \u00eatre, en outre, confirm\u00e9es par \u00e9crit dans les cinq jours suivant la livraison, par lettre recommand\u00e9e avec A\/R \u00e0 l&rsquo;adresse suivante : NEOWAVE, P\u00f4le d\u2019Activit\u00e9s Y. Morandat, 1480 Avenue d\u2019Arm\u00e9nie, 13120 Gardanne-France.<\/p>\n<p>[\/et_pb_text][et_pb_text _builder_version=\u00a0\u00bb4.16&Prime; global_colors_info=\u00a0\u00bb{}\u00a0\u00bb]<\/p>\n<h2>7. Force majeure<\/h2>\n<p>La responsabilit\u00e9 de la soci\u00e9t\u00e9 NEOWAVE ne pourra pas \u00eatre mise en \u0153uvre si la non-ex\u00e9cution ou le retard dans l&rsquo;ex\u00e9cution de l&rsquo;une de ses obligations d\u00e9crites dans les pr\u00e9sentes conditions g\u00e9n\u00e9rales de vente d\u00e9coule d&rsquo;un cas de force majeure. \u00c0 ce titre, la force majeure s&rsquo;entend de tout \u00e9v\u00e9nement ext\u00e9rieur, impr\u00e9visible et irr\u00e9sistible au sens de l&rsquo;article 1148 du Code civil.<\/p>\n<p>[\/et_pb_text][et_pb_text _builder_version=\u00a0\u00bb4.16&Prime; global_colors_info=\u00a0\u00bb{}\u00a0\u00bb]<\/p>\n<h2>8. R\u00e9tractation<\/h2>\n<p>L&rsquo;acheteur dispose d&rsquo;un d\u00e9lai de 14 jours \u00e0 compter de la date de livraison de la commande pour retourner tout produit neuf et non ouvert, dans son emballage d&rsquo;origine et en parfait \u00e9tat (tout produit ab\u00eem\u00e9, incomplet, endommag\u00e9 ou dont l\u2019emballage est d\u00e9t\u00e9rior\u00e9 ne sera pas repris), pour en demander le remboursement sans p\u00e9nalit\u00e9, \u00e0 l&rsquo;exception des frais de livraison.<\/p>\n<p>Pour exercer son droit de r\u00e9tractation, l&rsquo;acheteur doit notifier sa d\u00e9cision \u00e0 NEOWAVE par \u00e9crit (lettre envoy\u00e9e par courrier ou bien e-mail) :<\/p>\n<p>\u00c0 l\u2019attention de NEOWAVE,<br \/> P\u00f4le d\u2019Activit\u00e9s Y. Morandat,<br \/> 1480 Avenue d\u2019Arm\u00e9nie,<br \/> 13120 Gardanne &#8211; France<\/p>\n<p>e-mail : <a href=\"mailto:contact@neowave.fr\">contact@neowave.fr<\/a><\/p>\n<p>L&rsquo;acheteur peut notamment utiliser le mod\u00e8le de formulaire de r\u00e9tractation ci apr\u00e8s :<\/p>\n<table border=\"8\">\n<caption><\/caption>\n<tbody>\n<tr>\n<td>\n<p>\u00c0 : NEOWAVE, P\u00f4le d\u2019Activit\u00e9s Y. Morandat, 1480 Avenue d\u2019Arm\u00e9nie, 13120 Gardanne &#8211; France<br \/> e-mail : contact@neowave.fr<\/p>\n<p>Je \/ nous(*) vous notifie\/ notifions (*) par la pr\u00e9sente ma\/notre(*) r\u00e9tractation du contrat portant sur la vente du bien (*)\/ pour la prestation de services (*) ci-dessous :<br \/> Command\u00e9 le (*) \/ re\u00e7u le (*) :<br \/> Nom du (des) consommateur(s) :<br \/> Adresse du (des) consommateur(s) :<br \/> Signature du (des) consommateur(s) (uniquement en cas de notification du pr\u00e9sent formulaire sur papier)<br \/> Date :<br \/> (*) Rayer la mention inutile<\/p>\n<\/td>\n<\/tr>\n<\/tbody>\n<\/table>\n<p>L&rsquo;acheteur dispose ensuite d&rsquo;un d\u00e9lai de 14 jours pour retourner \u00e0 ses frais sa commande et r\u00e9clamer son remboursement.<\/p>\n<p>[\/et_pb_text][et_pb_text _builder_version=\u00a0\u00bb4.16&Prime; global_colors_info=\u00a0\u00bb{}\u00a0\u00bb]<\/p>\n<h2>9. Garantie<\/h2>\n<p>Les produits sont garantis, pendant une dur\u00e9e de 2 ans \u00e0 compter de la date de livraison. Les interventions au titre de la garantie n&rsquo;ont pas pour effet de prolonger la dur\u00e9e de celle-ci. Au titre de cette garantie, la seule obligation incombant \u00e0 la soci\u00e9t\u00e9 NEOWAVE est le remplacement et\/ou la r\u00e9paration gratuite du produit, ou le remboursement total de l&rsquo;\u00e9l\u00e9ment reconnu d\u00e9fectueux par ses services, \u00e0 l&rsquo;exclusion notamment du paiement de tous dommages et int\u00e9r\u00eats en r\u00e9paration d&rsquo;un quelconque dommage qui surviendrait du fait de l&rsquo;utilisation des produits. Les frais \u00e9ventuels de port et les risques du retour sont \u00e0 la charge de l&rsquo;acheteur.<\/p>\n<p>Les d\u00e9fauts ou d\u00e9t\u00e9riorations provoqu\u00e9s par l&rsquo;usure naturelle ou par un usage anormal (installation erron\u00e9e, entretien d\u00e9fectueux, conditions de stockage et conditions d\u2019utilisation d\u2019environnement et thermique non conformes aux sp\u00e9cifications de NEOWAVE ou encore une modification du produit non pr\u00e9vue ni sp\u00e9cifi\u00e9e par la soci\u00e9t\u00e9 NEOWAVE), sont exclus de la garantie. De m\u00eame la garantie ne joue pas pour les vices apparents, dont l&rsquo;acqu\u00e9reur ne se serait pas pr\u00e9valu, dans les conditions de l&rsquo;article 6 des pr\u00e9sentes conditions g\u00e9n\u00e9rales de vente.<\/p>\n<p>Sont \u00e9galement exclues de la garantie l\u2019utilisation des produits dans des syst\u00e8mes de sauvetage ou de maintien de la vie. La responsabilit\u00e9 de NEOWAVE ne pourra \u00eatre engag\u00e9e dans ces cas l\u00e0.<\/p>\n<p>Pour vous assurer des d\u00e9marches \u00e0 suivre concernant le service apr\u00e8s-vente, contactez le service clients du lundi au vendredi : de 9h \u00e0 17h au 04 42 50 70 05 et par e-mail \u00e0 l&rsquo;adresse suivante : <a href=\"mailto:contact@neowave.fr\">contact@neowave.fr<\/a>\u00a0<\/p>\n<p>[\/et_pb_text][et_pb_text _builder_version=\u00a0\u00bb4.16&Prime; global_colors_info=\u00a0\u00bb{}\u00a0\u00bb]<\/p>\n<h2>10. Tribunal comp\u00e9tent<\/h2>\n<p>Tout litige relatif \u00e0 l&rsquo;interpr\u00e9tation et \u00e0 l&rsquo;ex\u00e9cution des pr\u00e9sentes conditions g\u00e9n\u00e9rales de vente est soumis au droit fran\u00e7ais. \u00c0 d\u00e9faut de r\u00e9solution amiable, le litige sera port\u00e9 devant le Tribunal de commerce d&rsquo;Aix-en-Provence (38, cours Mirabeau &#8211; 13625 AIX EN PROVENCE CEDEX 1).<\/p>\n<p>[\/et_pb_text][\/et_pb_column][\/et_pb_row][\/et_pb_section]<\/p>\n","protected":false},"excerpt":{"rendered":"<p>Conditions g\u00e9n\u00e9rales de vente1. Objet Le site internet https:\/\/authentication-web.com est \u00e9dit\u00e9 par la soci\u00e9t\u00e9 NEOWAVE, immatricul\u00e9e au registre du commerce d\u2019Aix en Provence sous le num\u00e9ro 498 722 057, ayant son si\u00e8ge social au P\u00f4le d\u2019Activit\u00e9s Y. Morandat, 1480 Avenue d\u2019Arm\u00e9nie, 13120 Gardanne. Les pr\u00e9sentes conditions g\u00e9n\u00e9rales de vente r\u00e9gissent les relations entre la soci\u00e9t\u00e9 [&hellip;]<\/p>\n","protected":false},"author":5,"featured_media":0,"parent":0,"menu_order":0,"comment_status":"closed","ping_status":"closed","template":"","meta":{"_acf_changed":false,"_et_pb_use_builder":"on","_et_pb_old_content":"","_et_gb_content_width":"","inline_featured_image":false,"footnotes":""},"class_list":["post-205","page","type-page","status-publish","hentry"],"acf":[],"_links":{"self":[{"href":"https:\/\/authentication-web.com\/fr\/wp-json\/wp\/v2\/pages\/205","targetHints":{"allow":["GET"]}}],"collection":[{"href":"https:\/\/authentication-web.com\/fr\/wp-json\/wp\/v2\/pages"}],"about":[{"href":"https:\/\/authentication-web.com\/fr\/wp-json\/wp\/v2\/types\/page"}],"author":[{"embeddable":true,"href":"https:\/\/authentication-web.com\/fr\/wp-json\/wp\/v2\/users\/5"}],"replies":[{"embeddable":true,"href":"https:\/\/authentication-web.com\/fr\/wp-json\/wp\/v2\/comments?post=205"}],"version-history":[{"count":22,"href":"https:\/\/authentication-web.com\/fr\/wp-json\/wp\/v2\/pages\/205\/revisions"}],"predecessor-version":[{"id":834127,"href":"https:\/\/authentication-web.com\/fr\/wp-json\/wp\/v2\/pages\/205\/revisions\/834127"}],"wp:attachment":[{"href":"https:\/\/authentication-web.com\/fr\/wp-json\/wp\/v2\/media?parent=205"}],"curies":[{"name":"wp","href":"https:\/\/api.w.org\/{rel}","templated":true}]}}