{"id":279421,"date":"2022-10-25T23:08:09","date_gmt":"2022-10-25T21:08:09","guid":{"rendered":"https:\/\/authentification-web.fr\/?page_id=279421"},"modified":"2022-10-25T23:08:16","modified_gmt":"2022-10-25T21:08:16","slug":"tutoriel-fido-u2f-facebook","status":"publish","type":"page","link":"https:\/\/authentication-web.com\/fr\/tutoriel-fido-u2f-facebook\/","title":{"rendered":"Tutoriel FIDO U2F Facebook"},"content":{"rendered":"<p>[et_pb_section fb_built=\u00a0\u00bb1&Prime; _builder_version=\u00a0\u00bb4.16&Prime; _module_preset=\u00a0\u00bbdefault\u00a0\u00bb background_color=\u00a0\u00bbrgba(253,189,62,0.2)\u00a0\u00bb global_colors_info=\u00a0\u00bb{}\u00a0\u00bb][et_pb_row _builder_version=\u00a0\u00bb4.16&Prime; _module_preset=\u00a0\u00bbdefault\u00a0\u00bb global_colors_info=\u00a0\u00bb{}\u00a0\u00bb][et_pb_column type=\u00a0\u00bb4_4&Prime; _builder_version=\u00a0\u00bb4.16&Prime; _module_preset=\u00a0\u00bbdefault\u00a0\u00bb global_colors_info=\u00a0\u00bb{}\u00a0\u00bb][et_pb_text _builder_version=\u00a0\u00bb4.16&Prime; _module_preset=\u00a0\u00bbdefault\u00a0\u00bb header_2_font=\u00a0\u00bb|||on|||||\u00a0\u00bb header_2_text_align=\u00a0\u00bbcenter\u00a0\u00bb header_2_text_color=\u00a0\u00bb#fdbd3e\u00a0\u00bb header_2_font_size=\u00a0\u00bb20px\u00a0\u00bb global_colors_info=\u00a0\u00bb{}\u00a0\u00bb]<\/p>\n<h2>Tutoriel<\/h2>\n<p>[\/et_pb_text][et_pb_text _builder_version=\u00a0\u00bb4.18.0&Prime; _module_preset=\u00a0\u00bbdefault\u00a0\u00bb text_line_height=\u00a0\u00bb2em\u00a0\u00bb header_line_height=\u00a0\u00bb1.1em\u00a0\u00bb text_orientation=\u00a0\u00bbcenter\u00a0\u00bb global_colors_info=\u00a0\u00bb{}\u00a0\u00bb]<\/p>\n<h1>Comment activer la double authentification sur Facebook<br \/>avec la cl\u00e9 USB de s\u00e9curit\u00e9 Winkeo-A FIDO U2F ou Winkeo-A \/ C FIDO2 (+U2F) comme second facteur d\u2019authentification ?<\/h1>\n<p>[\/et_pb_text][\/et_pb_column][\/et_pb_row][\/et_pb_section][et_pb_section fb_built=\u00a0\u00bb1&Prime; _builder_version=\u00a0\u00bb4.16&Prime; _module_preset=\u00a0\u00bbdefault\u00a0\u00bb global_colors_info=\u00a0\u00bb{}\u00a0\u00bb][et_pb_row _builder_version=\u00a0\u00bb4.18.0&Prime; _module_preset=\u00a0\u00bbdefault\u00a0\u00bb global_colors_info=\u00a0\u00bb{}\u00a0\u00bb][et_pb_column type=\u00a0\u00bb4_4&Prime; _builder_version=\u00a0\u00bb4.18.0&Prime; _module_preset=\u00a0\u00bbdefault\u00a0\u00bb global_colors_info=\u00a0\u00bb{}\u00a0\u00bb][et_pb_text _builder_version=\u00a0\u00bb4.18.0&Prime; _module_preset=\u00a0\u00bbdefault\u00a0\u00bb global_colors_info=\u00a0\u00bb{}\u00a0\u00bb]<\/p>\n<h2>\u00c9tape 1<\/h2>\n<p>Connectez-vous \u00e0 votre compte Facebook puis s\u00e9lectionnez \u00ab Param\u00e8tres et confidentialit\u00e9 \u00bb. Dans \u00ab Param\u00e8tres \u00bb, cliquez sur \u00ab S\u00e9curit\u00e9 et connexion \u00bb qui se trouve dans le menu \u00e0 gauche de votre \u00e9cran.<\/p>\n<p>[\/et_pb_text][\/et_pb_column][\/et_pb_row][et_pb_row column_structure=\u00a0\u00bb1_3,1_3,1_3&Prime; _builder_version=\u00a0\u00bb4.18.0&Prime; _module_preset=\u00a0\u00bbdefault\u00a0\u00bb global_colors_info=\u00a0\u00bb{}\u00a0\u00bb][et_pb_column type=\u00a0\u00bb1_3&Prime; _builder_version=\u00a0\u00bb4.18.0&Prime; _module_preset=\u00a0\u00bbdefault\u00a0\u00bb global_colors_info=\u00a0\u00bb{}\u00a0\u00bb][et_pb_image src=\u00a0\u00bbhttps:\/\/authentication-web.com\/wp-content\/uploads\/2022\/10\/Etape-1-Facebook-Identifiants.png\u00a0\u00bb alt=\u00a0\u00bbTuto Facebook Identifiants\u00a0\u00bb title_text=\u00a0\u00bbEtape 1 &#8211; Facebook Identifiants\u00a0\u00bb _builder_version=\u00a0\u00bb4.18.0&Prime; _module_preset=\u00a0\u00bbdefault\u00a0\u00bb global_colors_info=\u00a0\u00bb{}\u00a0\u00bb][\/et_pb_image][\/et_pb_column][et_pb_column type=\u00a0\u00bb1_3&Prime; _builder_version=\u00a0\u00bb4.18.0&Prime; _module_preset=\u00a0\u00bbdefault\u00a0\u00bb global_colors_info=\u00a0\u00bb{}\u00a0\u00bb][et_pb_image src=\u00a0\u00bbhttps:\/\/authentication-web.com\/wp-content\/uploads\/2022\/10\/Etape-1-bis-Facebook-Parametres-et-confidentialite.png\u00a0\u00bb alt=\u00a0\u00bbTuto Facebook parametres S\u00e9curit\u00e9 et confidentialit\u00e9\u00a0\u00bb title_text=\u00a0\u00bbEtape 1 bis &#8211; Facebook Param\u00e8tres et confidentialit\u00e9\u00a0\u00bb _builder_version=\u00a0\u00bb4.18.0&Prime; _module_preset=\u00a0\u00bbdefault\u00a0\u00bb global_colors_info=\u00a0\u00bb{}\u00a0\u00bb][\/et_pb_image][\/et_pb_column][et_pb_column type=\u00a0\u00bb1_3&Prime; _builder_version=\u00a0\u00bb4.18.0&Prime; _module_preset=\u00a0\u00bbdefault\u00a0\u00bb global_colors_info=\u00a0\u00bb{}\u00a0\u00bb][et_pb_image src=\u00a0\u00bbhttps:\/\/authentication-web.com\/wp-content\/uploads\/2022\/10\/Etape-1-ter-Facebook-Securite-et-connexion.png\u00a0\u00bb alt=\u00a0\u00bbTuto Facebook parametres S\u00e9curit\u00e9 et connexion\u00a0\u00bb title_text=\u00a0\u00bbEtape 1 ter &#8211; Facebook S\u00e9curit\u00e9 et connexion\u00a0\u00bb _builder_version=\u00a0\u00bb4.18.0&Prime; _module_preset=\u00a0\u00bbdefault\u00a0\u00bb global_colors_info=\u00a0\u00bb{}\u00a0\u00bb][\/et_pb_image][\/et_pb_column][\/et_pb_row][et_pb_row _builder_version=\u00a0\u00bb4.16&Prime; _module_preset=\u00a0\u00bbdefault\u00a0\u00bb global_colors_info=\u00a0\u00bb{}\u00a0\u00bb][et_pb_column type=\u00a0\u00bb4_4&Prime; _builder_version=\u00a0\u00bb4.16&Prime; _module_preset=\u00a0\u00bbdefault\u00a0\u00bb global_colors_info=\u00a0\u00bb{}\u00a0\u00bb][et_pb_text _builder_version=\u00a0\u00bb4.18.0&Prime; _module_preset=\u00a0\u00bbdefault\u00a0\u00bb global_colors_info=\u00a0\u00bb{}\u00a0\u00bb]<\/p>\n<h2>\u00c9tape 2<\/h2>\n<p>Faites d\u00e9filer l\u2019\u00e9cran jusqu\u2019\u00e0 trouver l\u2019encart \u00ab Authentification \u00e0 deux facteurs \u00bb puis dans l&rsquo;option \u00ab Utiliser l\u2019authentification \u00e0 deux facteurs \u00bb cliquez sur le bouton \u00ab Modifier \u00bb.<\/p>\n<p>[\/et_pb_text][et_pb_image src=\u00a0\u00bbhttps:\/\/authentication-web.com\/wp-content\/uploads\/2022\/10\/Etape-2-Facebook-authentification-deux-facteurs.png\u00a0\u00bb alt=\u00a0\u00bbTuto Facebook authentification \u00e0 deux facteurs Winkeo FIDO U2F\u00a0\u00bb title_text=\u00a0\u00bbEtape 2 &#8211; Facebook authentification deux facteurs\u00a0\u00bb _builder_version=\u00a0\u00bb4.18.0&Prime; _module_preset=\u00a0\u00bbdefault\u00a0\u00bb global_colors_info=\u00a0\u00bb{}\u00a0\u00bb][\/et_pb_image][et_pb_text _builder_version=\u00a0\u00bb4.18.0&Prime; _module_preset=\u00a0\u00bbdefault\u00a0\u00bb global_colors_info=\u00a0\u00bb{}\u00a0\u00bb]<\/p>\n<h2>\u00c9tape 3<\/h2>\n<p>Cliquez sur le bouton \u00ab\u00a0Utiliser une cl\u00e9 de s\u00e9curit\u00e9\u00a0\u00bb dans l&rsquo;option \u00ab\u00a0Cl\u00e9 de s\u00e9curit\u00e9\u00a0\u00bb comme m\u00e9thode d&rsquo;authentification. Continuez en cliquant sur \u00ab\u00a0Enregistrer une cl\u00e9 de s\u00e9curit\u00e9\u00a0\u00bb.<\/p>\n<p>[\/et_pb_text][\/et_pb_column][\/et_pb_row][et_pb_row column_structure=\u00a0\u00bb1_2,1_2&Prime; _builder_version=\u00a0\u00bb4.16&Prime; _module_preset=\u00a0\u00bbdefault\u00a0\u00bb global_colors_info=\u00a0\u00bb{}\u00a0\u00bb][et_pb_column type=\u00a0\u00bb1_2&Prime; _builder_version=\u00a0\u00bb4.16&Prime; _module_preset=\u00a0\u00bbdefault\u00a0\u00bb global_colors_info=\u00a0\u00bb{}\u00a0\u00bb][et_pb_image src=\u00a0\u00bbhttps:\/\/authentication-web.com\/wp-content\/uploads\/2022\/10\/Etape-3-Facebook-utiliser-une-cle-de-securite.png\u00a0\u00bb alt=\u00a0\u00bbTuto Facebook Utiliser une cl\u00e9 de s\u00e9curit\u00e9\u00a0\u00bb title_text=\u00a0\u00bbEtape 3 &#8211; Facebook utiliser une cl\u00e9 de s\u00e9curit\u00e9\u00a0\u00bb _builder_version=\u00a0\u00bb4.18.0&Prime; _module_preset=\u00a0\u00bbdefault\u00a0\u00bb global_colors_info=\u00a0\u00bb{}\u00a0\u00bb][\/et_pb_image][\/et_pb_column][et_pb_column type=\u00a0\u00bb1_2&Prime; _builder_version=\u00a0\u00bb4.16&Prime; _module_preset=\u00a0\u00bbdefault\u00a0\u00bb global_colors_info=\u00a0\u00bb{}\u00a0\u00bb][et_pb_image src=\u00a0\u00bbhttps:\/\/authentication-web.com\/wp-content\/uploads\/2022\/10\/Etape-4-Facebook-enregitrer-une-cle-de-securite.png\u00a0\u00bb alt=\u00a0\u00bbTuto Facebook Enregistrer une cl\u00e9 de s\u00e9curit\u00e9\u00a0\u00bb title_text=\u00a0\u00bbEtape 4 &#8211; Facebook enregitrer une cl\u00e9 de s\u00e9curit\u00e9\u00a0\u00bb _builder_version=\u00a0\u00bb4.18.0&Prime; _module_preset=\u00a0\u00bbdefault\u00a0\u00bb global_colors_info=\u00a0\u00bb{}\u00a0\u00bb][\/et_pb_image][\/et_pb_column][\/et_pb_row][et_pb_row _builder_version=\u00a0\u00bb4.16&Prime; _module_preset=\u00a0\u00bbdefault\u00a0\u00bb global_colors_info=\u00a0\u00bb{}\u00a0\u00bb][et_pb_column type=\u00a0\u00bb4_4&Prime; _builder_version=\u00a0\u00bb4.16&Prime; _module_preset=\u00a0\u00bbdefault\u00a0\u00bb global_colors_info=\u00a0\u00bb{}\u00a0\u00bb][et_pb_text _builder_version=\u00a0\u00bb4.18.0&Prime; _module_preset=\u00a0\u00bbdefault\u00a0\u00bb global_colors_info=\u00a0\u00bb{}\u00a0\u00bb]<\/p>\n<h2>\u00c9tape 4<\/h2>\n<p>Cliquez \u00ab\u00a0OK\u00a0\u00bb\u00a0 sur les fen\u00eatres \/ pop up de configuration de la cl\u00e9 de s\u00e9curit\u00e9 et d&rsquo;installation qui s&rsquo;ouvriront sur votre \u00e9cran (ou en bas de votre \u00e9cran, dans la barre des t\u00e2ches).<\/p>\n<p>[\/et_pb_text][\/et_pb_column][\/et_pb_row][et_pb_row column_structure=\u00a0\u00bb1_2,1_2&Prime; _builder_version=\u00a0\u00bb4.16&Prime; _module_preset=\u00a0\u00bbdefault\u00a0\u00bb global_colors_info=\u00a0\u00bb{}\u00a0\u00bb][et_pb_column type=\u00a0\u00bb1_2&Prime; _builder_version=\u00a0\u00bb4.16&Prime; _module_preset=\u00a0\u00bbdefault\u00a0\u00bb global_colors_info=\u00a0\u00bb{}\u00a0\u00bb][et_pb_image src=\u00a0\u00bbhttps:\/\/authentication-web.com\/wp-content\/uploads\/2022\/10\/Etape-5-Configuration-de-la-cle-de-securite.png\u00a0\u00bb alt=\u00a0\u00bbTuto Facebook Configuration de la cl\u00e9 de s\u00e9curit\u00e9\u00a0\u00bb title_text=\u00a0\u00bbEtape 5 Configuration de la cl\u00e9 de s\u00e9curit\u00e9\u00a0\u00bb _builder_version=\u00a0\u00bb4.18.0&Prime; _module_preset=\u00a0\u00bbdefault\u00a0\u00bb global_colors_info=\u00a0\u00bb{}\u00a0\u00bb][\/et_pb_image][\/et_pb_column][et_pb_column type=\u00a0\u00bb1_2&Prime; _builder_version=\u00a0\u00bb4.16&Prime; _module_preset=\u00a0\u00bbdefault\u00a0\u00bb global_colors_info=\u00a0\u00bb{}\u00a0\u00bb][et_pb_image src=\u00a0\u00bbhttps:\/\/authentication-web.com\/wp-content\/uploads\/2022\/10\/Etape-5-Continuer-linstallation.png\u00a0\u00bb alt=\u00a0\u00bbTuto Facebook Continuer l&rsquo;installation\u00a0\u00bb title_text=\u00a0\u00bbEtape 5 &#8211; Continuer l&rsquo;installation\u00a0\u00bb _builder_version=\u00a0\u00bb4.18.0&Prime; _module_preset=\u00a0\u00bbdefault\u00a0\u00bb global_colors_info=\u00a0\u00bb{}\u00a0\u00bb][\/et_pb_image][\/et_pb_column][\/et_pb_row][et_pb_row _builder_version=\u00a0\u00bb4.16&Prime; _module_preset=\u00a0\u00bbdefault\u00a0\u00bb global_colors_info=\u00a0\u00bb{}\u00a0\u00bb][et_pb_column type=\u00a0\u00bb4_4&Prime; _builder_version=\u00a0\u00bb4.16&Prime; _module_preset=\u00a0\u00bbdefault\u00a0\u00bb global_colors_info=\u00a0\u00bb{}\u00a0\u00bb][et_pb_text _builder_version=\u00a0\u00bb4.18.0&Prime; _module_preset=\u00a0\u00bbdefault\u00a0\u00bb global_colors_info=\u00a0\u00bb{}\u00a0\u00bb]<\/p>\n<h2>\u00c9tape 5<\/h2>\n<p>Il vous est demand\u00e9 de continuer l&rsquo;installation en ins\u00e9rant votre cl\u00e9 de s\u00e9curit\u00e9 dans le port USB. Une fois votre cl\u00e9 ins\u00e9r\u00e9e dans le port USB de votre ordinateur (Winkeo-A FIDO U2F ou Winkeo-A FIDO2 ou Winkeo-C FIDO2) ou de votre Smartphone (Winkeo-C FIDO2), une nouvelle fen\u00eatre vous invite \u00e0 entrer votre code PIN et \u00e0 cliquer sur \u00ab OK \u00bb. Pour continuer l&rsquo;installation, une fen\u00eatre vous invite \u00e0 toucher votre cl\u00e9 de s\u00e9curit\u00e9. Celle-ci se met \u00e0 clignoter, il vous suffit d&rsquo;appuyer sur le bouton dor\u00e9 de la cl\u00e9 de s\u00e9curit\u00e9. Il s&rsquo;agit d&rsquo;un bouton sensitif de pr\u00e9sence physique.\u00a0<\/p>\n<p>[\/et_pb_text][\/et_pb_column][\/et_pb_row][et_pb_row column_structure=\u00a0\u00bb1_3,1_3,1_3&Prime; _builder_version=\u00a0\u00bb4.16&Prime; _module_preset=\u00a0\u00bbdefault\u00a0\u00bb global_colors_info=\u00a0\u00bb{}\u00a0\u00bb][et_pb_column type=\u00a0\u00bb1_3&Prime; _builder_version=\u00a0\u00bb4.16&Prime; _module_preset=\u00a0\u00bbdefault\u00a0\u00bb global_colors_info=\u00a0\u00bb{}\u00a0\u00bb][et_pb_image src=\u00a0\u00bbhttps:\/\/authentication-web.com\/wp-content\/uploads\/2022\/10\/Etape-5-inserer-votre-cle-de-securite.png\u00a0\u00bb alt=\u00a0\u00bbTuto Facebook Ins\u00e9rez votre cl\u00e9 de s\u00e9curit\u00e9 dans le port USB\u00a0\u00bb title_text=\u00a0\u00bbEtape 5 &#8211; ins\u00e9rer votre cl\u00e9 de s\u00e9curit\u00e9\u00a0\u00bb _builder_version=\u00a0\u00bb4.18.0&Prime; _module_preset=\u00a0\u00bbdefault\u00a0\u00bb global_colors_info=\u00a0\u00bb{}\u00a0\u00bb][\/et_pb_image][\/et_pb_column][et_pb_column type=\u00a0\u00bb1_3&Prime; _builder_version=\u00a0\u00bb4.16&Prime; _module_preset=\u00a0\u00bbdefault\u00a0\u00bb global_colors_info=\u00a0\u00bb{}\u00a0\u00bb][et_pb_image src=\u00a0\u00bbhttps:\/\/authentication-web.com\/wp-content\/uploads\/2022\/10\/Etape-5-entrez-votre-code-PIN.png\u00a0\u00bb alt=\u00a0\u00bbTuto Facebook Entrez votre code PIN de cl\u00e9 de s\u00e9curit\u00e9\u00a0\u00bb title_text=\u00a0\u00bbEtape 5 &#8211; entrez votre code PIN\u00a0\u00bb _builder_version=\u00a0\u00bb4.18.0&Prime; _module_preset=\u00a0\u00bbdefault\u00a0\u00bb global_colors_info=\u00a0\u00bb{}\u00a0\u00bb][\/et_pb_image][\/et_pb_column][et_pb_column type=\u00a0\u00bb1_3&Prime; _builder_version=\u00a0\u00bb4.16&Prime; _module_preset=\u00a0\u00bbdefault\u00a0\u00bb global_colors_info=\u00a0\u00bb{}\u00a0\u00bb][et_pb_image src=\u00a0\u00bbhttps:\/\/authentication-web.com\/wp-content\/uploads\/2022\/10\/Etape-5-touchez-votre-cle-de-securite.png\u00a0\u00bb alt=\u00a0\u00bbTuto Facebook Touchez votre cl\u00e9 de s\u00e9curit\u00e9\u00a0\u00bb title_text=\u00a0\u00bbEtape 5 &#8211; touchez votre cl\u00e9 de s\u00e9curit\u00e9\u00a0\u00bb _builder_version=\u00a0\u00bb4.18.0&Prime; _module_preset=\u00a0\u00bbdefault\u00a0\u00bb global_colors_info=\u00a0\u00bb{}\u00a0\u00bb][\/et_pb_image][\/et_pb_column][\/et_pb_row][et_pb_row _builder_version=\u00a0\u00bb4.16&Prime; _module_preset=\u00a0\u00bbdefault\u00a0\u00bb global_colors_info=\u00a0\u00bb{}\u00a0\u00bb][et_pb_column type=\u00a0\u00bb4_4&Prime; _builder_version=\u00a0\u00bb4.16&Prime; _module_preset=\u00a0\u00bbdefault\u00a0\u00bb global_colors_info=\u00a0\u00bb{}\u00a0\u00bb][et_pb_text _builder_version=\u00a0\u00bb4.18.0&Prime; _module_preset=\u00a0\u00bbdefault\u00a0\u00bb global_colors_info=\u00a0\u00bb{}\u00a0\u00bb]<\/p>\n<h2>\u00c9tape 6<\/h2>\n<p>L&rsquo;authentification \u00e0 deux facteurs est activ\u00e9e. Cliquez sur \u00ab Termin\u00e9 \u00bb. Vous pouvez retirer votre cl\u00e9 de s\u00e9curit\u00e9.<\/p>\n<p>[\/et_pb_text][\/et_pb_column][\/et_pb_row][et_pb_row _builder_version=\u00a0\u00bb4.16&Prime; _module_preset=\u00a0\u00bbdefault\u00a0\u00bb global_colors_info=\u00a0\u00bb{}\u00a0\u00bb][et_pb_column type=\u00a0\u00bb4_4&Prime; _builder_version=\u00a0\u00bb4.16&Prime; _module_preset=\u00a0\u00bbdefault\u00a0\u00bb global_colors_info=\u00a0\u00bb{}\u00a0\u00bb][et_pb_image src=\u00a0\u00bbhttps:\/\/authentication-web.com\/wp-content\/uploads\/2022\/10\/Etape-6-authentification-a-deux-facteurs-activee.png\u00a0\u00bb alt=\u00a0\u00bbimage-10&Prime; title_text=\u00a0\u00bbEtape 6 &#8211; authentification \u00e0 deux facteurs activ\u00e9e\u00a0\u00bb _builder_version=\u00a0\u00bb4.18.0&Prime; _module_preset=\u00a0\u00bbdefault\u00a0\u00bb global_colors_info=\u00a0\u00bb{}\u00a0\u00bb][\/et_pb_image][et_pb_text _builder_version=\u00a0\u00bb4.18.0&Prime; _module_preset=\u00a0\u00bbdefault\u00a0\u00bb global_colors_info=\u00a0\u00bb{}\u00a0\u00bb]<\/p>\n<p>Dans certains cas, apr\u00e8s avoir cliqu\u00e9 sur \u00ab\u00a0Termin\u00e9\u00a0\u00bb, il vous est demand\u00e9 de renseigner de nouveau votre mot de passe de connexion Facebook.<\/p>\n<p>[\/et_pb_text][\/et_pb_column][\/et_pb_row][et_pb_row _builder_version=\u00a0\u00bb4.16&Prime; _module_preset=\u00a0\u00bbdefault\u00a0\u00bb global_colors_info=\u00a0\u00bb{}\u00a0\u00bb][et_pb_column type=\u00a0\u00bb4_4&Prime; _builder_version=\u00a0\u00bb4.16&Prime; _module_preset=\u00a0\u00bbdefault\u00a0\u00bb global_colors_info=\u00a0\u00bb{}\u00a0\u00bb][et_pb_text _builder_version=\u00a0\u00bb4.18.0&Prime; _module_preset=\u00a0\u00bbdefault\u00a0\u00bb global_colors_info=\u00a0\u00bb{}\u00a0\u00bb]<\/p>\n<h2>Nommez votre cl\u00e9 si vous en disposez de plusieurs<\/h2>\n<p>Nous vous conseillons de nommer votre cl\u00e9 de s\u00e9curit\u00e9 si vous souhaitez utiliser plus d&rsquo;une cl\u00e9. Il est par ailleurs recommand\u00e9 d&rsquo;enr\u00f4ler une deuxi\u00e8me cl\u00e9 dans l&rsquo;\u00e9ventualit\u00e9 o\u00f9 vous en perdez une. Pour identifier votre cl\u00e9, cliquez sur \u00ab\u00a0G\u00e9rer mes cl\u00e9s\u00a0\u00bb (dans \u00ab\u00a0S\u00e9curit\u00e9 et connexion\u00a0\u00bb =&gt; \u00ab\u00a0Authentification \u00e0 deux facteurs\u00a0\u00bb =&gt; Bouton \u00ab\u00a0Modifier\u00a0\u00bb). Puis nommez votre cl\u00e9 <strong>en cliquant sur \u00ab\u00a0Modifier\u00a0\u00bb puis sur \u00ab\u00a0OK\u00a0\u00bb<\/strong>. Nous l&rsquo;avons nomm\u00e9e pour l&rsquo;exemple \u00ab\u00a0Winkeo FIDO U2F\u00a0\u00bb.<\/p>\n<p>[\/et_pb_text][\/et_pb_column][\/et_pb_row][et_pb_row column_structure=\u00a0\u00bb1_2,1_2&Prime; _builder_version=\u00a0\u00bb4.16&Prime; _module_preset=\u00a0\u00bbdefault\u00a0\u00bb global_colors_info=\u00a0\u00bb{}\u00a0\u00bb][et_pb_column type=\u00a0\u00bb1_2&Prime; _builder_version=\u00a0\u00bb4.16&Prime; _module_preset=\u00a0\u00bbdefault\u00a0\u00bb global_colors_info=\u00a0\u00bb{}\u00a0\u00bb][et_pb_image src=\u00a0\u00bbhttps:\/\/authentication-web.com\/wp-content\/uploads\/2022\/10\/Nommez-la-cle-Gerer-mes-cles.png\u00a0\u00bb alt=\u00a0\u00bbTuto Facebook Enregistrer et identifier une cl\u00e9 de s\u00e9curit\u00e9\u00a0\u00bb title_text=\u00a0\u00bbNommez la cl\u00e9 &#8211; G\u00e9rer mes cl\u00e9s\u00a0\u00bb _builder_version=\u00a0\u00bb4.18.0&Prime; _module_preset=\u00a0\u00bbdefault\u00a0\u00bb global_colors_info=\u00a0\u00bb{}\u00a0\u00bb][\/et_pb_image][\/et_pb_column][et_pb_column type=\u00a0\u00bb1_2&Prime; _builder_version=\u00a0\u00bb4.16&Prime; _module_preset=\u00a0\u00bbdefault\u00a0\u00bb global_colors_info=\u00a0\u00bb{}\u00a0\u00bb][et_pb_image src=\u00a0\u00bbhttps:\/\/authentication-web.com\/wp-content\/uploads\/2022\/10\/Nommer-sa-cle-de-securite.png\u00a0\u00bb alt=\u00a0\u00bbTuto Facebook Enregistrer et nommer une cl\u00e9 de s\u00e9curit\u00e9\u00a0\u00bb title_text=\u00a0\u00bbNommer sa cl\u00e9 de s\u00e9curit\u00e9\u00a0\u00bb _builder_version=\u00a0\u00bb4.18.0&Prime; _module_preset=\u00a0\u00bbdefault\u00a0\u00bb global_colors_info=\u00a0\u00bb{}\u00a0\u00bb][\/et_pb_image][\/et_pb_column][\/et_pb_row][et_pb_row _builder_version=\u00a0\u00bb4.16&Prime; _module_preset=\u00a0\u00bbdefault\u00a0\u00bb global_colors_info=\u00a0\u00bb{}\u00a0\u00bb][et_pb_column type=\u00a0\u00bb4_4&Prime; _builder_version=\u00a0\u00bb4.16&Prime; _module_preset=\u00a0\u00bbdefault\u00a0\u00bb global_colors_info=\u00a0\u00bb{}\u00a0\u00bb][et_pb_text _builder_version=\u00a0\u00bb4.18.0&Prime; _module_preset=\u00a0\u00bbdefault\u00a0\u00bb global_colors_info=\u00a0\u00bb{}\u00a0\u00bb]<\/p>\n<h2>Futures connexions<\/h2>\n<p>Pour toute future connexion \u00e0 votre compte Facebook, apr\u00e8s avoir renseign\u00e9 vos identifiants de connexion, il vous suffira d&rsquo;ins\u00e9rer votre cl\u00e9 de s\u00e9curit\u00e9, d&rsquo;entrer votre code PIN et d\u00e8s que la cl\u00e9 clignote, de toucher votre cl\u00e9 de s\u00e9curit\u00e9 pour vous authentifier.<\/p>\n<p>[\/et_pb_text][\/et_pb_column][\/et_pb_row][et_pb_row column_structure=\u00a0\u00bb1_2,1_2&Prime; _builder_version=\u00a0\u00bb4.16&Prime; _module_preset=\u00a0\u00bbdefault\u00a0\u00bb global_colors_info=\u00a0\u00bb{}\u00a0\u00bb][et_pb_column type=\u00a0\u00bb1_2&Prime; _builder_version=\u00a0\u00bb4.16&Prime; _module_preset=\u00a0\u00bbdefault\u00a0\u00bb global_colors_info=\u00a0\u00bb{}\u00a0\u00bb][et_pb_image src=\u00a0\u00bbhttps:\/\/authentication-web.com\/wp-content\/uploads\/2022\/10\/Pour-future-connexion-Entrer-identifiants-Facebook.png\u00a0\u00bb alt=\u00a0\u00bbimage-14&Prime; title_text=\u00a0\u00bbPour future connexion &#8211; Entrer identifiants Facebook\u00a0\u00bb _builder_version=\u00a0\u00bb4.18.0&Prime; _module_preset=\u00a0\u00bbdefault\u00a0\u00bb global_colors_info=\u00a0\u00bb{}\u00a0\u00bb][\/et_pb_image][\/et_pb_column][et_pb_column type=\u00a0\u00bb1_2&Prime; _builder_version=\u00a0\u00bb4.16&Prime; _module_preset=\u00a0\u00bbdefault\u00a0\u00bb global_colors_info=\u00a0\u00bb{}\u00a0\u00bb][et_pb_image src=\u00a0\u00bbhttps:\/\/authentication-web.com\/wp-content\/uploads\/2022\/10\/Pour-future-connexion-Facebook-Inserer-votre-cle-de-securite.png\u00a0\u00bb alt=\u00a0\u00bbPour future connexion Facebook \u2013 Ins\u00e9rer votre cl\u00e9 de s\u00e9curit\u00e9\u00a0\u00bb title_text=\u00a0\u00bbPour future connexion Facebook &#8211; Ins\u00e9rer votre cl\u00e9 de s\u00e9curit\u00e9\u00a0\u00bb _builder_version=\u00a0\u00bb4.18.0&Prime; _module_preset=\u00a0\u00bbdefault\u00a0\u00bb global_colors_info=\u00a0\u00bb{}\u00a0\u00bb][\/et_pb_image][\/et_pb_column][\/et_pb_row][et_pb_row column_structure=\u00a0\u00bb1_3,1_3,1_3&Prime; _builder_version=\u00a0\u00bb4.16&Prime; _module_preset=\u00a0\u00bbdefault\u00a0\u00bb global_colors_info=\u00a0\u00bb{}\u00a0\u00bb][et_pb_column type=\u00a0\u00bb1_3&Prime; _builder_version=\u00a0\u00bb4.16&Prime; _module_preset=\u00a0\u00bbdefault\u00a0\u00bb global_colors_info=\u00a0\u00bb{}\u00a0\u00bb][et_pb_image src=\u00a0\u00bbhttps:\/\/authentication-web.com\/wp-content\/uploads\/2022\/10\/Pour-future-connexion-Facebook-Inserer-votre-cle-de-securite-dans-le-port-USB.png\u00a0\u00bb alt=\u00a0\u00bbimage-15&Prime; title_text=\u00a0\u00bbPour future connexion Facebook &#8211; Ins\u00e9rer votre cl\u00e9 de s\u00e9curit\u00e9 dans le port USB\u00a0\u00bb _builder_version=\u00a0\u00bb4.18.0&Prime; _module_preset=\u00a0\u00bbdefault\u00a0\u00bb global_colors_info=\u00a0\u00bb{}\u00a0\u00bb][\/et_pb_image][\/et_pb_column][et_pb_column type=\u00a0\u00bb1_3&Prime; _builder_version=\u00a0\u00bb4.16&Prime; _module_preset=\u00a0\u00bbdefault\u00a0\u00bb global_colors_info=\u00a0\u00bb{}\u00a0\u00bb][et_pb_image src=\u00a0\u00bbhttps:\/\/authentication-web.com\/wp-content\/uploads\/2022\/10\/Pour-future-connexion-Facebook-Entrer-votre-code-PIN.png\u00a0\u00bb alt=\u00a0\u00bbimage-16&Prime; title_text=\u00a0\u00bbPour future connexion Facebook &#8211; Entrer votre code PIN\u00a0\u00bb _builder_version=\u00a0\u00bb4.18.0&Prime; _module_preset=\u00a0\u00bbdefault\u00a0\u00bb global_colors_info=\u00a0\u00bb{}\u00a0\u00bb][\/et_pb_image][\/et_pb_column][et_pb_column type=\u00a0\u00bb1_3&Prime; _builder_version=\u00a0\u00bb4.16&Prime; _module_preset=\u00a0\u00bbdefault\u00a0\u00bb global_colors_info=\u00a0\u00bb{}\u00a0\u00bb][et_pb_image src=\u00a0\u00bbhttps:\/\/authentication-web.com\/wp-content\/uploads\/2022\/10\/Pour-future-connexion-Facebook-Touchez-votre-cle.png\u00a0\u00bb alt=\u00a0\u00bbimage-17&Prime; title_text=\u00a0\u00bbPour future connexion Facebook &#8211; Touchez votre cl\u00e9\u00a0\u00bb _builder_version=\u00a0\u00bb4.18.0&Prime; _module_preset=\u00a0\u00bbdefault\u00a0\u00bb global_colors_info=\u00a0\u00bb{}\u00a0\u00bb][\/et_pb_image][\/et_pb_column][\/et_pb_row][et_pb_row _builder_version=\u00a0\u00bb4.16&Prime; _module_preset=\u00a0\u00bbdefault\u00a0\u00bb global_colors_info=\u00a0\u00bb{}\u00a0\u00bb][et_pb_column type=\u00a0\u00bb4_4&Prime; _builder_version=\u00a0\u00bb4.16&Prime; _module_preset=\u00a0\u00bbdefault\u00a0\u00bb global_colors_info=\u00a0\u00bb{}\u00a0\u00bb][et_pb_text _builder_version=\u00a0\u00bb4.18.0&Prime; _module_preset=\u00a0\u00bbdefault\u00a0\u00bb global_colors_info=\u00a0\u00bb{}\u00a0\u00bb]<\/p>\n<p>Si vous ne voulez pas utiliser votre cl\u00e9 de s\u00e9curit\u00e9 chaque fois que vous vous connectez \u00e0 votre compte Facebook, cochez la case \u00ab Enregistrer le navigateur \u00bb. Vous indiquez ainsi que votre ordinateur est fiable. Toutefois, cette possibilit\u00e9 est \u00e0 opter uniquement sur les appareils que vous utilisez r\u00e9guli\u00e8rement et que vous ne partagez avec personne d\u2019autre. Sinon, cocher la case \u00ab Ne pas enregistrer \u00bb.<\/p>\n<p>[\/et_pb_text][\/et_pb_column][\/et_pb_row][et_pb_row _builder_version=\u00a0\u00bb4.16&Prime; _module_preset=\u00a0\u00bbdefault\u00a0\u00bb global_colors_info=\u00a0\u00bb{}\u00a0\u00bb][et_pb_column type=\u00a0\u00bb4_4&Prime; _builder_version=\u00a0\u00bb4.16&Prime; _module_preset=\u00a0\u00bbdefault\u00a0\u00bb global_colors_info=\u00a0\u00bb{}\u00a0\u00bb][et_pb_image src=\u00a0\u00bbhttps:\/\/authentication-web.com\/wp-content\/uploads\/2022\/10\/Pour-future-connexion-Facebook-Enregistrer-le-navigateur.png\u00a0\u00bb alt=\u00a0\u00bbimage-18&Prime; title_text=\u00a0\u00bbPour future connexion Facebook &#8211; Enregistrer le navigateur\u00a0\u00bb _builder_version=\u00a0\u00bb4.18.0&Prime; _module_preset=\u00a0\u00bbdefault\u00a0\u00bb global_colors_info=\u00a0\u00bb{}\u00a0\u00bb][\/et_pb_image][\/et_pb_column][\/et_pb_row][\/et_pb_section]<\/p>\n","protected":false},"excerpt":{"rendered":"<p>TutorielComment activer la double authentification sur Facebookavec la cl\u00e9 USB de s\u00e9curit\u00e9 Winkeo-A FIDO U2F ou Winkeo-A \/ C FIDO2 (+U2F) comme second facteur d\u2019authentification ?\u00c9tape 1 Connectez-vous \u00e0 votre compte Facebook puis s\u00e9lectionnez \u00ab Param\u00e8tres et confidentialit\u00e9 \u00bb. Dans \u00ab Param\u00e8tres \u00bb, cliquez sur \u00ab S\u00e9curit\u00e9 et connexion \u00bb qui se trouve dans le [&hellip;]<\/p>\n","protected":false},"author":5,"featured_media":0,"parent":0,"menu_order":0,"comment_status":"closed","ping_status":"closed","template":"","meta":{"_acf_changed":false,"_et_pb_use_builder":"on","_et_pb_old_content":"","_et_gb_content_width":"","inline_featured_image":false,"footnotes":""},"class_list":["post-279421","page","type-page","status-publish","hentry"],"acf":[],"_links":{"self":[{"href":"https:\/\/authentication-web.com\/fr\/wp-json\/wp\/v2\/pages\/279421","targetHints":{"allow":["GET"]}}],"collection":[{"href":"https:\/\/authentication-web.com\/fr\/wp-json\/wp\/v2\/pages"}],"about":[{"href":"https:\/\/authentication-web.com\/fr\/wp-json\/wp\/v2\/types\/page"}],"author":[{"embeddable":true,"href":"https:\/\/authentication-web.com\/fr\/wp-json\/wp\/v2\/users\/5"}],"replies":[{"embeddable":true,"href":"https:\/\/authentication-web.com\/fr\/wp-json\/wp\/v2\/comments?post=279421"}],"version-history":[{"count":27,"href":"https:\/\/authentication-web.com\/fr\/wp-json\/wp\/v2\/pages\/279421\/revisions"}],"predecessor-version":[{"id":280223,"href":"https:\/\/authentication-web.com\/fr\/wp-json\/wp\/v2\/pages\/279421\/revisions\/280223"}],"wp:attachment":[{"href":"https:\/\/authentication-web.com\/fr\/wp-json\/wp\/v2\/media?parent=279421"}],"curies":[{"name":"wp","href":"https:\/\/api.w.org\/{rel}","templated":true}]}}