{"id":280516,"date":"2022-10-27T17:02:04","date_gmt":"2022-10-27T15:02:04","guid":{"rendered":"https:\/\/authentification-web.fr\/?page_id=280516"},"modified":"2022-10-27T17:03:17","modified_gmt":"2022-10-27T15:03:17","slug":"tutoriel-fido-u2f-ovh","status":"publish","type":"page","link":"https:\/\/authentication-web.com\/fr\/tutoriel-fido-u2f-ovh\/","title":{"rendered":"Tutoriel FIDO U2F OVH"},"content":{"rendered":"<p>[et_pb_section fb_built=\u00a0\u00bb1&Prime; _builder_version=\u00a0\u00bb4.16&Prime; _module_preset=\u00a0\u00bbdefault\u00a0\u00bb background_color=\u00a0\u00bbrgba(253,189,62,0.2)\u00a0\u00bb global_colors_info=\u00a0\u00bb{}\u00a0\u00bb][et_pb_row _builder_version=\u00a0\u00bb4.16&Prime; _module_preset=\u00a0\u00bbdefault\u00a0\u00bb global_colors_info=\u00a0\u00bb{}\u00a0\u00bb][et_pb_column type=\u00a0\u00bb4_4&Prime; _builder_version=\u00a0\u00bb4.16&Prime; _module_preset=\u00a0\u00bbdefault\u00a0\u00bb global_colors_info=\u00a0\u00bb{}\u00a0\u00bb][et_pb_text _builder_version=\u00a0\u00bb4.16&Prime; _module_preset=\u00a0\u00bbdefault\u00a0\u00bb header_2_font=\u00a0\u00bb|||on|||||\u00a0\u00bb header_2_text_align=\u00a0\u00bbcenter\u00a0\u00bb header_2_text_color=\u00a0\u00bb#fdbd3e\u00a0\u00bb header_2_font_size=\u00a0\u00bb20px\u00a0\u00bb global_colors_info=\u00a0\u00bb{}\u00a0\u00bb]<\/p>\n<h2>Tutoriel<\/h2>\n<p>[\/et_pb_text][et_pb_text _builder_version=\u00a0\u00bb4.18.0&Prime; _module_preset=\u00a0\u00bbdefault\u00a0\u00bb text_line_height=\u00a0\u00bb2em\u00a0\u00bb header_line_height=\u00a0\u00bb1.1em\u00a0\u00bb text_orientation=\u00a0\u00bbcenter\u00a0\u00bb global_colors_info=\u00a0\u00bb{}\u00a0\u00bb]<\/p>\n<h1>Comment activer la double authentification sur OVHcloud<br \/>avec la cl\u00e9 USB de s\u00e9curit\u00e9 Winkeo-A FIDO U2F ou Winkeo-A \/ C FIDO2 (+U2F)<br \/>comme second facteur d\u2019authentification ?<\/h1>\n<p>[\/et_pb_text][\/et_pb_column][\/et_pb_row][\/et_pb_section][et_pb_section fb_built=\u00a0\u00bb1&Prime; _builder_version=\u00a0\u00bb4.16&Prime; _module_preset=\u00a0\u00bbdefault\u00a0\u00bb global_colors_info=\u00a0\u00bb{}\u00a0\u00bb][et_pb_row _builder_version=\u00a0\u00bb4.16&Prime; _module_preset=\u00a0\u00bbdefault\u00a0\u00bb global_colors_info=\u00a0\u00bb{}\u00a0\u00bb][et_pb_column type=\u00a0\u00bb4_4&Prime; _builder_version=\u00a0\u00bb4.16&Prime; _module_preset=\u00a0\u00bbdefault\u00a0\u00bb global_colors_info=\u00a0\u00bb{}\u00a0\u00bb][et_pb_text _builder_version=\u00a0\u00bb4.18.0&Prime; _module_preset=\u00a0\u00bbdefault\u00a0\u00bb global_colors_info=\u00a0\u00bb{}\u00a0\u00bb]<\/p>\n<h2>En pratique<\/h2>\n<p>L\u2019ajout d\u2019une nouvelle cl\u00e9 U2F n\u2019est actuellement plus possible sur les versions r\u00e9centes du navigateur Chrome (\u00e0 partir de Chrome v98) et ses d\u00e9riv\u00e9s tels que Chromium. L\u2019utilisation d\u2019une cl\u00e9 U2F d\u00e9j\u00e0 ajout\u00e9e et fonctionnelle est toujours possible sur ces versions r\u00e9centes du navigateur, seul l\u2019ajout d\u2019une nouvelle cl\u00e9 U2F est impossible.<\/p>\n<p>Les \u00e9quipes d\u2019OVH <a href=\"https:\/\/customer-service.status-ovhcloud.com\/incidents\/wl6txzgvrym8\" target=\"_blank\" rel=\"noopener\">travaillent \u00e0 r\u00e9soudre ce dysfonctionnement<\/a>. En attendant une r\u00e9solution d\u00e9finitive, nous vous invitons \u00e0 suivre l\u2019une de ces deux m\u00e9thodes de contournement :<br \/>\n[\/et_pb_text][et_pb_image src=\u00a0\u00bbhttps:\/\/authentication-web.com\/wp-content\/uploads\/2022\/10\/En-pratique-OVH.png\u00a0\u00bb alt=\u00a0\u00bbtutoriel google\u00a0\u00bb title_text=\u00a0\u00bbEn pratique &#8211; OVH\u00a0\u00bb _builder_version=\u00a0\u00bb4.18.0&Prime; _module_preset=\u00a0\u00bbdefault\u00a0\u00bb global_colors_info=\u00a0\u00bb{}\u00a0\u00bb][\/et_pb_image][et_pb_text _builder_version=\u00a0\u00bb4.18.0&Prime; _module_preset=\u00a0\u00bbdefault\u00a0\u00bb global_colors_info=\u00a0\u00bb{}\u00a0\u00bb]<\/p>\n<h2>\u00c9tape 1<\/h2>\n<p>Connectez-vous \u00e0 votre espace client OVHcloud, puis cliquez sur votre nom en haut \u00e0 droite de votre \u00e9cran, puis sur vos initiales.<br \/>\n[\/et_pb_text][et_pb_image src=\u00a0\u00bbhttps:\/\/authentication-web.com\/wp-content\/uploads\/2022\/10\/Etape-1-Connectez-vous-a-votre-espace-clien-OVHcloud-1.png\u00a0\u00bb alt=\u00a0\u00bbimage-02&Prime; title_text=\u00a0\u00bbEtape 1 &#8211; Connectez-vous \u00e0 votre espace clien OVHcloud\u00a0\u00bb _builder_version=\u00a0\u00bb4.18.0&Prime; _module_preset=\u00a0\u00bbdefault\u00a0\u00bb global_colors_info=\u00a0\u00bb{}\u00a0\u00bb][\/et_pb_image][et_pb_text _builder_version=\u00a0\u00bb4.18.0&Prime; _module_preset=\u00a0\u00bbdefault\u00a0\u00bb global_colors_info=\u00a0\u00bb{}\u00a0\u00bb]<\/p>\n<h2>\u00c9tape 2<\/h2>\n<p>Poursuivez en cliquant sur \u00ab S\u00e9curit\u00e9 \u00bb et enfin sur \u00ab Activer la double authentification \u00bb. Choisissez la m\u00e9thode par cl\u00e9 de s\u00e9curit\u00e9 et validez. Une fen\u00eatre s&rsquo;ouvre et vous demande de brancher votre cl\u00e9 de s\u00e9curit\u00e9. Une fois la cl\u00e9 ins\u00e9r\u00e9e dans le port USB, la cl\u00e9 clignote. Appuyez sur le bouton de votre cl\u00e9 de s\u00e9curit\u00e9.<br \/>\n[\/et_pb_text][\/et_pb_column][\/et_pb_row][et_pb_row column_structure=\u00a0\u00bb3_5,2_5&Prime; _builder_version=\u00a0\u00bb4.16&Prime; _module_preset=\u00a0\u00bbdefault\u00a0\u00bb global_colors_info=\u00a0\u00bb{}\u00a0\u00bb][et_pb_column type=\u00a0\u00bb3_5&Prime; _builder_version=\u00a0\u00bb4.16&Prime; _module_preset=\u00a0\u00bbdefault\u00a0\u00bb global_colors_info=\u00a0\u00bb{}\u00a0\u00bb][et_pb_image src=\u00a0\u00bbhttps:\/\/authentication-web.com\/wp-content\/uploads\/2022\/10\/Etape-2-Cliquez-sur-Securite-OVH.png\u00a0\u00bb alt=\u00a0\u00bbimage-03&Prime; title_text=\u00a0\u00bbEtape 2 &#8211; Cliquez sur S\u00e9curit\u00e9 OVH\u00a0\u00bb _builder_version=\u00a0\u00bb4.18.0&Prime; _module_preset=\u00a0\u00bbdefault\u00a0\u00bb global_colors_info=\u00a0\u00bb{}\u00a0\u00bb][\/et_pb_image][\/et_pb_column][et_pb_column type=\u00a0\u00bb2_5&Prime; _builder_version=\u00a0\u00bb4.16&Prime; _module_preset=\u00a0\u00bbdefault\u00a0\u00bb global_colors_info=\u00a0\u00bb{}\u00a0\u00bb][et_pb_image src=\u00a0\u00bbhttps:\/\/authentication-web.com\/wp-content\/uploads\/2022\/10\/Etape-2-bis-Ajouter-une-cle-de-securite-OVH.png\u00a0\u00bb alt=\u00a0\u00bbimage-04&Prime; title_text=\u00a0\u00bbEtape 2 bis &#8211; Ajouter une cl\u00e9 de s\u00e9curit\u00e9 OVH\u00a0\u00bb _builder_version=\u00a0\u00bb4.18.0&Prime; _module_preset=\u00a0\u00bbdefault\u00a0\u00bb global_colors_info=\u00a0\u00bb{}\u00a0\u00bb][\/et_pb_image][\/et_pb_column][\/et_pb_row][et_pb_row _builder_version=\u00a0\u00bb4.16&Prime; _module_preset=\u00a0\u00bbdefault\u00a0\u00bb global_colors_info=\u00a0\u00bb{}\u00a0\u00bb][et_pb_column type=\u00a0\u00bb4_4&Prime; _builder_version=\u00a0\u00bb4.16&Prime; _module_preset=\u00a0\u00bbdefault\u00a0\u00bb global_colors_info=\u00a0\u00bb{}\u00a0\u00bb][et_pb_text _builder_version=\u00a0\u00bb4.18.0&Prime; _module_preset=\u00a0\u00bbdefault\u00a0\u00bb global_colors_info=\u00a0\u00bb{}\u00a0\u00bb]<\/p>\n<p>Votre cl\u00e9 est d\u00e9sormais reconnue. Nous vous conseillons de nommer votre cl\u00e9 de s\u00e9curit\u00e9 si vous souhaitez en utiliser plus d\u2019une. Il est par ailleurs recommand\u00e9 d\u2019enr\u00f4ler une deuxi\u00e8me cl\u00e9 dans l\u2019\u00e9ventualit\u00e9 o\u00f9 vous en perdez une. Nous l\u2019avons nomm\u00e9e pour l\u2019exemple \u201cWinkeo FIDO U2F\u201d.<\/p>\n<p>[\/et_pb_text][\/et_pb_column][\/et_pb_row][et_pb_row _builder_version=\u00a0\u00bb4.16&Prime; _module_preset=\u00a0\u00bbdefault\u00a0\u00bb global_colors_info=\u00a0\u00bb{}\u00a0\u00bb][et_pb_column type=\u00a0\u00bb4_4&Prime; _builder_version=\u00a0\u00bb4.16&Prime; _module_preset=\u00a0\u00bbdefault\u00a0\u00bb global_colors_info=\u00a0\u00bb{}\u00a0\u00bb][et_pb_image src=\u00a0\u00bbhttps:\/\/authentication-web.com\/wp-content\/uploads\/2022\/10\/Etape-3-Nommez-la-cle-de-securite-OVH.png\u00a0\u00bb alt=\u00a0\u00bbimage-05&Prime; title_text=\u00a0\u00bbEtape 3 &#8211; Nommez la cl\u00e9 de s\u00e9curit\u00e9 OVH\u00a0\u00bb _builder_version=\u00a0\u00bb4.18.0&Prime; _module_preset=\u00a0\u00bbdefault\u00a0\u00bb global_colors_info=\u00a0\u00bb{}\u00a0\u00bb][\/et_pb_image][\/et_pb_column][\/et_pb_row][et_pb_row _builder_version=\u00a0\u00bb4.16&Prime; _module_preset=\u00a0\u00bbdefault\u00a0\u00bb global_colors_info=\u00a0\u00bb{}\u00a0\u00bb][et_pb_column type=\u00a0\u00bb4_4&Prime; _builder_version=\u00a0\u00bb4.16&Prime; _module_preset=\u00a0\u00bbdefault\u00a0\u00bb global_colors_info=\u00a0\u00bb{}\u00a0\u00bb][et_pb_text _builder_version=\u00a0\u00bb4.18.0&Prime; _module_preset=\u00a0\u00bbdefault\u00a0\u00bb global_colors_info=\u00a0\u00bb{}\u00a0\u00bb]<\/p>\n<h2>\u00c9tape 3<\/h2>\n<p>Au premier ajout d&rsquo;une m\u00e9thode de s\u00e9curit\u00e9 par double authentification, des codes de secours vous sont communiqu\u00e9s. Conservez-les pr\u00e9cieusement. Nous vous conseillons de les sauvegarder dans un endroit s\u00fbr. Les codes de r\u00e9cup\u00e9ration sont une sauvegarde d&rsquo;authentification utilis\u00e9e lorsque le deuxi\u00e8me facteur de 2FA n&rsquo;est pas disponible.<br \/>\n[\/et_pb_text][\/et_pb_column][\/et_pb_row][et_pb_row _builder_version=\u00a0\u00bb4.16&Prime; _module_preset=\u00a0\u00bbdefault\u00a0\u00bb global_colors_info=\u00a0\u00bb{}\u00a0\u00bb][et_pb_column type=\u00a0\u00bb4_4&Prime; _builder_version=\u00a0\u00bb4.16&Prime; _module_preset=\u00a0\u00bbdefault\u00a0\u00bb global_colors_info=\u00a0\u00bb{}\u00a0\u00bb][et_pb_image src=\u00a0\u00bbhttps:\/\/authentication-web.com\/wp-content\/uploads\/2022\/10\/Etape-3-Codes-de-secours-OVH.png\u00a0\u00bb alt=\u00a0\u00bbimage-08&Prime; title_text=\u00a0\u00bbEtape 3 &#8211; Codes de secours OVH\u00a0\u00bb _builder_version=\u00a0\u00bb4.18.0&Prime; _module_preset=\u00a0\u00bbdefault\u00a0\u00bb global_colors_info=\u00a0\u00bb{}\u00a0\u00bb][\/et_pb_image][\/et_pb_column][\/et_pb_row][et_pb_row _builder_version=\u00a0\u00bb4.16&Prime; _module_preset=\u00a0\u00bbdefault\u00a0\u00bb global_colors_info=\u00a0\u00bb{}\u00a0\u00bb][et_pb_column type=\u00a0\u00bb4_4&Prime; _builder_version=\u00a0\u00bb4.16&Prime; _module_preset=\u00a0\u00bbdefault\u00a0\u00bb global_colors_info=\u00a0\u00bb{}\u00a0\u00bb][et_pb_text _builder_version=\u00a0\u00bb4.18.0&Prime; _module_preset=\u00a0\u00bbdefault\u00a0\u00bb global_colors_info=\u00a0\u00bb{}\u00a0\u00bb]<\/p>\n<h2>Futures connexions<\/h2>\n<p>Pour toute future connexion \u00e0 votre compte OVHcloud, vous devrez d\u00e9sormais vous connecter \u00e0 votre espace client OVHcloud, renseigner vos identifiants puis ins\u00e9rer la cl\u00e9 de s\u00e9curit\u00e9 Winkeo-A FIDO U2F. La cl\u00e9 clignote, vous serez invit\u00e9(e) \u00e0 appuyer sur le bouton pour vous authentifier.<\/p>\n<p>[\/et_pb_text][\/et_pb_column][\/et_pb_row][et_pb_row column_structure=\u00a0\u00bb1_4,1_4,1_4,1_4&Prime; _builder_version=\u00a0\u00bb4.16&Prime; _module_preset=\u00a0\u00bbdefault\u00a0\u00bb global_colors_info=\u00a0\u00bb{}\u00a0\u00bb][et_pb_column type=\u00a0\u00bb1_4&Prime; _builder_version=\u00a0\u00bb4.16&Prime; _module_preset=\u00a0\u00bbdefault\u00a0\u00bb global_colors_info=\u00a0\u00bb{}\u00a0\u00bb][et_pb_image src=\u00a0\u00bbhttps:\/\/authentication-web.com\/wp-content\/uploads\/2022\/10\/Futures-connexions-Se-connecter-a-son-compte-OVHcloud.png\u00a0\u00bb alt=\u00a0\u00bbimage-15&Prime; title_text=\u00a0\u00bbFutures connexions &#8211; Se connecter \u00e0 son compte OVHcloud\u00a0\u00bb _builder_version=\u00a0\u00bb4.18.0&Prime; _module_preset=\u00a0\u00bbdefault\u00a0\u00bb global_colors_info=\u00a0\u00bb{}\u00a0\u00bb][\/et_pb_image][\/et_pb_column][et_pb_column type=\u00a0\u00bb1_4&Prime; _builder_version=\u00a0\u00bb4.16&Prime; _module_preset=\u00a0\u00bbdefault\u00a0\u00bb global_colors_info=\u00a0\u00bb{}\u00a0\u00bb][et_pb_image src=\u00a0\u00bbhttps:\/\/authentication-web.com\/wp-content\/uploads\/2022\/10\/Futures-connexions-Inserez-votre-cle-de-securite-OVHcloud.png\u00a0\u00bb alt=\u00a0\u00bbimage-16&Prime; title_text=\u00a0\u00bbFutures connexions &#8211; Ins\u00e9rez votre cl\u00e9 de s\u00e9curit\u00e9 OVHcloud\u00a0\u00bb _builder_version=\u00a0\u00bb4.18.0&Prime; _module_preset=\u00a0\u00bbdefault\u00a0\u00bb global_colors_info=\u00a0\u00bb{}\u00a0\u00bb][\/et_pb_image][\/et_pb_column][et_pb_column type=\u00a0\u00bb1_4&Prime; _builder_version=\u00a0\u00bb4.16&Prime; _module_preset=\u00a0\u00bbdefault\u00a0\u00bb global_colors_info=\u00a0\u00bb{}\u00a0\u00bb][et_pb_image src=\u00a0\u00bbhttps:\/\/authentication-web.com\/wp-content\/uploads\/2022\/10\/Futures-connexions-Inserez-votre-cle-de-securite-pop-up-OVHcloud.png\u00a0\u00bb alt=\u00a0\u00bbFutures connexions \u2013 Ins\u00e9rez votre cl\u00e9 de s\u00e9curit\u00e9 pop up OVHcloud\u00a0\u00bb title_text=\u00a0\u00bbFutures connexions &#8211; Ins\u00e9rez votre cl\u00e9 de s\u00e9curit\u00e9 pop up OVHcloud\u00a0\u00bb _builder_version=\u00a0\u00bb4.18.0&Prime; _module_preset=\u00a0\u00bbdefault\u00a0\u00bb global_colors_info=\u00a0\u00bb{}\u00a0\u00bb][\/et_pb_image][\/et_pb_column][et_pb_column type=\u00a0\u00bb1_4&Prime; _builder_version=\u00a0\u00bb4.16&Prime; _module_preset=\u00a0\u00bbdefault\u00a0\u00bb global_colors_info=\u00a0\u00bb{}\u00a0\u00bb][et_pb_image src=\u00a0\u00bbhttps:\/\/authentication-web.com\/wp-content\/uploads\/2022\/10\/Futures-connexions-Touchez-votre-cle-de-securite-OVHcloud.png\u00a0\u00bb alt=\u00a0\u00bbFutures connexions \u2013 Touchez votre cl\u00e9 de s\u00e9curit\u00e9 OVHcloud\u00a0\u00bb title_text=\u00a0\u00bbFutures connexions &#8211; Touchez votre cl\u00e9 de s\u00e9curit\u00e9 OVHcloud\u00a0\u00bb _builder_version=\u00a0\u00bb4.18.0&Prime; _module_preset=\u00a0\u00bbdefault\u00a0\u00bb global_colors_info=\u00a0\u00bb{}\u00a0\u00bb][\/et_pb_image][\/et_pb_column][\/et_pb_row][et_pb_row _builder_version=\u00a0\u00bb4.16&Prime; _module_preset=\u00a0\u00bbdefault\u00a0\u00bb global_colors_info=\u00a0\u00bb{}\u00a0\u00bb][et_pb_column type=\u00a0\u00bb4_4&Prime; _builder_version=\u00a0\u00bb4.16&Prime; _module_preset=\u00a0\u00bbdefault\u00a0\u00bb global_colors_info=\u00a0\u00bb{}\u00a0\u00bb][et_pb_text _builder_version=\u00a0\u00bb4.18.0&Prime; _module_preset=\u00a0\u00bbdefault\u00a0\u00bb global_colors_info=\u00a0\u00bb{}\u00a0\u00bb]<\/p>\n<p>Vous acc\u00e9derez \u00e0 votre Espace client OVHcloud en toute simplicit\u00e9 et s\u00e9curit\u00e9.<\/p>\n<p>[\/et_pb_text][\/et_pb_column][\/et_pb_row][et_pb_row _builder_version=\u00a0\u00bb4.16&Prime; _module_preset=\u00a0\u00bbdefault\u00a0\u00bb global_colors_info=\u00a0\u00bb{}\u00a0\u00bb][et_pb_column type=\u00a0\u00bb4_4&Prime; _builder_version=\u00a0\u00bb4.16&Prime; _module_preset=\u00a0\u00bbdefault\u00a0\u00bb global_colors_info=\u00a0\u00bb{}\u00a0\u00bb][et_pb_image src=\u00a0\u00bbhttps:\/\/authentication-web.com\/wp-content\/uploads\/2022\/10\/Futures-connexions-Bienvenue-sur-votre-Espace-client-OVHcloud.png\u00a0\u00bb alt=\u00a0\u00bbimage-15&Prime; title_text=\u00a0\u00bbFutures connexions &#8211; Bienvenue sur votre Espace client OVHcloud\u00a0\u00bb _builder_version=\u00a0\u00bb4.18.0&Prime; _module_preset=\u00a0\u00bbdefault\u00a0\u00bb global_colors_info=\u00a0\u00bb{}\u00a0\u00bb][\/et_pb_image][\/et_pb_column][\/et_pb_row][\/et_pb_section]<\/p>\n","protected":false},"excerpt":{"rendered":"<p>Tutoriel Comment activer la double authentification sur OVHcloudavec la cl\u00e9 USB de s\u00e9curit\u00e9 Winkeo-A FIDO U2F ou Winkeo-A \/ C FIDO2 (+U2F)comme second facteur d\u2019authentification ?En pratique L\u2019ajout d\u2019une nouvelle cl\u00e9 U2F n\u2019est actuellement plus possible sur les versions r\u00e9centes du navigateur Chrome (\u00e0 partir de Chrome v98) et ses d\u00e9riv\u00e9s tels que Chromium. L\u2019utilisation [&hellip;]<\/p>\n","protected":false},"author":5,"featured_media":0,"parent":0,"menu_order":0,"comment_status":"closed","ping_status":"closed","template":"","meta":{"_acf_changed":false,"_et_pb_use_builder":"on","_et_pb_old_content":"","_et_gb_content_width":"","inline_featured_image":false,"footnotes":""},"class_list":["post-280516","page","type-page","status-publish","hentry"],"acf":[],"_links":{"self":[{"href":"https:\/\/authentication-web.com\/fr\/wp-json\/wp\/v2\/pages\/280516","targetHints":{"allow":["GET"]}}],"collection":[{"href":"https:\/\/authentication-web.com\/fr\/wp-json\/wp\/v2\/pages"}],"about":[{"href":"https:\/\/authentication-web.com\/fr\/wp-json\/wp\/v2\/types\/page"}],"author":[{"embeddable":true,"href":"https:\/\/authentication-web.com\/fr\/wp-json\/wp\/v2\/users\/5"}],"replies":[{"embeddable":true,"href":"https:\/\/authentication-web.com\/fr\/wp-json\/wp\/v2\/comments?post=280516"}],"version-history":[{"count":23,"href":"https:\/\/authentication-web.com\/fr\/wp-json\/wp\/v2\/pages\/280516\/revisions"}],"predecessor-version":[{"id":281454,"href":"https:\/\/authentication-web.com\/fr\/wp-json\/wp\/v2\/pages\/280516\/revisions\/281454"}],"wp:attachment":[{"href":"https:\/\/authentication-web.com\/fr\/wp-json\/wp\/v2\/media?parent=280516"}],"curies":[{"name":"wp","href":"https:\/\/api.w.org\/{rel}","templated":true}]}}