{"id":3,"date":"2020-04-02T16:09:39","date_gmt":"2020-04-02T14:09:39","guid":{"rendered":"http:\/\/authentification-web.fr\/?page_id=3"},"modified":"2020-11-13T16:27:19","modified_gmt":"2020-11-13T15:27:19","slug":"politique-de-confidentialite","status":"publish","type":"page","link":"https:\/\/authentication-web.com\/fr\/politique-de-confidentialite\/","title":{"rendered":"Politique de confidentialit\u00e9"},"content":{"rendered":"[et_pb_section fb_built=\u00a0\u00bb1&Prime; _builder_version=\u00a0\u00bb3.22&Prime;][et_pb_row _builder_version=\u00a0\u00bb3.25&Prime; background_size=\u00a0\u00bbinitial\u00a0\u00bb background_position=\u00a0\u00bbtop_left\u00a0\u00bb background_repeat=\u00a0\u00bbrepeat\u00a0\u00bb][et_pb_column type=\u00a0\u00bb4_4&Prime; _builder_version=\u00a0\u00bb3.25&Prime; custom_padding=\u00a0\u00bb|||\u00a0\u00bb custom_padding__hover=\u00a0\u00bb|||\u00a0\u00bb][et_pb_text _builder_version=\u00a0\u00bb4.5.3&Prime; _module_preset=\u00a0\u00bbdefault\u00a0\u00bb hover_enabled=\u00a0\u00bb0&Prime; sticky_enabled=\u00a0\u00bb0&Prime;]<h1>Politique de confidentialit\u00e9<\/h1>[\/et_pb_text][et_pb_text _builder_version=\u00a0\u00bb4.6.6&Prime; background_size=\u00a0\u00bbinitial\u00a0\u00bb background_position=\u00a0\u00bbtop_left\u00a0\u00bb background_repeat=\u00a0\u00bbrepeat\u00a0\u00bb hover_enabled=\u00a0\u00bb0&Prime; sticky_enabled=\u00a0\u00bb0&Prime;]<p>La pr\u00e9sente politique d\u00e9taille les informations requises au titre des traitements de donn\u00e9es \u00e0 caract\u00e8re personnel mis en \u0153uvre via le pr\u00e9sent site accessible \u00e0 l\u2019adresse URL\u00a0 <a href=\"https:\/\/authentication-web.com\/\">https:\/\/authentication-web.com\/<\/a> (ci-apr\u00e8s le \u00ab\u00a0Site\u00a0\u00bb).<\/p>\n<p>Le Site est \u00e9dit\u00e9 par la soci\u00e9t\u00e9 NEOWAVE. La Soci\u00e9t\u00e9 NEOWAVE, SAS au capital de\u00a0<span>408\u00a0997<\/span> \u20ac, immatricul\u00e9e au RCS d\u2019Aix-en-Provence sous le num\u00e9ro 498 722 057, dont le si\u00e8ge social se situe 1480 avenue d\u2019Arm\u00e9nie \u2013 p\u00f4le d\u2019activit\u00e9s Y. Morandat &#8211; 13120 Gardanne (ci-apr\u00e8s \u00ab\u00a0NEOWAVE\u00a0\u00bb), a d\u00e9sign\u00e9 un R\u00e9f\u00e9rant Donn\u00e9es Personnelles qui peut \u00eatre contact\u00e9 \u00e0 l\u2019adresse suivante : contact@neowave.fr<\/p>\n<p>NEOWAVE est le responsable du traitement au sens du RGPD, pour la collecte et le traitement des donn\u00e9es \u00e0 caract\u00e8re personnel effectu\u00e9s sur le Site, concernant les finalit\u00e9s suivantes :<\/p>\n<ul>\n<li>Les formulaires de contact pour vous informer sur notre activit\u00e9, pour traiter votre message, ou pour examiner et traiter votre demande de partenariat.<\/li>\n<li>Les donn\u00e9es de cr\u00e9ation de compte client sont trait\u00e9es pour identifier les titulaires de comptes client en vue de l\u2019achat d\u2019\u00e9quipements et du suivi de commandes via le Site. Les donn\u00e9es de navigation collect\u00e9es au travers des donn\u00e9es de connexion (logs) g\u00e9n\u00e9r\u00e9es par le serveur web du Site sont conserv\u00e9es \u00e0 des fins de s\u00e9curit\u00e9, pendant une dur\u00e9e strictement n\u00e9cessaire \u00e0 cette finalit\u00e9, et ne pouvant exc\u00e9der six mois. Ces donn\u00e9es sont destin\u00e9es aux services de NEOWAVE en charge d&rsquo;assurer la s\u00e9curit\u00e9 du Site.<\/li>\n<li>Les donn\u00e9es relatives aux produits command\u00e9s et aux transactions effectu\u00e9es via le Site, aux \u00e9ventuels retours et avoirs subs\u00e9quents sont trait\u00e9es \u00e0 des fins de gestion de la commande et de la relation commerciale. Les informations bancaires sont trait\u00e9es uniquement par nos prestataires de solution de paiement s\u00e9curis\u00e9 en ligne (CIC Lyonnaise de Banque), \u00e9tant pr\u00e9cis\u00e9 que : le cryptogramme n\u2019est pas conserv\u00e9 apr\u00e8s la r\u00e9alisation de la premi\u00e8re transaction ; et les donn\u00e9es de carte bancaire sont conserv\u00e9es jusqu\u2019au paiement complet, et jusqu\u2019\u00e0 la r\u00e9ception des produits command\u00e9s, augment\u00e9 le cas \u00e9ch\u00e9ant du d\u00e9lai de r\u00e9tractation. Dans le cadre de la gestion de r\u00e9clamations, les donn\u00e9es de carte bancaire peuvent \u00eatre conserv\u00e9es et archiv\u00e9es pour la dur\u00e9e pr\u00e9vue par l&rsquo;article L. 133-24 du code mon\u00e9taire et financier.<\/li>\n<li>Plus g\u00e9n\u00e9ralement, les donn\u00e9es personnelles collect\u00e9es via le Site sont trait\u00e9es afin de g\u00e9rer la relation contractuelle et commerciale avec les Clients et prospects de NEOWAVE. Ces traitements sont n\u00e9cessaires \u00e0 l\u2019ex\u00e9cution du contrat ou de mesures pr\u00e9contractuelles prises \u00e0 la demande de ses Clients ou prospects, ou r\u00e9pondent \u00e0 tout le moins \u00e0 l\u2019int\u00e9r\u00eat l\u00e9gitime de NEOWAVE de pr\u00e9senter son activit\u00e9 et ses produits \u00e0 ses clients et prospects.<\/li>\n<li>Les formulaires d\u2019inscription \u00e0 la newsletter. Nous r\u00e9coltons votre pr\u00e9nom, nom et adresse mail pour vous envoyer notre newsletter mensuelle. Un lien de d\u00e9sinscription est inclus dans chaque newsletter que nous envoyons.<\/li>\n<li>Emails.\u00a0Un lien de d\u00e9sinscription est inclus dans chaque email marketing que nous envoyons. Sans que cela soit syst\u00e9matique, nous pouvons analyser et traquer les diff\u00e9rents taux (par exemple de clics, d\u2019ouverture et le taux de rebond) et le nombre d\u2019emails envoy\u00e9s afin de mesurer la performance de nos campagnes emailing.<\/li>\n<\/ul>\n<p>Les donn\u00e9es ainsi collect\u00e9es sur le Site sont exclusivement destin\u00e9es \u00e0 NEOWAVE, et\/ou aux sous-traitants auxquels il est \u00e9ventuellement fait appel dans le cadre de la gestion du Site, en particulier concernant notre prestataire de solution de paiement s\u00e9curis\u00e9 en ligne (CIC Lyonnaise Banque).<\/p>\n<p>Sauf mention contraire dans la pr\u00e9sente politique de donn\u00e9es personnelles, les donn\u00e9es des visiteurs du Site, Clients de NEOWAVE, sont conserv\u00e9es pendant le temps n\u00e9cessaire \u00e0 la gestion de la relation commerciale. Les donn\u00e9es des Clients utilis\u00e9es \u00e0 des fins de prospection commerciale peuvent \u00eatre conserv\u00e9es pendant un d\u00e9lai de trois ans \u00e0 compter de la fin de la relation commerciale. Les donn\u00e9es des visiteurs du Site, prospects non clients de NEOWAVE, sont conserv\u00e9es durant le temps n\u00e9cessaire \u00e0 la gestion de la relation commerciale, et pendant un d\u00e9lai de trois ans \u00e0 compter de leur collecte ou du dernier contact \u00e9manant du prospect, sauf accord pour une dur\u00e9e plus longue. Toutes les donn\u00e9es permettant d\u2019\u00e9tablir la preuve d\u2019un droit ou d\u2019un contrat, ou conserv\u00e9es au titre du respect d\u2019une obligation l\u00e9gale et\/ou r\u00e8glementaire, peuvent faire l\u2019objet d\u2019une politique d\u2019archivage, et \u00eatre conserv\u00e9es \u00e0 ces fins conform\u00e9ment aux dispositions l\u00e9gales et\/ou r\u00e8glementaires en vigueur. Si vous d\u00e9cidez d\u2019exercer votre droit d\u2019opposition, les informations permettant de prendre en compte votre droit d&rsquo;opposition seront conserv\u00e9es au minimum trois ans \u00e0 compter de l&rsquo;exercice de votre droit d&rsquo;opposition.<\/p>\n<p>Les donn\u00e9es personnelles ainsi trait\u00e9es via le Site restent en principe sur le territoire de l\u2019Union Europ\u00e9enne.<\/p>\n<p>Par ailleurs, le Site appose des cookies, le cas \u00e9ch\u00e9ant avec votre accord. Les donn\u00e9es collect\u00e9es au moyen de ces cookies, les finalit\u00e9s de leur collecte, les destinataires des donn\u00e9es et dur\u00e9es de conservation, ainsi que le rappel de vos droits, sont d\u00e9taill\u00e9s dans notre <a href=\"https:\/\/authentication-web.com\/politique-de-cookies\/\">Politique de Cookies du Site.<\/a><\/p>\n<p>En tant que visiteur du Site, vous disposez d&rsquo;un droit d&rsquo;acc\u00e8s, de rectification ou d&rsquo;effacement des donn\u00e9es \u00e0 caract\u00e8re personnel vous concernant, et le cas \u00e9ch\u00e9ant, d&rsquo;un droit \u00e0 la portabilit\u00e9 de vos donn\u00e9es. Vous pouvez demander la limitation ou vous opposer au traitement de vos donn\u00e9es, ou le cas \u00e9ch\u00e9ant, retirer votre consentement. Vous pouvez \u00e9galement d\u00e9finir des directives sur le sort de vos donn\u00e9es apr\u00e8s votre mort, par application de l&rsquo;article 32 6\u00b0 de la Loi modifi\u00e9e n\u00b078-17 du 6 Janvier 1978.<\/p>\n<p>Pour exercer ces droits, adressez un courriel \u00e0\u00a0: contact@neowave.fr, ou \u00e9crivez \u00e0 NEOWAVE, 1480 avenue d\u2019Arm\u00e9nie \u2013 p\u00f4le d\u2019activit\u00e9s Y. Morandat &#8211; 13120 Gardanne.<\/p>\n<p>Conform\u00e9ment \u00e0 la loi, vous disposez du droit l\u00e9gal d\u2019introduire toute r\u00e9clamation aupr\u00e8s d\u2019une <a href=\"http:\/\/www.cnil.fr\" target=\"_blank\" rel=\"noopener\">autorit\u00e9 de contr\u00f4le<\/a>, telle que la <a href=\"https:\/\/www.cnil.fr\/fr\" target=\"_blank\" rel=\"noopener\">CNIL<\/a> en France.<\/p>\n<p><\/p>\n[\/et_pb_text][\/et_pb_column][\/et_pb_row][\/et_pb_section]<!-- \/wp:post-content -->","protected":false},"excerpt":{"rendered":"<p>Politique de confidentialit\u00e9La pr\u00e9sente politique d\u00e9taille les informations requises au titre des traitements de donn\u00e9es \u00e0 caract\u00e8re personnel mis en \u0153uvre via le pr\u00e9sent site accessible \u00e0 l\u2019adresse URL\u00a0 https:\/\/authentication-web.com\/ (ci-apr\u00e8s le \u00ab\u00a0Site\u00a0\u00bb). Le Site est \u00e9dit\u00e9 par la soci\u00e9t\u00e9 NEOWAVE. La Soci\u00e9t\u00e9 NEOWAVE, SAS au capital de\u00a0408\u00a0997 \u20ac, immatricul\u00e9e au RCS d\u2019Aix-en-Provence sous le [&hellip;]<\/p>\n","protected":false},"author":5,"featured_media":0,"parent":0,"menu_order":0,"comment_status":"closed","ping_status":"open","template":"","meta":{"_acf_changed":false,"_et_pb_use_builder":"on","_et_pb_old_content":"<!-- wp:heading --><h2>Qui sommes-nous\u00a0?<\/h2><!-- \/wp:heading --><!-- wp:paragraph --><p>L\u2019adresse de notre site Web est\u00a0: http:\/\/authentication-web.com.<\/p><!-- \/wp:paragraph --><!-- wp:heading --><h2>Utilisation des donn\u00e9es personnelles collect\u00e9es<\/h2><!-- \/wp:heading --><!-- wp:heading {\"level\":3} --><h3>Commentaires<\/h3><!-- \/wp:heading --><!-- wp:paragraph --><p>Quand vous laissez un commentaire sur notre site web, les donn\u00e9es inscrites dans le formulaire de commentaire, mais aussi votre adresse IP et l\u2019agent utilisateur de votre navigateur sont collect\u00e9s pour nous aider \u00e0 la d\u00e9tection des commentaires ind\u00e9sirables.<\/p><!-- \/wp:paragraph --><!-- wp:paragraph --><p>Une cha\u00eene anonymis\u00e9e cr\u00e9\u00e9e \u00e0 partir de votre adresse de messagerie (\u00e9galement appel\u00e9e hash) peut \u00eatre envoy\u00e9e au service Gravatar pour v\u00e9rifier si vous utilisez ce dernier. Les clauses de confidentialit\u00e9 du service Gravatar sont disponibles ici\u00a0: https:\/\/automattic.com\/privacy\/. Apr\u00e8s validation de votre commentaire, votre photo de profil sera visible publiquement \u00e0 cot\u00e9 de votre commentaire.<\/p><!-- \/wp:paragraph --><!-- wp:heading {\"level\":3} --><h3>M\u00e9dias<\/h3><!-- \/wp:heading --><!-- wp:paragraph --><p>Si vous \u00eates un utilisateur ou une utilisatrice enregistr\u00e9\u00b7e et que vous t\u00e9l\u00e9versez des images sur le site web, nous vous conseillons d\u2019\u00e9viter de t\u00e9l\u00e9verser des images contenant des donn\u00e9es EXIF de coordonn\u00e9es GPS. Les visiteurs de votre site web peuvent t\u00e9l\u00e9charger et extraire des donn\u00e9es de localisation depuis ces images.<\/p><!-- \/wp:paragraph --><!-- wp:heading {\"level\":3} --><h3>Formulaires de contact<\/h3><!-- \/wp:heading --><!-- wp:heading {\"level\":3} --><h3>Cookies<\/h3><!-- \/wp:heading --><!-- wp:paragraph --><p>Si vous d\u00e9posez un commentaire sur notre site, il vous sera propos\u00e9 d\u2019enregistrer votre nom, adresse de messagerie et site web dans des cookies. C\u2019est uniquement pour votre confort afin de ne pas avoir \u00e0 saisir ces informations si vous d\u00e9posez un autre commentaire plus tard. Ces cookies expirent au bout d\u2019un an.<\/p><!-- \/wp:paragraph --><!-- wp:paragraph --><p>Si vous vous rendez sur la page de connexion, un cookie temporaire sera cr\u00e9\u00e9 afin de d\u00e9terminer si votre navigateur accepte les cookies. Il ne contient pas de donn\u00e9es personnelles et sera supprim\u00e9 automatiquement \u00e0 la fermeture de votre navigateur.<\/p><!-- \/wp:paragraph --><!-- wp:paragraph --><p>Lorsque vous vous connecterez, nous mettrons en place un certain nombre de cookies pour enregistrer vos informations de connexion et vos pr\u00e9f\u00e9rences d\u2019\u00e9cran. La dur\u00e9e de vie d\u2019un cookie de connexion est de deux jours, celle d\u2019un cookie d\u2019option d\u2019\u00e9cran est d\u2019un an. Si vous cochez \u00ab\u00a0Se souvenir de moi\u00a0\u00bb, votre cookie de connexion sera conserv\u00e9 pendant deux semaines. Si vous vous d\u00e9connectez de votre compte, le cookie de connexion sera effac\u00e9.<\/p><!-- \/wp:paragraph --><!-- wp:paragraph --><p>En modifiant ou en publiant une publication, un cookie suppl\u00e9mentaire sera enregistr\u00e9 dans votre navigateur. Ce cookie ne comprend aucune donn\u00e9e personnelle. Il indique simplement l\u2019ID de la publication que vous venez de modifier. Il expire au bout d\u2019un jour.<\/p><!-- \/wp:paragraph --><!-- wp:heading {\"level\":3} --><h3>Contenu embarqu\u00e9 depuis d\u2019autres sites<\/h3><!-- \/wp:heading --><!-- wp:paragraph --><p>Les articles de ce site peuvent inclure des contenus int\u00e9gr\u00e9s (par exemple des vid\u00e9os, images, articles\u2026). Le contenu int\u00e9gr\u00e9 depuis d\u2019autres sites se comporte de la m\u00eame mani\u00e8re que si le visiteur se rendait sur cet autre site.<\/p><!-- \/wp:paragraph --><!-- wp:paragraph --><p>Ces sites web pourraient collecter des donn\u00e9es sur vous, utiliser des cookies, embarquer des outils de suivis tiers, suivre vos interactions avec ces contenus embarqu\u00e9s si vous disposez d\u2019un compte connect\u00e9 sur leur site web.<\/p><!-- \/wp:paragraph --><!-- wp:heading {\"level\":3} --><h3>Statistiques et mesures d\u2019audience<\/h3><!-- \/wp:heading --><!-- wp:heading --><h2>Utilisation et transmission de vos donn\u00e9es personnelles<\/h2><!-- \/wp:heading --><!-- wp:heading --><h2>Dur\u00e9es de stockage de vos donn\u00e9es<\/h2><!-- \/wp:heading --><!-- wp:paragraph --><p>Si vous laissez un commentaire, le commentaire et ses m\u00e9tadonn\u00e9es sont conserv\u00e9s ind\u00e9finiment. Cela permet de reconna\u00eetre et approuver automatiquement les commentaires suivants au lieu de les laisser dans la file de mod\u00e9ration.<\/p><!-- \/wp:paragraph --><!-- wp:paragraph --><p>Pour les utilisateurs et utilisatrices qui s\u2019enregistrent sur notre site (si cela est possible), nous stockons \u00e9galement les donn\u00e9es personnelles indiqu\u00e9es dans leur profil. Tous les utilisateurs et utilisatrices peuvent voir, modifier ou supprimer leurs informations personnelles \u00e0 tout moment (\u00e0 l\u2019exception de leur nom d\u2019utilisateur\u00b7ice). Les gestionnaires du site peuvent aussi voir et modifier ces informations.<\/p><!-- \/wp:paragraph --><!-- wp:heading --><h2>Les droits que vous avez sur vos donn\u00e9es<\/h2><!-- \/wp:heading --><!-- wp:paragraph --><p>Si vous avez un compte ou si vous avez laiss\u00e9 des commentaires sur le site, vous pouvez demander \u00e0 recevoir un fichier contenant toutes les donn\u00e9es personnelles que nous poss\u00e9dons \u00e0 votre sujet, incluant celles que vous nous avez fournies. Vous pouvez \u00e9galement demander la suppression des donn\u00e9es personnelles vous concernant. Cela ne prend pas en compte les donn\u00e9es stock\u00e9es \u00e0 des fins administratives, l\u00e9gales ou pour des raisons de s\u00e9curit\u00e9.<\/p><!-- \/wp:paragraph --><!-- wp:heading --><h2>Transmission de vos donn\u00e9es personnelles<\/h2><!-- \/wp:heading --><!-- wp:paragraph --><p>Les commentaires des visiteurs peuvent \u00eatre v\u00e9rifi\u00e9s \u00e0 l\u2019aide d\u2019un service automatis\u00e9 de d\u00e9tection des commentaires ind\u00e9sirables.<\/p><!-- \/wp:paragraph --><!-- wp:heading --><h2>Informations de contact<\/h2><!-- \/wp:heading --><!-- wp:heading --><h2>Informations suppl\u00e9mentaires<\/h2><!-- \/wp:heading --><!-- wp:heading {\"level\":3} --><h3>Comment nous prot\u00e9geons vos donn\u00e9es<\/h3><!-- \/wp:heading --><!-- wp:heading {\"level\":3} --><h3>Proc\u00e9dures mises en \u0153uvre en cas de fuite de donn\u00e9es<\/h3><!-- \/wp:heading --><!-- wp:heading {\"level\":3} --><h3>Les services tiers qui nous transmettent des donn\u00e9es<\/h3><!-- \/wp:heading --><!-- wp:heading {\"level\":3} --><h3>Op\u00e9rations de marketing automatis\u00e9 et\/ou de profilage r\u00e9alis\u00e9es \u00e0 l\u2019aide des donn\u00e9es personnelles<\/h3><!-- \/wp:heading --><!-- wp:heading {\"level\":3} --><h3>Affichage des informations li\u00e9es aux secteurs soumis \u00e0 des r\u00e9gulations sp\u00e9cifiques<\/h3><!-- \/wp:heading -->","_et_gb_content_width":"","inline_featured_image":false,"footnotes":""},"class_list":["post-3","page","type-page","status-publish","hentry"],"acf":[],"_links":{"self":[{"href":"https:\/\/authentication-web.com\/fr\/wp-json\/wp\/v2\/pages\/3","targetHints":{"allow":["GET"]}}],"collection":[{"href":"https:\/\/authentication-web.com\/fr\/wp-json\/wp\/v2\/pages"}],"about":[{"href":"https:\/\/authentication-web.com\/fr\/wp-json\/wp\/v2\/types\/page"}],"author":[{"embeddable":true,"href":"https:\/\/authentication-web.com\/fr\/wp-json\/wp\/v2\/users\/5"}],"replies":[{"embeddable":true,"href":"https:\/\/authentication-web.com\/fr\/wp-json\/wp\/v2\/comments?post=3"}],"version-history":[{"count":13,"href":"https:\/\/authentication-web.com\/fr\/wp-json\/wp\/v2\/pages\/3\/revisions"}],"predecessor-version":[{"id":563,"href":"https:\/\/authentication-web.com\/fr\/wp-json\/wp\/v2\/pages\/3\/revisions\/563"}],"wp:attachment":[{"href":"https:\/\/authentication-web.com\/fr\/wp-json\/wp\/v2\/media?parent=3"}],"curies":[{"name":"wp","href":"https:\/\/api.w.org\/{rel}","templated":true}]}}