{"id":347,"date":"2020-07-29T17:47:44","date_gmt":"2020-07-29T15:47:44","guid":{"rendered":"https:\/\/authentification-web.fr\/?page_id=347"},"modified":"2022-10-21T15:33:54","modified_gmt":"2022-10-21T13:33:54","slug":"tutoriel-fido2-microsoft","status":"publish","type":"page","link":"https:\/\/authentication-web.com\/fr\/tutoriel-fido2-microsoft\/","title":{"rendered":"Tutoriel FIDO2 Microsoft"},"content":{"rendered":"<p>[et_pb_section fb_built=\u00a0\u00bb1&Prime; _builder_version=\u00a0\u00bb4.16&Prime; _module_preset=\u00a0\u00bbdefault\u00a0\u00bb background_color=\u00a0\u00bbrgba(253,189,62,0.2)\u00a0\u00bb global_colors_info=\u00a0\u00bb{}\u00a0\u00bb][et_pb_row _builder_version=\u00a0\u00bb4.16&Prime; _module_preset=\u00a0\u00bbdefault\u00a0\u00bb global_colors_info=\u00a0\u00bb{}\u00a0\u00bb][et_pb_column type=\u00a0\u00bb4_4&Prime; _builder_version=\u00a0\u00bb4.16&Prime; _module_preset=\u00a0\u00bbdefault\u00a0\u00bb global_colors_info=\u00a0\u00bb{}\u00a0\u00bb][et_pb_text _builder_version=\u00a0\u00bb4.16&Prime; _module_preset=\u00a0\u00bbdefault\u00a0\u00bb text_text_color=\u00a0\u00bb#fdbd3e\u00a0\u00bb header_font=\u00a0\u00bb|||on|||||\u00a0\u00bb header_text_align=\u00a0\u00bbcenter\u00a0\u00bb header_text_color=\u00a0\u00bb#fdbd3e\u00a0\u00bb header_2_font=\u00a0\u00bb|||on|||||\u00a0\u00bb header_2_text_align=\u00a0\u00bbcenter\u00a0\u00bb header_2_text_color=\u00a0\u00bb#fdbd3e\u00a0\u00bb header_2_font_size=\u00a0\u00bb20px\u00a0\u00bb hover_enabled=\u00a0\u00bb0&Prime; global_colors_info=\u00a0\u00bb{}\u00a0\u00bb sticky_enabled=\u00a0\u00bb0&Prime;]<\/p>\n<h2>Tutoriel<\/h2>\n<p>[\/et_pb_text][et_pb_text _builder_version=\u00a0\u00bb4.18.0&Prime; _module_preset=\u00a0\u00bbdefault\u00a0\u00bb header_text_align=\u00a0\u00bbcenter\u00a0\u00bb hover_enabled=\u00a0\u00bb0&Prime; global_colors_info=\u00a0\u00bb{}\u00a0\u00bb sticky_enabled=\u00a0\u00bb0&Prime;]<\/p>\n<h1>Comment activer la cl\u00e9 Winkeo-A FIDO2 et\/ou Winkeo-C FIDO2 et\/ou la carte Badgeo FIDO2 comme moyen d&rsquo;authentification avec Microsoft ?<\/h1>\n<p>[\/et_pb_text][\/et_pb_column][\/et_pb_row][\/et_pb_section][et_pb_section fb_built=\u00a0\u00bb1&Prime; _builder_version=\u00a0\u00bb4.16&Prime; _module_preset=\u00a0\u00bbdefault\u00a0\u00bb global_colors_info=\u00a0\u00bb{}\u00a0\u00bb][et_pb_row _builder_version=\u00a0\u00bb4.16&Prime; _module_preset=\u00a0\u00bbdefault\u00a0\u00bb global_colors_info=\u00a0\u00bb{}\u00a0\u00bb][et_pb_column type=\u00a0\u00bb4_4&Prime; _builder_version=\u00a0\u00bb4.16&Prime; _module_preset=\u00a0\u00bbdefault\u00a0\u00bb global_colors_info=\u00a0\u00bb{}\u00a0\u00bb][et_pb_text _builder_version=\u00a0\u00bb4.18.0&Prime; _module_preset=\u00a0\u00bbdefault\u00a0\u00bb hover_enabled=\u00a0\u00bb0&Prime; global_colors_info=\u00a0\u00bb{}\u00a0\u00bb sticky_enabled=\u00a0\u00bb0&Prime;]<\/p>\n<p>La documentation officielle sur l&rsquo;int\u00e9gration de FIDO2 au niveau de Windows 10 dans l&rsquo;architecture Azure Active Directory est disponible <strong><a href=\"https:\/\/docs.microsoft.com\/fr-fr\/azure\/active-directory\/authentication\/concept-authentication-passwordless\" target=\"_blank\" rel=\"noopener noreferrer\">ici<\/a>.<\/strong><\/p>\n<p>Voici un guide r\u00e9sum\u00e9 pour la mise en place d\u2019une cl\u00e9 Winkeo ou d&rsquo;une carte Badgeo comme moyen d\u2019authentification d\u2019un utilisateur de l\u2019annuaire d\u2019entreprise Azure Active Directory et l\u2019ouverture de sessions Windows 10.<\/p>\n<p>[\/et_pb_text][\/et_pb_column][\/et_pb_row][et_pb_row column_structure=\u00a0\u00bb3_5,2_5&Prime; _builder_version=\u00a0\u00bb4.16&Prime; _module_preset=\u00a0\u00bbdefault\u00a0\u00bb global_colors_info=\u00a0\u00bb{}\u00a0\u00bb][et_pb_column type=\u00a0\u00bb3_5&Prime; _builder_version=\u00a0\u00bb4.16&Prime; _module_preset=\u00a0\u00bbdefault\u00a0\u00bb global_colors_info=\u00a0\u00bb{}\u00a0\u00bb][et_pb_image src=\u00a0\u00bbhttps:\/\/authentication-web.com\/wp-content\/uploads\/2021\/01\/Image-Centre-dadministration-Azure-Active-Directory.png\u00a0\u00bb alt=\u00a0\u00bbActivation de la cl\u00e9 ou carte FIDO2 sur Azure Active Directory pour authentification forte\u00a0\u00bb title_text=\u00a0\u00bbImage Centre d&rsquo;administration Azure Active Directory\u00a0\u00bb _builder_version=\u00a0\u00bb4.16&Prime; _module_preset=\u00a0\u00bbdefault\u00a0\u00bb global_colors_info=\u00a0\u00bb{}\u00a0\u00bb][\/et_pb_image][\/et_pb_column][et_pb_column type=\u00a0\u00bb2_5&Prime; _builder_version=\u00a0\u00bb4.16&Prime; _module_preset=\u00a0\u00bbdefault\u00a0\u00bb global_colors_info=\u00a0\u00bb{}\u00a0\u00bb][et_pb_text _builder_version=\u00a0\u00bb4.16&Prime; _module_preset=\u00a0\u00bbdefault\u00a0\u00bb global_colors_info=\u00a0\u00bb{}\u00a0\u00bb]<\/p>\n<h2>\u00c9tape 1<\/h2>\n<p>Votre administrateur r\u00e9seau devra activer les \u00ab cl\u00e9s de s\u00e9curit\u00e9 FIDO2 \u00bb dans la \u00ab Strat\u00e9gie de m\u00e9thode d\u2019authentification \u00bb le centre d\u2019administration de votre Azure Active Directory\u00a0<a href=\"https:\/\/aad.portal.azure.com\/\" target=\"_blank\" rel=\"noopener\">https:\/\/aad.portal.azure.com\/<\/a><\/p>\n<p>[\/et_pb_text][\/et_pb_column][\/et_pb_row][et_pb_row column_structure=\u00a0\u00bb3_5,2_5&Prime; _builder_version=\u00a0\u00bb4.16&Prime; _module_preset=\u00a0\u00bbdefault\u00a0\u00bb global_colors_info=\u00a0\u00bb{}\u00a0\u00bb][et_pb_column type=\u00a0\u00bb3_5&Prime; _builder_version=\u00a0\u00bb4.16&Prime; _module_preset=\u00a0\u00bbdefault\u00a0\u00bb global_colors_info=\u00a0\u00bb{}\u00a0\u00bb][et_pb_image src=\u00a0\u00bbhttps:\/\/authentication-web.com\/wp-content\/uploads\/2021\/01\/Image-Restriction-de-cle.png\u00a0\u00bb alt=\u00a0\u00bbChoix des utilisateurs pour activation de la cl\u00e9 ou carte FIDO2 sur Azure Active Directory\u00a0\u00bb title_text=\u00a0\u00bbImage Restriction de cl\u00e9\u00a0\u00bb _builder_version=\u00a0\u00bb4.16&Prime; _module_preset=\u00a0\u00bbdefault\u00a0\u00bb global_colors_info=\u00a0\u00bb{}\u00a0\u00bb][\/et_pb_image][\/et_pb_column][et_pb_column type=\u00a0\u00bb2_5&Prime; _builder_version=\u00a0\u00bb4.16&Prime; _module_preset=\u00a0\u00bbdefault\u00a0\u00bb global_colors_info=\u00a0\u00bb{}\u00a0\u00bb][et_pb_text _builder_version=\u00a0\u00bb4.16&Prime; _module_preset=\u00a0\u00bbdefault\u00a0\u00bb global_colors_info=\u00a0\u00bb{}\u00a0\u00bb]<\/p>\n<h2>\u00c9tape 2<\/h2>\n<p>L\u2019administrateur devra ensuite choisir les utilisateurs qui pourront utiliser cette m\u00e9thode.<br \/>Il devra aussi d\u00e9sactiver la \u00ab restriction de cl\u00e9 \u00bb qui bloque certains fabricants de mat\u00e9riel.<\/p>\n<p>[\/et_pb_text][\/et_pb_column][\/et_pb_row][et_pb_row column_structure=\u00a0\u00bb3_5,2_5&Prime; _builder_version=\u00a0\u00bb4.16&Prime; _module_preset=\u00a0\u00bbdefault\u00a0\u00bb global_colors_info=\u00a0\u00bb{}\u00a0\u00bb][et_pb_column type=\u00a0\u00bb3_5&Prime; _builder_version=\u00a0\u00bb4.16&Prime; _module_preset=\u00a0\u00bbdefault\u00a0\u00bb global_colors_info=\u00a0\u00bb{}\u00a0\u00bb][et_pb_image src=\u00a0\u00bbhttps:\/\/authentication-web.com\/wp-content\/uploads\/2021\/01\/Image-Informations-de-securite-Microsoft.png\u00a0\u00bb alt=\u00a0\u00bbActivation de la cl\u00e9 ou carte FIDO2 dans son propre portail Microsoft\u00a0\u00bb title_text=\u00a0\u00bbImage Informations de s\u00e9curit\u00e9 Microsoft\u00a0\u00bb _builder_version=\u00a0\u00bb4.16&Prime; _module_preset=\u00a0\u00bbdefault\u00a0\u00bb global_colors_info=\u00a0\u00bb{}\u00a0\u00bb][\/et_pb_image][\/et_pb_column][et_pb_column type=\u00a0\u00bb2_5&Prime; _builder_version=\u00a0\u00bb4.16&Prime; _module_preset=\u00a0\u00bbdefault\u00a0\u00bb global_colors_info=\u00a0\u00bb{}\u00a0\u00bb][et_pb_text _builder_version=\u00a0\u00bb4.16&Prime; _module_preset=\u00a0\u00bbdefault\u00a0\u00bb global_colors_info=\u00a0\u00bb{}\u00a0\u00bb]<\/p>\n<h2>\u00c9tape 3<\/h2>\n<p>L\u2019utilisateur pourra ensuite activer la cl\u00e9 de s\u00e9curit\u00e9 Winkeo FIDO2 et\/ou la carte Badgeo FIDO2 dans son propre portail.<\/p>\n<p>Il devra se rendre sur\u00a0<a href=\"https:\/\/mysignins.microsoft.com\/\" target=\"_blank\" rel=\"noopener noreferrer\">https:\/\/mysignins.microsoft.com\/<\/a>\u00a0dans l&rsquo;onglet \u00ab\u00a0Informations de s\u00e9curit\u00e9\u00a0\u00bb, cliquer sur \u00ab\u00a0Ajouter une m\u00e9thode\u00a0\u00bb puis sur \u00ab\u00a0Cl\u00e9 de s\u00e9curite\u00a0\u00bb dans le menu d\u00e9roulant.<\/p>\n<p>[\/et_pb_text][\/et_pb_column][\/et_pb_row][et_pb_row column_structure=\u00a0\u00bb3_5,2_5&Prime; _builder_version=\u00a0\u00bb4.16&Prime; _module_preset=\u00a0\u00bbdefault\u00a0\u00bb global_colors_info=\u00a0\u00bb{}\u00a0\u00bb][et_pb_column type=\u00a0\u00bb3_5&Prime; _builder_version=\u00a0\u00bb4.16&Prime; _module_preset=\u00a0\u00bbdefault\u00a0\u00bb global_colors_info=\u00a0\u00bb{}\u00a0\u00bb][et_pb_image src=\u00a0\u00bbhttps:\/\/authentication-web.com\/wp-content\/uploads\/2021\/01\/Registry_locale_poste.png\u00a0\u00bb alt=\u00a0\u00bbRegistry locale de votre poste pour activation authentification forte sur cl\u00e9 ou carte FIDO2&Prime; title_text=\u00a0\u00bbRegistry_locale_poste\u00a0\u00bb _builder_version=\u00a0\u00bb4.16&Prime; _module_preset=\u00a0\u00bbdefault\u00a0\u00bb global_colors_info=\u00a0\u00bb{}\u00a0\u00bb][\/et_pb_image][\/et_pb_column][et_pb_column type=\u00a0\u00bb2_5&Prime; _builder_version=\u00a0\u00bb4.16&Prime; _module_preset=\u00a0\u00bbdefault\u00a0\u00bb global_colors_info=\u00a0\u00bb{}\u00a0\u00bb][et_pb_text _builder_version=\u00a0\u00bb4.16&Prime; _module_preset=\u00a0\u00bbdefault\u00a0\u00bb global_colors_info=\u00a0\u00bb{}\u00a0\u00bb]<\/p>\n<h2>\u00c9tape 4<\/h2>\n<p>L\u2019administrateur devra ensuite faire la modification suivante dans la \u00abregistry\u00bb locale de votre poste :<\/p>\n<p>[HKEY_LOCAL_MACHINE\\SOFTWARE\\Microsoft\\Policies\\PassportForWork\\SecurityKey]<br \/>\u00ab\u00a0UseSecurityKeyForSignin\u00a0\u00bb=dword:00000001<\/p>\n<p>[\/et_pb_text][\/et_pb_column][\/et_pb_row][et_pb_row column_structure=\u00a0\u00bb3_5,2_5&Prime; _builder_version=\u00a0\u00bb4.16&Prime; _module_preset=\u00a0\u00bbdefault\u00a0\u00bb global_colors_info=\u00a0\u00bb{}\u00a0\u00bb][et_pb_column type=\u00a0\u00bb3_5&Prime; _builder_version=\u00a0\u00bb4.16&Prime; _module_preset=\u00a0\u00bbdefault\u00a0\u00bb global_colors_info=\u00a0\u00bb{}\u00a0\u00bb][et_pb_image src=\u00a0\u00bbhttps:\/\/authentication-web.com\/wp-content\/uploads\/2021\/01\/Option_authentification_cle_et_carte_FIDO2.png\u00a0\u00bb alt=\u00a0\u00bbAuthentification par cl\u00e9 et carte FIDO2 pour ouverture de session Microsoft\u00a0\u00bb title_text=\u00a0\u00bbOption_authentification_cl\u00e9_et_carte_FIDO2&Prime; _builder_version=\u00a0\u00bb4.16&Prime; _module_preset=\u00a0\u00bbdefault\u00a0\u00bb global_colors_info=\u00a0\u00bb{}\u00a0\u00bb][\/et_pb_image][\/et_pb_column][et_pb_column type=\u00a0\u00bb2_5&Prime; _builder_version=\u00a0\u00bb4.16&Prime; _module_preset=\u00a0\u00bbdefault\u00a0\u00bb global_colors_info=\u00a0\u00bb{}\u00a0\u00bb][et_pb_text _builder_version=\u00a0\u00bb4.16&Prime; _module_preset=\u00a0\u00bbdefault\u00a0\u00bb global_colors_info=\u00a0\u00bb{}\u00a0\u00bb]<\/p>\n<h2>\u00c9tape 5<\/h2>\n<p>Apr\u00e8s ces param\u00e9trages, une nouvelle option d\u2019authentification par cl\u00e9 FIDO2 et\/ou carte FIDO2 pour l\u2019ouverture de session appara\u00eetra.<\/p>\n<p>[\/et_pb_text][\/et_pb_column][\/et_pb_row][\/et_pb_section]<\/p>\n","protected":false},"excerpt":{"rendered":"<p>TutorielComment activer la cl\u00e9 Winkeo-A FIDO2 et\/ou Winkeo-C FIDO2 et\/ou la carte Badgeo FIDO2 comme moyen d&rsquo;authentification avec Microsoft ?La documentation officielle sur l&rsquo;int\u00e9gration de FIDO2 au niveau de Windows 10 dans l&rsquo;architecture Azure Active Directory est disponible ici. Voici un guide r\u00e9sum\u00e9 pour la mise en place d\u2019une cl\u00e9 Winkeo ou d&rsquo;une carte Badgeo [&hellip;]<\/p>\n","protected":false},"author":5,"featured_media":0,"parent":0,"menu_order":0,"comment_status":"closed","ping_status":"closed","template":"","meta":{"_acf_changed":false,"_et_pb_use_builder":"on","_et_pb_old_content":"","_et_gb_content_width":"","inline_featured_image":false,"footnotes":""},"class_list":["post-347","page","type-page","status-publish","hentry"],"acf":[],"_links":{"self":[{"href":"https:\/\/authentication-web.com\/fr\/wp-json\/wp\/v2\/pages\/347","targetHints":{"allow":["GET"]}}],"collection":[{"href":"https:\/\/authentication-web.com\/fr\/wp-json\/wp\/v2\/pages"}],"about":[{"href":"https:\/\/authentication-web.com\/fr\/wp-json\/wp\/v2\/types\/page"}],"author":[{"embeddable":true,"href":"https:\/\/authentication-web.com\/fr\/wp-json\/wp\/v2\/users\/5"}],"replies":[{"embeddable":true,"href":"https:\/\/authentication-web.com\/fr\/wp-json\/wp\/v2\/comments?post=347"}],"version-history":[{"count":27,"href":"https:\/\/authentication-web.com\/fr\/wp-json\/wp\/v2\/pages\/347\/revisions"}],"predecessor-version":[{"id":276817,"href":"https:\/\/authentication-web.com\/fr\/wp-json\/wp\/v2\/pages\/347\/revisions\/276817"}],"wp:attachment":[{"href":"https:\/\/authentication-web.com\/fr\/wp-json\/wp\/v2\/media?parent=347"}],"curies":[{"name":"wp","href":"https:\/\/api.w.org\/{rel}","templated":true}]}}