{"id":364112,"date":"2023-03-16T16:13:45","date_gmt":"2023-03-16T15:13:45","guid":{"rendered":"https:\/\/authentification-web.fr\/?page_id=364112"},"modified":"2023-03-16T16:13:52","modified_gmt":"2023-03-16T15:13:52","slug":"tutoriel-fido-u2f-twitter","status":"publish","type":"page","link":"https:\/\/authentication-web.com\/fr\/tutoriel-fido-u2f-twitter\/","title":{"rendered":"Tutoriel FIDO U2F Twitter"},"content":{"rendered":"<p>[et_pb_section fb_built=\u00a0\u00bb1&Prime; _builder_version=\u00a0\u00bb4.16&Prime; _module_preset=\u00a0\u00bbdefault\u00a0\u00bb background_color=\u00a0\u00bbrgba(253,189,62,0.2)\u00a0\u00bb global_colors_info=\u00a0\u00bb{}\u00a0\u00bb][et_pb_row _builder_version=\u00a0\u00bb4.16&Prime; _module_preset=\u00a0\u00bbdefault\u00a0\u00bb global_colors_info=\u00a0\u00bb{}\u00a0\u00bb][et_pb_column type=\u00a0\u00bb4_4&Prime; _builder_version=\u00a0\u00bb4.16&Prime; _module_preset=\u00a0\u00bbdefault\u00a0\u00bb global_colors_info=\u00a0\u00bb{}\u00a0\u00bb][et_pb_text _builder_version=\u00a0\u00bb4.16&Prime; _module_preset=\u00a0\u00bbdefault\u00a0\u00bb header_2_font=\u00a0\u00bb|||on|||||\u00a0\u00bb header_2_text_align=\u00a0\u00bbcenter\u00a0\u00bb header_2_text_color=\u00a0\u00bb#fdbd3e\u00a0\u00bb header_2_font_size=\u00a0\u00bb20px\u00a0\u00bb global_colors_info=\u00a0\u00bb{}\u00a0\u00bb]<\/p>\n<h2>Tutoriel<\/h2>\n<p>[\/et_pb_text][et_pb_text _builder_version=\u00a0\u00bb4.19.5&Prime; _module_preset=\u00a0\u00bbdefault\u00a0\u00bb text_line_height=\u00a0\u00bb2em\u00a0\u00bb header_line_height=\u00a0\u00bb1.1em\u00a0\u00bb text_orientation=\u00a0\u00bbcenter\u00a0\u00bb global_colors_info=\u00a0\u00bb{}\u00a0\u00bb]<\/p>\n<h1>Comment activer la double authentification sur Twitter<br \/>avec la cl\u00e9 USB de s\u00e9curit\u00e9 Winkeo-A FIDO U2F ou Winkeo-A \/ C FIDO2 (+U2F) comme second facteur d\u2019authentification ?<\/h1>\n<p>[\/et_pb_text][\/et_pb_column][\/et_pb_row][\/et_pb_section][et_pb_section fb_built=\u00a0\u00bb1&Prime; _builder_version=\u00a0\u00bb4.16&Prime; _module_preset=\u00a0\u00bbdefault\u00a0\u00bb global_colors_info=\u00a0\u00bb{}\u00a0\u00bb][et_pb_row _builder_version=\u00a0\u00bb4.18.0&Prime; _module_preset=\u00a0\u00bbdefault\u00a0\u00bb global_colors_info=\u00a0\u00bb{}\u00a0\u00bb][et_pb_column type=\u00a0\u00bb4_4&Prime; _builder_version=\u00a0\u00bb4.18.0&Prime; _module_preset=\u00a0\u00bbdefault\u00a0\u00bb global_colors_info=\u00a0\u00bb{}\u00a0\u00bb][et_pb_text _builder_version=\u00a0\u00bb4.19.5&Prime; _module_preset=\u00a0\u00bbdefault\u00a0\u00bb global_colors_info=\u00a0\u00bb{}\u00a0\u00bb]<\/p>\n<h2>\u00c9tape 1<\/h2>\n<p>Connectez-vous \u00e0 votre compte Twitter puis dans le menu \u00e0 gauche, cliquez sur <strong>Plus<\/strong>, puis sur <strong>Param\u00e8tres et support.<\/strong> Enfin, dans le menu d\u00e9roulant de la fen\u00eatre, cliquez sur <strong>Param\u00e8tres et confidentialit\u00e9<\/strong>.<\/p>\n<p>[\/et_pb_text][\/et_pb_column][\/et_pb_row][et_pb_row column_structure=\u00a0\u00bb1_3,1_3,1_3&Prime; _builder_version=\u00a0\u00bb4.18.0&Prime; _module_preset=\u00a0\u00bbdefault\u00a0\u00bb global_colors_info=\u00a0\u00bb{}\u00a0\u00bb][et_pb_column type=\u00a0\u00bb1_3&Prime; _builder_version=\u00a0\u00bb4.18.0&Prime; _module_preset=\u00a0\u00bbdefault\u00a0\u00bb global_colors_info=\u00a0\u00bb{}\u00a0\u00bb][et_pb_image src=\u00a0\u00bbhttps:\/\/authentication-web.com\/wp-content\/uploads\/2023\/03\/Etape-1-Connexion-Twitter.png\u00a0\u00bb alt=\u00a0\u00bbConnexion \u00e0 Twitter\u00a0\u00bb title_text=\u00a0\u00bbEtape 1 &#8211; Connexion Twitter\u00a0\u00bb _builder_version=\u00a0\u00bb4.19.5&Prime; _module_preset=\u00a0\u00bbdefault\u00a0\u00bb global_colors_info=\u00a0\u00bb{}\u00a0\u00bb][\/et_pb_image][\/et_pb_column][et_pb_column type=\u00a0\u00bb1_3&Prime; _builder_version=\u00a0\u00bb4.18.0&Prime; _module_preset=\u00a0\u00bbdefault\u00a0\u00bb global_colors_info=\u00a0\u00bb{}\u00a0\u00bb][et_pb_image src=\u00a0\u00bbhttps:\/\/authentication-web.com\/wp-content\/uploads\/2023\/03\/Etape-1-Accueil-Plus.png\u00a0\u00bb alt=\u00a0\u00bbAccueil Twitter Plus\u00a0\u00bb title_text=\u00a0\u00bbEtape 1 &#8211; Accueil &#8211; Plus\u00a0\u00bb _builder_version=\u00a0\u00bb4.19.5&Prime; _module_preset=\u00a0\u00bbdefault\u00a0\u00bb global_colors_info=\u00a0\u00bb{}\u00a0\u00bb][\/et_pb_image][\/et_pb_column][et_pb_column type=\u00a0\u00bb1_3&Prime; _builder_version=\u00a0\u00bb4.18.0&Prime; _module_preset=\u00a0\u00bbdefault\u00a0\u00bb global_colors_info=\u00a0\u00bb{}\u00a0\u00bb][et_pb_image src=\u00a0\u00bbhttps:\/\/authentication-web.com\/wp-content\/uploads\/2023\/03\/Etape-1-Parametres-et-confidentialite.png\u00a0\u00bb alt=\u00a0\u00bbParam\u00e8tres et confidentialit\u00e9 Twitter\u00a0\u00bb title_text=\u00a0\u00bbEtape 1 &#8211; Param\u00e8tres et confidentialit\u00e9\u00a0\u00bb _builder_version=\u00a0\u00bb4.19.5&Prime; _module_preset=\u00a0\u00bbdefault\u00a0\u00bb global_colors_info=\u00a0\u00bb{}\u00a0\u00bb][\/et_pb_image][\/et_pb_column][\/et_pb_row][et_pb_row _builder_version=\u00a0\u00bb4.16&Prime; _module_preset=\u00a0\u00bbdefault\u00a0\u00bb global_colors_info=\u00a0\u00bb{}\u00a0\u00bb][et_pb_column type=\u00a0\u00bb4_4&Prime; _builder_version=\u00a0\u00bb4.16&Prime; _module_preset=\u00a0\u00bbdefault\u00a0\u00bb global_colors_info=\u00a0\u00bb{}\u00a0\u00bb][et_pb_text _builder_version=\u00a0\u00bb4.19.5&Prime; _module_preset=\u00a0\u00bbdefault\u00a0\u00bb global_colors_info=\u00a0\u00bb{}\u00a0\u00bb]<\/p>\n<h2>\u00c9tape 2<\/h2>\n<p>Cliquez sur <strong>S\u00e9curit\u00e9 et acc\u00e8s au compte<\/strong>, puis sur <strong>S\u00e9curit\u00e9<\/strong>.<\/p>\n<p>[\/et_pb_text][et_pb_image src=\u00a0\u00bbhttps:\/\/authentication-web.com\/wp-content\/uploads\/2023\/03\/Etape-2-Securite-et-acces-au-compte-Twitter.png\u00a0\u00bb alt=\u00a0\u00bbS\u00e9curit\u00e9 et acc\u00e8s au compte Twitter\u00a0\u00bb title_text=\u00a0\u00bbEtape 2 &#8211; S\u00e9curit\u00e9 et acc\u00e8s au compte Twitter\u00a0\u00bb _builder_version=\u00a0\u00bb4.19.5&Prime; _module_preset=\u00a0\u00bbdefault\u00a0\u00bb global_colors_info=\u00a0\u00bb{}\u00a0\u00bb][\/et_pb_image][\/et_pb_column][\/et_pb_row][et_pb_row _builder_version=\u00a0\u00bb4.16&Prime; _module_preset=\u00a0\u00bbdefault\u00a0\u00bb global_colors_info=\u00a0\u00bb{}\u00a0\u00bb][et_pb_column type=\u00a0\u00bb4_4&Prime; _builder_version=\u00a0\u00bb4.16&Prime; _module_preset=\u00a0\u00bbdefault\u00a0\u00bb global_colors_info=\u00a0\u00bb{}\u00a0\u00bb][et_pb_text _builder_version=\u00a0\u00bb4.19.5&Prime; _module_preset=\u00a0\u00bbdefault\u00a0\u00bb global_colors_info=\u00a0\u00bb{}\u00a0\u00bb]<\/p>\n<h2>\u00c9tape 3<\/h2>\n<p>Dans le menu d\u00e9roulant, cliquez sur <strong>Authentification \u00e0 deux facteurs,<\/strong> puis sur <strong>Cl\u00e9 de s\u00e9curit\u00e9<\/strong> et enfin sur <strong>D\u00e9marrer<\/strong>.<\/p>\n<p>[\/et_pb_text][\/et_pb_column][\/et_pb_row][et_pb_row column_structure=\u00a0\u00bb1_3,1_3,1_3&Prime; _builder_version=\u00a0\u00bb4.16&Prime; _module_preset=\u00a0\u00bbdefault\u00a0\u00bb global_colors_info=\u00a0\u00bb{}\u00a0\u00bb][et_pb_column type=\u00a0\u00bb1_3&Prime; _builder_version=\u00a0\u00bb4.16&Prime; _module_preset=\u00a0\u00bbdefault\u00a0\u00bb global_colors_info=\u00a0\u00bb{}\u00a0\u00bb][et_pb_image src=\u00a0\u00bbhttps:\/\/authentication-web.com\/wp-content\/uploads\/2023\/03\/Etape-3-Authentification-a-deux-facteurs.png\u00a0\u00bb alt=\u00a0\u00bbAuthentification \u00e0 deux facteurs Twitter\u00a0\u00bb title_text=\u00a0\u00bbEtape 3 &#8211; Authentification \u00e0 deux facteurs\u00a0\u00bb _builder_version=\u00a0\u00bb4.19.5&Prime; _module_preset=\u00a0\u00bbdefault\u00a0\u00bb global_colors_info=\u00a0\u00bb{}\u00a0\u00bb][\/et_pb_image][\/et_pb_column][et_pb_column type=\u00a0\u00bb1_3&Prime; _builder_version=\u00a0\u00bb4.16&Prime; _module_preset=\u00a0\u00bbdefault\u00a0\u00bb global_colors_info=\u00a0\u00bb{}\u00a0\u00bb][et_pb_image src=\u00a0\u00bbhttps:\/\/authentication-web.com\/wp-content\/uploads\/2023\/03\/Etape-3-Choix-Cle-de-securite.png\u00a0\u00bb alt=\u00a0\u00bbChoix Cl\u00e9 de s\u00e9curit\u00e9 pour authentification \u00e0 deux facteurs Twitter\u00a0\u00bb title_text=\u00a0\u00bbEtape 3 &#8211; Choix Cl\u00e9 de s\u00e9curit\u00e9\u00a0\u00bb _builder_version=\u00a0\u00bb4.19.5&Prime; _module_preset=\u00a0\u00bbdefault\u00a0\u00bb global_colors_info=\u00a0\u00bb{}\u00a0\u00bb][\/et_pb_image][\/et_pb_column][et_pb_column type=\u00a0\u00bb1_3&Prime; _builder_version=\u00a0\u00bb4.16&Prime; _module_preset=\u00a0\u00bbdefault\u00a0\u00bb global_colors_info=\u00a0\u00bb{}\u00a0\u00bb][et_pb_image src=\u00a0\u00bbhttps:\/\/authentication-web.com\/wp-content\/uploads\/2023\/03\/Etape-3-Demarrer-protection-compte.png\u00a0\u00bb alt=\u00a0\u00bbProt\u00e9gez votre compte Twitter en deux \u00e9tapes seulement D\u00e9marrer\u00a0\u00bb title_text=\u00a0\u00bbEtape 3 &#8211; D\u00e9marrer protection compte\u00a0\u00bb _builder_version=\u00a0\u00bb4.19.5&Prime; _module_preset=\u00a0\u00bbdefault\u00a0\u00bb global_colors_info=\u00a0\u00bb{}\u00a0\u00bb][\/et_pb_image][\/et_pb_column][\/et_pb_row][et_pb_row _builder_version=\u00a0\u00bb4.16&Prime; _module_preset=\u00a0\u00bbdefault\u00a0\u00bb global_colors_info=\u00a0\u00bb{}\u00a0\u00bb][et_pb_column type=\u00a0\u00bb4_4&Prime; _builder_version=\u00a0\u00bb4.16&Prime; _module_preset=\u00a0\u00bbdefault\u00a0\u00bb global_colors_info=\u00a0\u00bb{}\u00a0\u00bb][et_pb_text _builder_version=\u00a0\u00bb4.19.5&Prime; _module_preset=\u00a0\u00bbdefault\u00a0\u00bb global_colors_info=\u00a0\u00bb{}\u00a0\u00bb]<\/p>\n<h2>\u00c9tape 4<\/h2>\n<p>Cliquez sur <strong>Ajoutez la cl\u00e9<\/strong> et suivre les instructions figurant sur les fen\u00eatres \/ pop up qui apparaissent \u00e0 l&rsquo;\u00e9cran ou au bas de page dans la barre des t\u00e2ches. Une fois votre cl\u00e9 de s\u00e9curit\u00e9 ins\u00e9r\u00e9e dans le port USB de votre ordinateur (la <strong>Winkeo-A FIDO U2F <\/strong>ou<strong> Winkeo-A FIDO2 <\/strong>ou<strong> Winkeo-C FIDO2<\/strong>) ou de votre Smartphone (Winkeo-C FIDO2), entrez son code PIN. Votre cl\u00e9 de s\u00e9curit\u00e9 clignote. La derni\u00e8re instruction de l&rsquo;installation vous invite \u00e0 <strong>toucher votre cl\u00e9 de s\u00e9curit\u00e9<\/strong>. Il vous suffit d\u2019appuyer sur le disque dor\u00e9 de la cl\u00e9. Il s\u2019agit d\u2019un bouton sensitif de pr\u00e9sence physique.<\/p>\n<p>[\/et_pb_text][et_pb_image src=\u00a0\u00bbhttps:\/\/authentication-web.com\/wp-content\/uploads\/2023\/03\/Etape-4-Ajoutez-la-cle.png\u00a0\u00bb alt=\u00a0\u00bbAjoutez votre cl\u00e9 de s\u00e9curit\u00e9 \u00e0 votre compte Twitter\u00a0\u00bb title_text=\u00a0\u00bbEtape 4 &#8211; Ajoutez la cl\u00e9\u00a0\u00bb _builder_version=\u00a0\u00bb4.19.5&Prime; _module_preset=\u00a0\u00bbdefault\u00a0\u00bb global_colors_info=\u00a0\u00bb{}\u00a0\u00bb][\/et_pb_image][\/et_pb_column][\/et_pb_row][et_pb_row column_structure=\u00a0\u00bb1_4,1_4,1_4,1_4&Prime; _builder_version=\u00a0\u00bb4.16&Prime; _module_preset=\u00a0\u00bbdefault\u00a0\u00bb global_colors_info=\u00a0\u00bb{}\u00a0\u00bb][et_pb_column type=\u00a0\u00bb1_4&Prime; _builder_version=\u00a0\u00bb4.16&Prime; _module_preset=\u00a0\u00bbdefault\u00a0\u00bb global_colors_info=\u00a0\u00bb{}\u00a0\u00bb][et_pb_image src=\u00a0\u00bbhttps:\/\/authentication-web.com\/wp-content\/uploads\/2023\/03\/Etape-4-Configuration-de-la-cle-de-securite-Twitter.png\u00a0\u00bb alt=\u00a0\u00bbConfiguration de la cl\u00e9 de s\u00e9curit\u00e9 Twitter\u00a0\u00bb title_text=\u00a0\u00bbEtape 4 &#8211; Configuration de la cl\u00e9 de s\u00e9curit\u00e9 Twitter\u00a0\u00bb _builder_version=\u00a0\u00bb4.19.5&Prime; _module_preset=\u00a0\u00bbdefault\u00a0\u00bb global_colors_info=\u00a0\u00bb{}\u00a0\u00bb][\/et_pb_image][\/et_pb_column][et_pb_column type=\u00a0\u00bb1_4&Prime; _builder_version=\u00a0\u00bb4.16&Prime; _module_preset=\u00a0\u00bbdefault\u00a0\u00bb global_colors_info=\u00a0\u00bb{}\u00a0\u00bb][et_pb_image src=\u00a0\u00bbhttps:\/\/authentication-web.com\/wp-content\/uploads\/2023\/03\/Etape-4-Continuer-linstallation-et-inserez-cle-sur-Twitter.png\u00a0\u00bb alt=\u00a0\u00bbContinuer l&rsquo;installation sur Twitter et ins\u00e9rez la cl\u00e9 de s\u00e9curit\u00e9\u00a0\u00bb title_text=\u00a0\u00bbEtape 4 &#8211; Continuer l&rsquo;installation et ins\u00e9rez cl\u00e9 sur Twitter\u00a0\u00bb _builder_version=\u00a0\u00bb4.19.5&Prime; _module_preset=\u00a0\u00bbdefault\u00a0\u00bb global_colors_info=\u00a0\u00bb{}\u00a0\u00bb][\/et_pb_image][\/et_pb_column][et_pb_column type=\u00a0\u00bb1_4&Prime; _builder_version=\u00a0\u00bb4.16&Prime; _module_preset=\u00a0\u00bbdefault\u00a0\u00bb global_colors_info=\u00a0\u00bb{}\u00a0\u00bb][et_pb_image src=\u00a0\u00bbhttps:\/\/authentication-web.com\/wp-content\/uploads\/2023\/03\/Etape-4-Continuer-linstallation-et-entrez-code-PIN-cle-Twitter.png\u00a0\u00bb alt=\u00a0\u00bbContinuer l&rsquo;installation et entrez code PIN cl\u00e9 pour Twitter\u00a0\u00bb title_text=\u00a0\u00bbEtape 4 &#8211; Continuer l&rsquo;installation et entrez code PIN cl\u00e9 &#8211; Twitter\u00a0\u00bb _builder_version=\u00a0\u00bb4.19.5&Prime; _module_preset=\u00a0\u00bbdefault\u00a0\u00bb global_colors_info=\u00a0\u00bb{}\u00a0\u00bb][\/et_pb_image][\/et_pb_column][et_pb_column type=\u00a0\u00bb1_4&Prime; _builder_version=\u00a0\u00bb4.16&Prime; _module_preset=\u00a0\u00bbdefault\u00a0\u00bb global_colors_info=\u00a0\u00bb{}\u00a0\u00bb][et_pb_image src=\u00a0\u00bbhttps:\/\/authentication-web.com\/wp-content\/uploads\/2023\/03\/Etape-4-Continuer-linstallation-et-touchez-cle-Twitter.png\u00a0\u00bb alt=\u00a0\u00bbTouchez votre cl\u00e9 de s\u00e9curit\u00e9 sur compte Twitter\u00a0\u00bb title_text=\u00a0\u00bbEtape 4 &#8211; Continuer l&rsquo;installation et touchez cl\u00e9 Twitter\u00a0\u00bb _builder_version=\u00a0\u00bb4.19.5&Prime; _module_preset=\u00a0\u00bbdefault\u00a0\u00bb global_colors_info=\u00a0\u00bb{}\u00a0\u00bb][\/et_pb_image][\/et_pb_column][\/et_pb_row][et_pb_row _builder_version=\u00a0\u00bb4.16&Prime; _module_preset=\u00a0\u00bbdefault\u00a0\u00bb global_colors_info=\u00a0\u00bb{}\u00a0\u00bb][et_pb_column type=\u00a0\u00bb4_4&Prime; _builder_version=\u00a0\u00bb4.16&Prime; _module_preset=\u00a0\u00bbdefault\u00a0\u00bb global_colors_info=\u00a0\u00bb{}\u00a0\u00bb][et_pb_text _builder_version=\u00a0\u00bb4.19.5&Prime; _module_preset=\u00a0\u00bbdefault\u00a0\u00bb global_colors_info=\u00a0\u00bb{}\u00a0\u00bb]<\/p>\n<h2>\u00c9tape 5<\/h2>\n<p>Une fois l&rsquo;installation termin\u00e9e, nommez votre cl\u00e9 de s\u00e9curit\u00e9, pour l&rsquo;exemple <strong>Winkeo-A FIDO2<\/strong>. Twitter pr\u00e9cise dans la fen\u00eatre <strong>Account security tip<\/strong> qu&rsquo;il est conseill\u00e9 d&rsquo;ajouter une 2\u00e8me cl\u00e9 de s\u00e9curit\u00e9 dans l&rsquo;\u00e9ventualit\u00e9 o\u00f9 vous perdez votre cl\u00e9. Cliquez sur <strong>Compris<\/strong> puis enregistrez le code de secours \u00e0 usage unique g\u00e9n\u00e9r\u00e9 dans un endroit s\u00fbr. Il vous permet de vous connecter \u00e0 Twitter si vous n&rsquo;\u00eates pas en possession de votre cl\u00e9 (oubli ou perte).<br \/>Twitter pr\u00e9cise dans sa rubrique \u00ab\u00a0Centre d&rsquo;assistance\u00a0\u00bb que les cl\u00e9s de s\u00e9curit\u00e9 peuvent \u00eatre utilis\u00e9es comme seule m\u00e9thode d&rsquo;authentification, sans qu&rsquo;aucune autre m\u00e9thode ne soit activ\u00e9e.<\/p>\n<p>[\/et_pb_text][\/et_pb_column][\/et_pb_row][et_pb_row column_structure=\u00a0\u00bb1_3,1_3,1_3&Prime; _builder_version=\u00a0\u00bb4.16&Prime; _module_preset=\u00a0\u00bbdefault\u00a0\u00bb global_colors_info=\u00a0\u00bb{}\u00a0\u00bb][et_pb_column type=\u00a0\u00bb1_3&Prime; _builder_version=\u00a0\u00bb4.16&Prime; _module_preset=\u00a0\u00bbdefault\u00a0\u00bb global_colors_info=\u00a0\u00bb{}\u00a0\u00bb][et_pb_image src=\u00a0\u00bbhttps:\/\/authentication-web.com\/wp-content\/uploads\/2023\/03\/Etape-5-Name-your-security-key-Twitter.png\u00a0\u00bb alt=\u00a0\u00bbNommez votre cl\u00e9 de s\u00e9curit\u00e9 sur Twitter\u00a0\u00bb title_text=\u00a0\u00bbEtape 5 &#8211; Name your security key &#8211; Twitter\u00a0\u00bb _builder_version=\u00a0\u00bb4.19.5&Prime; _module_preset=\u00a0\u00bbdefault\u00a0\u00bb global_colors_info=\u00a0\u00bb{}\u00a0\u00bb][\/et_pb_image][\/et_pb_column][et_pb_column type=\u00a0\u00bb1_3&Prime; _builder_version=\u00a0\u00bb4.16&Prime; _module_preset=\u00a0\u00bbdefault\u00a0\u00bb global_colors_info=\u00a0\u00bb{}\u00a0\u00bb][et_pb_image src=\u00a0\u00bbhttps:\/\/authentication-web.com\/wp-content\/uploads\/2023\/03\/Etape-5-Account-security-key-Twitter.png\u00a0\u00bb alt=\u00a0\u00bbAccount security tip sur Twitter\u00a0\u00bb title_text=\u00a0\u00bbEtape 5 &#8211; Account security key &#8211; Twitter\u00a0\u00bb _builder_version=\u00a0\u00bb4.19.5&Prime; _module_preset=\u00a0\u00bbdefault\u00a0\u00bb global_colors_info=\u00a0\u00bb{}\u00a0\u00bb][\/et_pb_image][\/et_pb_column][et_pb_column type=\u00a0\u00bb1_3&Prime; _builder_version=\u00a0\u00bb4.16&Prime; _module_preset=\u00a0\u00bbdefault\u00a0\u00bb global_colors_info=\u00a0\u00bb{}\u00a0\u00bb][et_pb_image src=\u00a0\u00bbhttps:\/\/authentication-web.com\/wp-content\/uploads\/2023\/03\/Etape-5-Tout-est-pret-pour-connection-avec-cle-sur-Twitter.png\u00a0\u00bb alt=\u00a0\u00bbTout est pr\u00eat pour se connecter avec une cl\u00e9 de s\u00e9curit\u00e9 sur Twitter\u00a0\u00bb title_text=\u00a0\u00bbEtape 5 &#8211; Tout est pr\u00eat pour connection avec cl\u00e9 sur Twitter\u00a0\u00bb _builder_version=\u00a0\u00bb4.19.5&Prime; _module_preset=\u00a0\u00bbdefault\u00a0\u00bb global_colors_info=\u00a0\u00bb{}\u00a0\u00bb][\/et_pb_image][\/et_pb_column][\/et_pb_row][et_pb_row _builder_version=\u00a0\u00bb4.16&Prime; _module_preset=\u00a0\u00bbdefault\u00a0\u00bb global_colors_info=\u00a0\u00bb{}\u00a0\u00bb][et_pb_column type=\u00a0\u00bb4_4&Prime; _builder_version=\u00a0\u00bb4.16&Prime; _module_preset=\u00a0\u00bbdefault\u00a0\u00bb global_colors_info=\u00a0\u00bb{}\u00a0\u00bb][et_pb_text _builder_version=\u00a0\u00bb4.19.5&Prime; _module_preset=\u00a0\u00bbdefault\u00a0\u00bb global_colors_info=\u00a0\u00bb{}\u00a0\u00bb]<\/p>\n<h2>\u00c9tape 6<\/h2>\n<p>L&rsquo;authentification \u00e0 deux facteurs est activ\u00e9e et votre cl\u00e9 de s\u00e9curit\u00e9 est enregistr\u00e9e sur votre compte Twitter. Cliquez sur \u00ab Termin\u00e9 \u00bb. Vous pouvez retirer votre cl\u00e9 de s\u00e9curit\u00e9. Votre cl\u00e9 de s\u00e9curit\u00e9 appara\u00eet dans la section <strong>G\u00e9rer les cl\u00e9s de s\u00e9curit\u00e9<\/strong>\u00a0 sous <strong>Authentification \u00e0 deux facteurs<\/strong>. Vous pouvez renommer ou supprimer vos cl\u00e9s de s\u00e9curit\u00e9 ou en ajouter \u00e0 tout moment.<\/p>\n<p>[\/et_pb_text][\/et_pb_column][\/et_pb_row][et_pb_row column_structure=\u00a0\u00bb1_2,1_2&Prime; _builder_version=\u00a0\u00bb4.16&Prime; _module_preset=\u00a0\u00bbdefault\u00a0\u00bb global_colors_info=\u00a0\u00bb{}\u00a0\u00bb][et_pb_column type=\u00a0\u00bb1_2&Prime; _builder_version=\u00a0\u00bb4.16&Prime; _module_preset=\u00a0\u00bbdefault\u00a0\u00bb global_colors_info=\u00a0\u00bb{}\u00a0\u00bb][et_pb_image src=\u00a0\u00bbhttps:\/\/authentication-web.com\/wp-content\/uploads\/2023\/03\/Etape-6-Gerer-les-cles-de-securite-sur-Twitter.png\u00a0\u00bb alt=\u00a0\u00bbG\u00e9rer les cl\u00e9s de s\u00e9curit\u00e9 sous Authentification \u00e0 deux facteurs sur Twitter\u00a0\u00bb title_text=\u00a0\u00bbEtape 6 &#8211; G\u00e9rer les cl\u00e9s de s\u00e9curit\u00e9 sur Twitter\u00a0\u00bb _builder_version=\u00a0\u00bb4.19.5&Prime; _module_preset=\u00a0\u00bbdefault\u00a0\u00bb global_colors_info=\u00a0\u00bb{}\u00a0\u00bb][\/et_pb_image][\/et_pb_column][et_pb_column type=\u00a0\u00bb1_2&Prime; _builder_version=\u00a0\u00bb4.16&Prime; _module_preset=\u00a0\u00bbdefault\u00a0\u00bb global_colors_info=\u00a0\u00bb{}\u00a0\u00bb][et_pb_image src=\u00a0\u00bbhttps:\/\/authentication-web.com\/wp-content\/uploads\/2023\/03\/Etape-6-Gerer-les-cles-de-securite-Winkeo-FIDO-sur-Twitter.png\u00a0\u00bb alt=\u00a0\u00bbG\u00e9rer les cl\u00e9s de s\u00e9curit\u00e9 Winkeo FIDO sur Twitter\u00a0\u00bb title_text=\u00a0\u00bbEtape 6 &#8211; G\u00e9rer les cl\u00e9s de s\u00e9curit\u00e9 Winkeo FIDO sur Twitter\u00a0\u00bb _builder_version=\u00a0\u00bb4.19.5&Prime; _module_preset=\u00a0\u00bbdefault\u00a0\u00bb global_colors_info=\u00a0\u00bb{}\u00a0\u00bb][\/et_pb_image][\/et_pb_column][\/et_pb_row][et_pb_row _builder_version=\u00a0\u00bb4.16&Prime; _module_preset=\u00a0\u00bbdefault\u00a0\u00bb global_colors_info=\u00a0\u00bb{}\u00a0\u00bb][et_pb_column type=\u00a0\u00bb4_4&Prime; _builder_version=\u00a0\u00bb4.16&Prime; _module_preset=\u00a0\u00bbdefault\u00a0\u00bb global_colors_info=\u00a0\u00bb{}\u00a0\u00bb][et_pb_text _builder_version=\u00a0\u00bb4.19.5&Prime; _module_preset=\u00a0\u00bbdefault\u00a0\u00bb global_colors_info=\u00a0\u00bb{}\u00a0\u00bb]<\/p>\n<h2>Pour toute future connexion<\/h2>\n<p>Pour toute future connexion \u00e0 votre compte Twitter, il vous faudra renseigner vos identifiants de connexion, puis d\u2019ins\u00e9rer votre cl\u00e9 de s\u00e9curit\u00e9 qui se mettra \u00e0 clignoter et enfin de toucher le bouton dor\u00e9 de la cl\u00e9 pour vous authentifier. Si les fen\u00eatres d&rsquo;instruction n&rsquo;apparaissent pas, vous les trouverez au bas de page de votre \u00e9cran dans la barre des t\u00e2ches.<\/p>\n<p>[\/et_pb_text][\/et_pb_column][\/et_pb_row][et_pb_row column_structure=\u00a0\u00bb1_3,1_3,1_3&Prime; _builder_version=\u00a0\u00bb4.16&Prime; _module_preset=\u00a0\u00bbdefault\u00a0\u00bb global_colors_info=\u00a0\u00bb{}\u00a0\u00bb][et_pb_column type=\u00a0\u00bb1_3&Prime; _builder_version=\u00a0\u00bb4.16&Prime; _module_preset=\u00a0\u00bbdefault\u00a0\u00bb global_colors_info=\u00a0\u00bb{}\u00a0\u00bb][et_pb_image src=\u00a0\u00bbhttps:\/\/authentication-web.com\/wp-content\/uploads\/2023\/03\/Future-connexion-Connectez-vous-a-Twitter-avec-la-cle-Winkeo-A-FIDO2.png\u00a0\u00bb alt=\u00a0\u00bbConnectez vous \u00e0 Twitter avec la cl\u00e9 de s\u00e9curit\u00e9 FIDO2&Prime; title_text=\u00a0\u00bbFuture connexion &#8211; Connectez vous \u00e0 Twitter avec la cl\u00e9 Winkeo-A FIDO2&Prime; _builder_version=\u00a0\u00bb4.19.5&Prime; _module_preset=\u00a0\u00bbdefault\u00a0\u00bb global_colors_info=\u00a0\u00bb{}\u00a0\u00bb][\/et_pb_image][\/et_pb_column][et_pb_column type=\u00a0\u00bb1_3&Prime; _builder_version=\u00a0\u00bb4.16&Prime; _module_preset=\u00a0\u00bbdefault\u00a0\u00bb global_colors_info=\u00a0\u00bb{}\u00a0\u00bb][et_pb_image src=\u00a0\u00bbhttps:\/\/authentication-web.com\/wp-content\/uploads\/2023\/03\/Future-connexion-Verification-de-votre-identite-Twitter-avec-insertion-de-cle-de-securite.png\u00a0\u00bb alt=\u00a0\u00bbV\u00e9rification de votre identit\u00e9 Twitter avec insertion de cl\u00e9 de s\u00e9curit\u00e9\u00a0\u00bb title_text=\u00a0\u00bbFuture connexion &#8211; V\u00e9rification de votre identit\u00e9 Twitter avec insertion de cl\u00e9 de s\u00e9curit\u00e9\u00a0\u00bb _builder_version=\u00a0\u00bb4.19.5&Prime; _module_preset=\u00a0\u00bbdefault\u00a0\u00bb global_colors_info=\u00a0\u00bb{}\u00a0\u00bb][\/et_pb_image][\/et_pb_column][et_pb_column type=\u00a0\u00bb1_3&Prime; _builder_version=\u00a0\u00bb4.16&Prime; _module_preset=\u00a0\u00bbdefault\u00a0\u00bb global_colors_info=\u00a0\u00bb{}\u00a0\u00bb][et_pb_image src=\u00a0\u00bbhttps:\/\/authentication-web.com\/wp-content\/uploads\/2023\/03\/Future-connexion-Verification-de-votre-identite-Twitter-en-touchant-la-cle-de-securite.png\u00a0\u00bb alt=\u00a0\u00bbV\u00e9rification de votre identit\u00e9 Twitter &#8211; Touchez votre cl\u00e9 de s\u00e9curit\u00e9\u00a0\u00bb title_text=\u00a0\u00bbFuture connexion &#8211; V\u00e9rification de votre identit\u00e9 Twitter en touchant la cl\u00e9 de s\u00e9curit\u00e9\u00a0\u00bb _builder_version=\u00a0\u00bb4.19.5&Prime; _module_preset=\u00a0\u00bbdefault\u00a0\u00bb global_colors_info=\u00a0\u00bb{}\u00a0\u00bb][\/et_pb_image][\/et_pb_column][\/et_pb_row][\/et_pb_section]<\/p>\n","protected":false},"excerpt":{"rendered":"<p>Le tutoriel FIDO U2F de NEOWAVE vous donne la marche \u00e0 suivre pour activer la double authentification sur Twitter avec la cl\u00e9 USB de s\u00e9curit\u00e9 Winkeo-A FIDO U2F ou Winkeo-A \/ C FIDO2 (+U2F).<\/p>\n","protected":false},"author":5,"featured_media":0,"parent":0,"menu_order":0,"comment_status":"closed","ping_status":"closed","template":"","meta":{"_acf_changed":false,"_et_pb_use_builder":"on","_et_pb_old_content":"","_et_gb_content_width":"","inline_featured_image":false,"footnotes":""},"class_list":["post-364112","page","type-page","status-publish","hentry"],"acf":[],"_links":{"self":[{"href":"https:\/\/authentication-web.com\/fr\/wp-json\/wp\/v2\/pages\/364112","targetHints":{"allow":["GET"]}}],"collection":[{"href":"https:\/\/authentication-web.com\/fr\/wp-json\/wp\/v2\/pages"}],"about":[{"href":"https:\/\/authentication-web.com\/fr\/wp-json\/wp\/v2\/types\/page"}],"author":[{"embeddable":true,"href":"https:\/\/authentication-web.com\/fr\/wp-json\/wp\/v2\/users\/5"}],"replies":[{"embeddable":true,"href":"https:\/\/authentication-web.com\/fr\/wp-json\/wp\/v2\/comments?post=364112"}],"version-history":[{"count":31,"href":"https:\/\/authentication-web.com\/fr\/wp-json\/wp\/v2\/pages\/364112\/revisions"}],"predecessor-version":[{"id":367187,"href":"https:\/\/authentication-web.com\/fr\/wp-json\/wp\/v2\/pages\/364112\/revisions\/367187"}],"wp:attachment":[{"href":"https:\/\/authentication-web.com\/fr\/wp-json\/wp\/v2\/media?parent=364112"}],"curies":[{"name":"wp","href":"https:\/\/api.w.org\/{rel}","templated":true}]}}