{"id":830241,"date":"2024-10-10T17:00:42","date_gmt":"2024-10-10T15:00:42","guid":{"rendered":"https:\/\/authentication-web.com\/?page_id=830241"},"modified":"2024-10-28T15:56:43","modified_gmt":"2024-10-28T14:56:43","slug":"a-propos","status":"publish","type":"page","link":"https:\/\/authentication-web.com\/fr\/a-propos\/","title":{"rendered":"\u00c0 propos"},"content":{"rendered":"<p>[et_pb_section fb_built=\u00a0\u00bb1&Prime; _builder_version=\u00a0\u00bb4.16&Prime; _module_preset=\u00a0\u00bbdefault\u00a0\u00bb background_color=\u00a0\u00bbrgba(253,189,62,0.2)\u00a0\u00bb global_colors_info=\u00a0\u00bb{}\u00a0\u00bb][et_pb_row _builder_version=\u00a0\u00bb4.16&Prime; _module_preset=\u00a0\u00bbdefault\u00a0\u00bb global_colors_info=\u00a0\u00bb{}\u00a0\u00bb][et_pb_column type=\u00a0\u00bb4_4&Prime; _builder_version=\u00a0\u00bb4.16&Prime; _module_preset=\u00a0\u00bbdefault\u00a0\u00bb global_colors_info=\u00a0\u00bb{}\u00a0\u00bb][et_pb_text _builder_version=\u00a0\u00bb4.27.0&Prime; _module_preset=\u00a0\u00bbdefault\u00a0\u00bb header_2_font=\u00a0\u00bb|||on|||||\u00a0\u00bb header_2_text_align=\u00a0\u00bbcenter\u00a0\u00bb header_2_text_color=\u00a0\u00bb#fdbd3e\u00a0\u00bb header_2_font_size=\u00a0\u00bb18px\u00a0\u00bb global_colors_info=\u00a0\u00bb{}\u00a0\u00bb]<\/p>\n<h2>A propos<\/h2>\n<p>[\/et_pb_text][et_pb_menu menu_id=\u00a0\u00bb23&Prime; menu_style=\u00a0\u00bbcentered\u00a0\u00bb disabled_on=\u00a0\u00bbon|on|on\u00a0\u00bb _builder_version=\u00a0\u00bb4.16&Prime; _module_preset=\u00a0\u00bbdefault\u00a0\u00bb menu_font=\u00a0\u00bbUbuntu||||||||\u00a0\u00bb menu_font_size=\u00a0\u00bb16px\u00a0\u00bb width=\u00a0\u00bb100%\u00a0\u00bb max_width=\u00a0\u00bb280px\u00a0\u00bb module_alignment=\u00a0\u00bbcenter\u00a0\u00bb custom_padding=\u00a0\u00bb15px||15px||true|false\u00a0\u00bb border_radii=\u00a0\u00bbon|10px|10px|10px|10px\u00a0\u00bb border_width_all=\u00a0\u00bb2px\u00a0\u00bb border_color_all=\u00a0\u00bb#FDBD3E\u00a0\u00bb box_shadow_style=\u00a0\u00bbpreset1&Prime; disabled=\u00a0\u00bbon\u00a0\u00bb global_colors_info=\u00a0\u00bb{}\u00a0\u00bb][\/et_pb_menu][\/et_pb_column][\/et_pb_row][et_pb_row disabled_on=\u00a0\u00bboff|off|off\u00a0\u00bb _builder_version=\u00a0\u00bb4.16&Prime; _module_preset=\u00a0\u00bbdefault\u00a0\u00bb module_alignment=\u00a0\u00bbcenter\u00a0\u00bb global_colors_info=\u00a0\u00bb{}\u00a0\u00bb][et_pb_column type=\u00a0\u00bb4_4&Prime; _builder_version=\u00a0\u00bb4.16&Prime; _module_preset=\u00a0\u00bbdefault\u00a0\u00bb global_colors_info=\u00a0\u00bb{}\u00a0\u00bb][et_pb_text _builder_version=\u00a0\u00bb4.27.0&Prime; _module_preset=\u00a0\u00bbdefault\u00a0\u00bb header_text_align=\u00a0\u00bbcenter\u00a0\u00bb global_colors_info=\u00a0\u00bb{}\u00a0\u00bb]<\/p>\n<h1>Qui sommes-nous ?<\/h1>\n<p>[\/et_pb_text][\/et_pb_column][\/et_pb_row][\/et_pb_section][et_pb_section fb_built=\u00a0\u00bb1&Prime; disabled_on=\u00a0\u00bbon|on|on\u00a0\u00bb _builder_version=\u00a0\u00bb4.16&Prime; _module_preset=\u00a0\u00bbdefault\u00a0\u00bb disabled=\u00a0\u00bbon\u00a0\u00bb global_colors_info=\u00a0\u00bb{}\u00a0\u00bb][et_pb_row column_structure=\u00a0\u00bb1_3,1_3,1_3&Prime; _builder_version=\u00a0\u00bb4.16&Prime; _module_preset=\u00a0\u00bbdefault\u00a0\u00bb global_colors_info=\u00a0\u00bb{}\u00a0\u00bb][et_pb_column type=\u00a0\u00bb1_3&Prime; _builder_version=\u00a0\u00bb4.16&Prime; _module_preset=\u00a0\u00bbdefault\u00a0\u00bb global_colors_info=\u00a0\u00bb{}\u00a0\u00bb][et_pb_blurb title=\u00a0\u00bbWinkeo-A FIDO2&Prime; image=\u00a0\u00bbhttps:\/\/authentication-web.com\/wp-content\/uploads\/2020\/05\/winkeo-FIDO-2-boutique.png\u00a0\u00bb alt=\u00a0\u00bbwinkeo FIDO2&Prime; _builder_version=\u00a0\u00bb4.18.0&Prime; _module_preset=\u00a0\u00bbdefault\u00a0\u00bb header_level=\u00a0\u00bbh3&Prime; header_text_align=\u00a0\u00bbcenter\u00a0\u00bb custom_padding=\u00a0\u00bb0px|50px|50px|50px|false|true\u00a0\u00bb animation=\u00a0\u00bboff\u00a0\u00bb link_option_url=\u00a0\u00bb#winkeo-fido2&Prime; box_shadow_style=\u00a0\u00bbpreset1&Prime; global_colors_info=\u00a0\u00bb{}\u00a0\u00bb transform_styles__hover_enabled=\u00a0\u00bbon|desktop\u00a0\u00bb transform_scale__hover_enabled=\u00a0\u00bbon|desktop\u00a0\u00bb transform_translate__hover_enabled=\u00a0\u00bbon|desktop\u00a0\u00bb transform_rotate__hover_enabled=\u00a0\u00bbon|desktop\u00a0\u00bb transform_skew__hover_enabled=\u00a0\u00bbon|desktop\u00a0\u00bb transform_origin__hover_enabled=\u00a0\u00bbon|desktop\u00a0\u00bb transform_scale__hover=\u00a0\u00bb110%|110%\u00a0\u00bb][\/et_pb_blurb][\/et_pb_column][et_pb_column type=\u00a0\u00bb1_3&Prime; _builder_version=\u00a0\u00bb4.16&Prime; _module_preset=\u00a0\u00bbdefault\u00a0\u00bb global_colors_info=\u00a0\u00bb{}\u00a0\u00bb][et_pb_blurb title=\u00a0\u00bbBadgeo FIDO2&Prime; image=\u00a0\u00bbhttps:\/\/authentication-web.com\/wp-content\/uploads\/2023\/02\/Badgeo-FIDO-duale-blanc.jpg\u00a0\u00bb alt=\u00a0\u00bbCarte \u00e0 puce Badgeo FIDO2 et FIDO U2F \u00e0 contact et sans contact\u00a0\u00bb _builder_version=\u00a0\u00bb4.19.2&Prime; _module_preset=\u00a0\u00bbdefault\u00a0\u00bb header_level=\u00a0\u00bbh3&Prime; header_text_align=\u00a0\u00bbcenter\u00a0\u00bb custom_padding=\u00a0\u00bb0px|50px|50px|50px|false|true\u00a0\u00bb animation=\u00a0\u00bboff\u00a0\u00bb link_option_url=\u00a0\u00bb#badgeo-fido2&Prime; box_shadow_style=\u00a0\u00bbpreset1&Prime; global_colors_info=\u00a0\u00bb{}\u00a0\u00bb transform_styles__hover_enabled=\u00a0\u00bbon|desktop\u00a0\u00bb transform_scale__hover_enabled=\u00a0\u00bbon|desktop\u00a0\u00bb transform_translate__hover_enabled=\u00a0\u00bbon|desktop\u00a0\u00bb transform_rotate__hover_enabled=\u00a0\u00bbon|desktop\u00a0\u00bb transform_skew__hover_enabled=\u00a0\u00bbon|desktop\u00a0\u00bb transform_origin__hover_enabled=\u00a0\u00bbon|desktop\u00a0\u00bb transform_scale__hover=\u00a0\u00bb110%|110%\u00a0\u00bb][\/et_pb_blurb][\/et_pb_column][et_pb_column type=\u00a0\u00bb1_3&Prime; _builder_version=\u00a0\u00bb4.16&Prime; _module_preset=\u00a0\u00bbdefault\u00a0\u00bb global_colors_info=\u00a0\u00bb{}\u00a0\u00bb][et_pb_blurb title=\u00a0\u00bbWinkeo-C FIDO2&Prime; image=\u00a0\u00bbhttps:\/\/authentication-web.com\/wp-content\/uploads\/2022\/02\/Winkeo-C-FIDO2-1.png\u00a0\u00bb alt=\u00a0\u00bbCl\u00e9 de s\u00e9curit\u00e9 USB Winkeo-C FIDO2 de type USB C\u00a0\u00bb _builder_version=\u00a0\u00bb4.16&Prime; _module_preset=\u00a0\u00bbdefault\u00a0\u00bb header_level=\u00a0\u00bbh3&Prime; header_text_align=\u00a0\u00bbcenter\u00a0\u00bb custom_padding=\u00a0\u00bb0px|50px|50px|50px|false|true\u00a0\u00bb animation=\u00a0\u00bboff\u00a0\u00bb link_option_url=\u00a0\u00bb#winkeo-fido2&Prime; box_shadow_style=\u00a0\u00bbpreset1&Prime; global_colors_info=\u00a0\u00bb{}\u00a0\u00bb transform_styles__hover_enabled=\u00a0\u00bbon|desktop\u00a0\u00bb transform_scale__hover_enabled=\u00a0\u00bbon|desktop\u00a0\u00bb transform_translate__hover_enabled=\u00a0\u00bbon|desktop\u00a0\u00bb transform_rotate__hover_enabled=\u00a0\u00bbon|desktop\u00a0\u00bb transform_skew__hover_enabled=\u00a0\u00bbon|desktop\u00a0\u00bb transform_origin__hover_enabled=\u00a0\u00bbon|desktop\u00a0\u00bb transform_scale__hover=\u00a0\u00bb110%|110%\u00a0\u00bb][\/et_pb_blurb][\/et_pb_column][\/et_pb_row][\/et_pb_section][et_pb_section fb_built=\u00a0\u00bb1&Prime; module_id=\u00a0\u00bbwinkeo-fido-u2f\u00a0\u00bb _builder_version=\u00a0\u00bb4.16&Prime; _module_preset=\u00a0\u00bbdefault\u00a0\u00bb border_width_top=\u00a0\u00bb1px\u00a0\u00bb border_color_top=\u00a0\u00bb#DDD\u00a0\u00bb global_colors_info=\u00a0\u00bb{}\u00a0\u00bb][et_pb_row _builder_version=\u00a0\u00bb4.16&Prime; _module_preset=\u00a0\u00bbdefault\u00a0\u00bb custom_padding=\u00a0\u00bb||27px|||\u00a0\u00bb global_colors_info=\u00a0\u00bb{}\u00a0\u00bb][et_pb_column type=\u00a0\u00bb4_4&Prime; _builder_version=\u00a0\u00bb4.16&Prime; _module_preset=\u00a0\u00bbdefault\u00a0\u00bb global_colors_info=\u00a0\u00bb{}\u00a0\u00bb][et_pb_text _builder_version=\u00a0\u00bb4.27.2&Prime; _module_preset=\u00a0\u00bbdefault\u00a0\u00bb global_colors_info=\u00a0\u00bb{}\u00a0\u00bb]<\/p>\n<h2>Notre expertise<\/h2>\n<p>[\/et_pb_text][et_pb_text _builder_version=\u00a0\u00bb4.27.2&Prime; _module_preset=\u00a0\u00bbdefault\u00a0\u00bb global_colors_info=\u00a0\u00bb{}\u00a0\u00bb]<\/p>\n<p><a href=\"https:\/\/neowave.fr\/\" target=\"_blank\" rel=\"noopener\">NEOWAVE<\/a> est une entreprise fran\u00e7aise sp\u00e9cialis\u00e9e dans le domaine de la s\u00e9curit\u00e9 num\u00e9rique. Elle propose une gamme de solutions FIDO2 pour une authentification forte sur le web et le cloud. Nous nous appuyons sur des technologies d\u2019authentification forte \u00e0 base de composants s\u00e9curis\u00e9s et de certificats num\u00e9riques.<\/p>\n<p>Nous proposons des solutions adapt\u00e9es aux domaines de la cybers\u00e9curit\u00e9, de la confiance num\u00e9rique et de la gestion des identit\u00e9s. Gr\u00e2ce \u00e0 notre expertise et notre agilit\u00e9, nous sommes en mesure de conseiller et d&rsquo;accompagner nos clients dans la r\u00e9alisation de projets sur mesure.<\/p>\n<p>[\/et_pb_text][et_pb_button button_url=\u00a0\u00bbhttps:\/\/authentication-web.com\/tutoriel-fido-u2f-google\/\u00a0\u00bb url_new_window=\u00a0\u00bbon\u00a0\u00bb button_text=\u00a0\u00bbJe commence maintenant\u00a0\u00bb button_alignment=\u00a0\u00bbcenter\u00a0\u00bb disabled_on=\u00a0\u00bbon|on|on\u00a0\u00bb admin_label=\u00a0\u00bbBouton\u00a0\u00bb _builder_version=\u00a0\u00bb4.16&Prime; _module_preset=\u00a0\u00bbdefault\u00a0\u00bb disabled=\u00a0\u00bbon\u00a0\u00bb global_colors_info=\u00a0\u00bb{}\u00a0\u00bb][\/et_pb_button][et_pb_text _builder_version=\u00a0\u00bb4.27.2&Prime; _module_preset=\u00a0\u00bbdefault\u00a0\u00bb global_colors_info=\u00a0\u00bb{}\u00a0\u00bb]<\/p>\n<h2>Nos produits<\/h2>\n<p>[\/et_pb_text][et_pb_text _builder_version=\u00a0\u00bb4.27.2&Prime; _module_preset=\u00a0\u00bbdefault\u00a0\u00bb global_colors_info=\u00a0\u00bb{}\u00a0\u00bb]<\/p>\n<p>NEOWAVE est une entreprise fran\u00e7aise sp\u00e9cialis\u00e9e dans l&rsquo;authentification forte et les transactions s\u00e9curis\u00e9es. Nous proposons <a href=\"https:\/\/neowave.fr\/fr\/produits\/\" target=\"_blank\" rel=\"noopener\">quatre grandes familles de produits<\/a> qui r\u00e9pondent aux besoins vari\u00e9s du march\u00e9 :<\/p>\n<ul>\n<li><strong>Gamme ID 2.0 (PKI) :<\/strong> Cartes \u00e0 puce et tokens USB avec leur middleware int\u00e9gr\u00e9.<\/li>\n<li><strong>Gamme FIDO2 :<\/strong> Cartes \u00e0 puce et tokens USB conformes au protocole FIDO2.<\/li>\n<li><strong>Gamme FIDO2 + ID 2.0 (PKI) :<\/strong> Cartes \u00e0 puce et tokens USB tout-en-un, qui int\u00e8grent \u00e0 la fois nos technologies ID 2.0 et FIDO2.<\/li>\n<li><strong>Lecteurs de cartes \u00e0 puce :<\/strong> \u00c0\u00a0contact et\/ou sans contact (RFID\/NFC) facilitant la mise en oeuvre de multiples applications s\u00e9curis\u00e9es.<\/li>\n<\/ul>\n<p>Les produits NEOWAVE associent la s\u00e9curit\u00e9 avanc\u00e9e des cartes \u00e0 puce \u00e0 des technologies de connectivit\u00e9 vari\u00e9es : USB, RFID\/NFC sans contact, Bluetooth Low Energy (BLE). Ces solutions sont con\u00e7ues pour r\u00e9pondre aux besoins des secteurs de la cybers\u00e9curit\u00e9, de la gestion des identit\u00e9s et de la confiance num\u00e9rique.<\/p>\n<p>Gr\u00e2ce \u00e0 notre expertise technologique, nous accompagnons entreprises, collectivit\u00e9s et particuliers sur des projets de toutes tailles, en offrant des solutions optimales adapt\u00e9es \u00e0 leurs besoins, tout en garantissant un rapport qualit\u00e9-prix comp\u00e9titif.<\/p>\n<p>[\/et_pb_text][et_pb_text _builder_version=\u00a0\u00bb4.27.0&Prime; _module_preset=\u00a0\u00bbdefault\u00a0\u00bb global_colors_info=\u00a0\u00bb{}\u00a0\u00bb]<\/p>\n<h2>Un peu d&rsquo;histoire<\/h2>\n<p>[\/et_pb_text][et_pb_text _builder_version=\u00a0\u00bb4.27.2&Prime; _module_preset=\u00a0\u00bbdefault\u00a0\u00bb hover_enabled=\u00a0\u00bb0&Prime; global_colors_info=\u00a0\u00bb{}\u00a0\u00bb sticky_enabled=\u00a0\u00bb0&Prime;]<\/p>\n<p><img loading=\"lazy\" decoding=\"async\" class=\"wp-image-851885 size-full alignleft\" src=\"https:\/\/authentication-web.com\/wp-content\/uploads\/2024\/10\/Batiment-NEOWAVE-1-300x166-1.jpg\" alt=\"\" width=\"300\" height=\"166\" srcset=\"https:\/\/authentication-web.com\/wp-content\/uploads\/2024\/10\/Batiment-NEOWAVE-1-300x166-1.jpg 300w, https:\/\/authentication-web.com\/wp-content\/uploads\/2024\/10\/Batiment-NEOWAVE-1-300x166-1-18x10.jpg 18w\" sizes=\"(max-width: 300px) 100vw, 300px\" \/>Cr\u00e9\u00e9e en juin 2007 \u00e0 Gardanne (13) par Bruno Bernard et trois associ\u00e9s, NEOWAVE s&rsquo;est d&rsquo;abord positionn\u00e9e dans le secteur des Smart Objects avec des solutions multi-applicatives. Bruno Bernard, fort de son exp\u00e9rience chez STMicroelectronics et de la cr\u00e9ation d\u2019Innova Card (rachet\u00e9e par Maxim-Integrated), a su recentrer NEOWAVE d\u00e8s 2012 sur le march\u00e9 de la s\u00e9curit\u00e9 num\u00e9rique, adoptant rapidement le standard FIDO en 2015.<\/p>\n<p>Sous sa direction, NEOWAVE continue de cro\u00eetre, en\u00a0s\u2019appuyant sur des valeurs de professionnalisme, d\u2019int\u00e9grit\u00e9, d\u2019innovation et de respect. Depuis ses d\u00e9buts, l&rsquo;entreprise a su conqu\u00e9rir des clients prestigieux dans les secteurs public et priv\u00e9, tout en b\u00e2tissant des partenariats solides et durables.<\/p>\n<p>[\/et_pb_text][et_pb_text _builder_version=\u00a0\u00bb4.27.0&Prime; _module_preset=\u00a0\u00bbdefault\u00a0\u00bb global_colors_info=\u00a0\u00bb{}\u00a0\u00bb]<\/p>\n<h2>Notre r\u00e9seau et nos partenariats<\/h2>\n<p>[\/et_pb_text][et_pb_text _builder_version=\u00a0\u00bb4.27.2&Prime; _module_preset=\u00a0\u00bbdefault\u00a0\u00bb global_colors_info=\u00a0\u00bb{}\u00a0\u00bb]<\/p>\n<p>L&rsquo;expertise de NEOWAVE est reconnue par de nombreux acteurs cl\u00e9s de la cybers\u00e9curit\u00e9. Nous sommes membres d\u2019organisations professionnelles telles que le p\u00f4le de comp\u00e9titivit\u00e9 mondial SCS (Solutions Communicantes S\u00e9curis\u00e9es), l\u2019Alliance internationale FIDO, et l\u2019Alliance pour la Confiance Num\u00e9rique (ACN). Nos produits sont \u00e9galement r\u00e9f\u00e9renc\u00e9s au catalogue de l&rsquo;UGAP.<\/p>\n<p>[\/et_pb_text][et_pb_button button_url=\u00a0\u00bbhttps:\/\/authentication-web.com\/fr\/tutoriel-fido2-google\/\u00a0\u00bb button_text=\u00a0\u00bbPas \u00e0 pas sur Google\u00a0\u00bb button_alignment=\u00a0\u00bbcenter\u00a0\u00bb disabled_on=\u00a0\u00bbon|on|on\u00a0\u00bb _builder_version=\u00a0\u00bb4.27.0&Prime; _module_preset=\u00a0\u00bbdefault\u00a0\u00bb disabled=\u00a0\u00bbon\u00a0\u00bb global_colors_info=\u00a0\u00bb{}\u00a0\u00bb][\/et_pb_button][\/et_pb_column][\/et_pb_row][et_pb_row column_structure=\u00a0\u00bb1_3,1_3,1_3&Prime; disabled_on=\u00a0\u00bbon|on|on\u00a0\u00bb _builder_version=\u00a0\u00bb4.16&Prime; _module_preset=\u00a0\u00bbdefault\u00a0\u00bb disabled=\u00a0\u00bbon\u00a0\u00bb global_colors_info=\u00a0\u00bb{}\u00a0\u00bb][et_pb_column type=\u00a0\u00bb1_3&Prime; _builder_version=\u00a0\u00bb4.16&Prime; _module_preset=\u00a0\u00bbdefault\u00a0\u00bb global_colors_info=\u00a0\u00bb{}\u00a0\u00bb][et_pb_image src=\u00a0\u00bbhttps:\/\/authentication-web.com\/wp-content\/uploads\/2020\/12\/01-Identite.png\u00a0\u00bb alt=\u00a0\u00bbidentit\u00e9\u00a0\u00bb title_text=\u00a0\u00bb01-Identite\u00a0\u00bb _builder_version=\u00a0\u00bb4.16&Prime; _module_preset=\u00a0\u00bbdefault\u00a0\u00bb min_height=\u00a0\u00bb317px\u00a0\u00bb global_colors_info=\u00a0\u00bb{}\u00a0\u00bb][\/et_pb_image][et_pb_text _builder_version=\u00a0\u00bb4.16&Prime; _module_preset=\u00a0\u00bbdefault\u00a0\u00bb global_colors_info=\u00a0\u00bb{}\u00a0\u00bb]<\/p>\n<h3 style=\"text-align: center;\">1. Rentrez vos login et mot<br \/>\nde passe<\/h3>\n<p>[\/et_pb_text][\/et_pb_column][et_pb_column type=\u00a0\u00bb1_3&Prime; _builder_version=\u00a0\u00bb4.16&Prime; _module_preset=\u00a0\u00bbdefault\u00a0\u00bb global_colors_info=\u00a0\u00bb{}\u00a0\u00bb][et_pb_image src=\u00a0\u00bbhttps:\/\/authentication-web.com\/wp-content\/uploads\/2020\/12\/02-Photo-verification.jpg\u00a0\u00bb alt=\u00a0\u00bbinsertion cl\u00e9\u00a0\u00bb title_text=\u00a0\u00bb02-Photo-verification\u00a0\u00bb _builder_version=\u00a0\u00bb4.16&Prime; _module_preset=\u00a0\u00bbdefault\u00a0\u00bb global_colors_info=\u00a0\u00bb{}\u00a0\u00bb][\/et_pb_image][et_pb_text _builder_version=\u00a0\u00bb4.16&Prime; _module_preset=\u00a0\u00bbdefault\u00a0\u00bb global_colors_info=\u00a0\u00bb{}\u00a0\u00bb]<\/p>\n<h3><\/h3>\n<h3 style=\"text-align: center;\"><\/h3>\n<h3 style=\"text-align: center;\"><\/h3>\n<h3 style=\"text-align: center;\">2. Ins\u00e9rez votre cl\u00e9 de s\u00e9curit\u00e9 dans le port USB<\/h3>\n<p>[\/et_pb_text][\/et_pb_column][et_pb_column type=\u00a0\u00bb1_3&Prime; _builder_version=\u00a0\u00bb4.16&Prime; _module_preset=\u00a0\u00bbdefault\u00a0\u00bb global_colors_info=\u00a0\u00bb{}\u00a0\u00bb][et_pb_image src=\u00a0\u00bbhttps:\/\/authentication-web.com\/wp-content\/uploads\/2020\/12\/03-photo-touchez.jpg\u00a0\u00bb alt=\u00a0\u00bbtouchez cl\u00e9\u00a0\u00bb title_text=\u00a0\u00bb03-photo-touchez\u00a0\u00bb _builder_version=\u00a0\u00bb4.16&Prime; _module_preset=\u00a0\u00bbdefault\u00a0\u00bb global_colors_info=\u00a0\u00bb{}\u00a0\u00bb][\/et_pb_image][et_pb_text _builder_version=\u00a0\u00bb4.16&Prime; _module_preset=\u00a0\u00bbdefault\u00a0\u00bb global_colors_info=\u00a0\u00bb{}\u00a0\u00bb]<\/p>\n<h3 style=\"text-align: center;\"><\/h3>\n<h3 style=\"text-align: center;\"><\/h3>\n<h3 style=\"text-align: center;\"><\/h3>\n<h3 style=\"text-align: center;\">3. Touchez votre cl\u00e9 de s\u00e9curit\u00e9<\/h3>\n<p>[\/et_pb_text][\/et_pb_column][\/et_pb_row][et_pb_row disabled_on=\u00a0\u00bbon|on|on\u00a0\u00bb _builder_version=\u00a0\u00bb4.16&Prime; _module_preset=\u00a0\u00bbdefault\u00a0\u00bb disabled=\u00a0\u00bbon\u00a0\u00bb global_colors_info=\u00a0\u00bb{}\u00a0\u00bb][et_pb_column type=\u00a0\u00bb4_4&Prime; _builder_version=\u00a0\u00bb4.16&Prime; _module_preset=\u00a0\u00bbdefault\u00a0\u00bb global_colors_info=\u00a0\u00bb{}\u00a0\u00bb][et_pb_text _builder_version=\u00a0\u00bb4.25.0&Prime; _module_preset=\u00a0\u00bbdefault\u00a0\u00bb global_colors_info=\u00a0\u00bb{}\u00a0\u00bb]Le principe est le m\u00eame pour les autres services compatibles avec le protocole U2F. La cl\u00e9 de s\u00e9curit\u00e9 peut \u00e9galement \u00eatre utilis\u00e9e dans le secteur bancaire. <a href=\"https:\/\/authentication-web.com\/tutoriel-fido-u2f-bank-of-america\/\" target=\"_blank\" rel=\"noopener\">Exemple d&rsquo;authentification forte avec Bank of America<\/a>.[\/et_pb_text][et_pb_button button_url=\u00a0\u00bbhttps:\/\/authentication-web.com\/services-compatibles-fido-u2f\/\u00a0\u00bb url_new_window=\u00a0\u00bbon\u00a0\u00bb button_text=\u00a0\u00bbServices compatibles FIDO U2F\u00a0\u00bb button_alignment=\u00a0\u00bbcenter\u00a0\u00bb _builder_version=\u00a0\u00bb4.16&Prime; _module_preset=\u00a0\u00bbdefault\u00a0\u00bb global_colors_info=\u00a0\u00bb{}\u00a0\u00bb][\/et_pb_button][\/et_pb_column][\/et_pb_row][\/et_pb_section]<\/p>\n","protected":false},"excerpt":{"rendered":"<p>NEOWAVE est une entreprise innovante sp\u00e9cialis\u00e9e dans l\u2019authentification forte et les transactions s\u00e9curis\u00e9es. <\/p>\n","protected":false},"author":5,"featured_media":0,"parent":0,"menu_order":0,"comment_status":"closed","ping_status":"closed","template":"","meta":{"_acf_changed":false,"_et_pb_use_builder":"on","_et_pb_old_content":"","_et_gb_content_width":"","inline_featured_image":false,"footnotes":""},"class_list":["post-830241","page","type-page","status-publish","hentry"],"acf":[],"_links":{"self":[{"href":"https:\/\/authentication-web.com\/fr\/wp-json\/wp\/v2\/pages\/830241","targetHints":{"allow":["GET"]}}],"collection":[{"href":"https:\/\/authentication-web.com\/fr\/wp-json\/wp\/v2\/pages"}],"about":[{"href":"https:\/\/authentication-web.com\/fr\/wp-json\/wp\/v2\/types\/page"}],"author":[{"embeddable":true,"href":"https:\/\/authentication-web.com\/fr\/wp-json\/wp\/v2\/users\/5"}],"replies":[{"embeddable":true,"href":"https:\/\/authentication-web.com\/fr\/wp-json\/wp\/v2\/comments?post=830241"}],"version-history":[{"count":21,"href":"https:\/\/authentication-web.com\/fr\/wp-json\/wp\/v2\/pages\/830241\/revisions"}],"predecessor-version":[{"id":851940,"href":"https:\/\/authentication-web.com\/fr\/wp-json\/wp\/v2\/pages\/830241\/revisions\/851940"}],"wp:attachment":[{"href":"https:\/\/authentication-web.com\/fr\/wp-json\/wp\/v2\/media?parent=830241"}],"curies":[{"name":"wp","href":"https:\/\/api.w.org\/{rel}","templated":true}]}}