{"id":342320,"date":"2025-06-02T16:40:46","date_gmt":"2025-06-02T14:40:46","guid":{"rendered":"https:\/\/authentification-web.fr\/?post_type=product&#038;p=342320"},"modified":"2026-04-28T04:40:03","modified_gmt":"2026-04-28T02:40:03","slug":"badgeo-nfc-fido2","status":"publish","type":"product","link":"https:\/\/authentication-web.com\/fr\/produit\/badgeo-nfc-fido2\/","title":{"rendered":"Badgeo NFC FIDO2"},"content":{"rendered":"<p>[et_pb_section fb_built=\u00a0\u00bb1&Prime; _builder_version=\u00a0\u00bb4.16&Prime; custom_padding=\u00a0\u00bb0px||||false|false\u00a0\u00bb global_colors_info=\u00a0\u00bb{}\u00a0\u00bb][et_pb_row _builder_version=\u00a0\u00bb4.16&Prime; background_size=\u00a0\u00bbinitial\u00a0\u00bb background_position=\u00a0\u00bbtop_left\u00a0\u00bb background_repeat=\u00a0\u00bbrepeat\u00a0\u00bb width=\u00a0\u00bb100%\u00a0\u00bb custom_padding=\u00a0\u00bb0px||0px||false|false\u00a0\u00bb global_colors_info=\u00a0\u00bb{}\u00a0\u00bb][et_pb_column type=\u00a0\u00bb4_4&Prime; _builder_version=\u00a0\u00bb4.16&Prime; custom_padding=\u00a0\u00bb|||\u00a0\u00bb global_colors_info=\u00a0\u00bb{}\u00a0\u00bb custom_padding__hover=\u00a0\u00bb|||\u00a0\u00bb][et_pb_wc_breadcrumb _builder_version=\u00a0\u00bb4.16&Prime; global_colors_info=\u00a0\u00bb{}\u00a0\u00bb][\/et_pb_wc_breadcrumb][et_pb_wc_cart_notice _builder_version=\u00a0\u00bb4.16&Prime; global_colors_info=\u00a0\u00bb{}\u00a0\u00bb][\/et_pb_wc_cart_notice][\/et_pb_column][\/et_pb_row][et_pb_row column_structure=\u00a0\u00bb1_2,1_2&Prime; _builder_version=\u00a0\u00bb4.16&Prime; background_size=\u00a0\u00bbinitial\u00a0\u00bb background_position=\u00a0\u00bbtop_left\u00a0\u00bb background_repeat=\u00a0\u00bbrepeat\u00a0\u00bb width=\u00a0\u00bb100%\u00a0\u00bb custom_padding=\u00a0\u00bb0px||||false|false\u00a0\u00bb global_colors_info=\u00a0\u00bb{}\u00a0\u00bb][et_pb_column type=\u00a0\u00bb1_2&Prime; _builder_version=\u00a0\u00bb4.16&Prime; custom_padding=\u00a0\u00bb|||\u00a0\u00bb global_colors_info=\u00a0\u00bb{}\u00a0\u00bb custom_padding__hover=\u00a0\u00bb|||\u00a0\u00bb][et_pb_wc_images _builder_version=\u00a0\u00bb4.16&Prime; global_colors_info=\u00a0\u00bb{}\u00a0\u00bb][\/et_pb_wc_images][\/et_pb_column][et_pb_column type=\u00a0\u00bb1_2&Prime; _builder_version=\u00a0\u00bb4.16&Prime; custom_padding=\u00a0\u00bb|||\u00a0\u00bb global_colors_info=\u00a0\u00bb{}\u00a0\u00bb custom_padding__hover=\u00a0\u00bb|||\u00a0\u00bb][et_pb_wc_title _builder_version=\u00a0\u00bb4.16&Prime; global_colors_info=\u00a0\u00bb{}\u00a0\u00bb][\/et_pb_wc_title][et_pb_wc_rating _builder_version=\u00a0\u00bb4.16&Prime; global_colors_info=\u00a0\u00bb{}\u00a0\u00bb][\/et_pb_wc_rating][et_pb_wc_price _builder_version=\u00a0\u00bb4.16&Prime; global_colors_info=\u00a0\u00bb{}\u00a0\u00bb][\/et_pb_wc_price][et_pb_wc_add_to_cart _builder_version=\u00a0\u00bb4.16&Prime; global_colors_info=\u00a0\u00bb{}\u00a0\u00bb][\/et_pb_wc_add_to_cart][et_pb_wc_description _builder_version=\u00a0\u00bb4.16&Prime; global_colors_info=\u00a0\u00bb{}\u00a0\u00bb][\/et_pb_wc_description][et_pb_wc_meta _builder_version=\u00a0\u00bb4.16&Prime; global_colors_info=\u00a0\u00bb{}\u00a0\u00bb][\/et_pb_wc_meta][\/et_pb_column][\/et_pb_row][et_pb_row _builder_version=\u00a0\u00bb4.16&Prime; background_size=\u00a0\u00bbinitial\u00a0\u00bb background_position=\u00a0\u00bbtop_left\u00a0\u00bb background_repeat=\u00a0\u00bbrepeat\u00a0\u00bb width=\u00a0\u00bb100%\u00a0\u00bb global_colors_info=\u00a0\u00bb{}\u00a0\u00bb][et_pb_column type=\u00a0\u00bb4_4&Prime; _builder_version=\u00a0\u00bb4.16&Prime; custom_padding=\u00a0\u00bb|||\u00a0\u00bb global_colors_info=\u00a0\u00bb{}\u00a0\u00bb custom_padding__hover=\u00a0\u00bb|||\u00a0\u00bb][et_pb_wc_tabs _builder_version=\u00a0\u00bb4.16&Prime; global_colors_info=\u00a0\u00bb{}\u00a0\u00bb] [\/et_pb_wc_tabs][et_pb_wc_upsells _builder_version=\u00a0\u00bb4.16&Prime; global_colors_info=\u00a0\u00bb{}\u00a0\u00bb][\/et_pb_wc_upsells][et_pb_wc_related_products _builder_version=\u00a0\u00bb4.16&Prime; global_colors_info=\u00a0\u00bb{}\u00a0\u00bb][\/et_pb_wc_related_products][\/et_pb_column][\/et_pb_row][\/et_pb_section]<\/p>\n","protected":false},"excerpt":{"rendered":"<p>Badgeo NFC FIDO2 est une carte \u00e0 puce NFC, sans contact qui permet une authentification forte et simplifi\u00e9e sur le Web et le Cloud. Elle offre ainsi \u00e0 un grand nombre d\u2019entreprises la possibilit\u00e9 d\u2019acc\u00e9der \u00e0 des solutions de s\u00e9curit\u00e9 logique et physique, standardis\u00e9es et tr\u00e8s faciles \u00e0 installer. Elle int\u00e8gre un composant JavaCard certifi\u00e9 Crit\u00e8res Communs EAL6+. Elle\u00a0s\u2019utilise avec un <strong>lecteur de badge<\/strong> sans contact ou un <strong>smartphone<\/strong> (NFC).<\/p>\n","protected":false},"featured_media":1391051,"comment_status":"open","ping_status":"closed","template":"","meta":{"_acf_changed":false,"_et_pb_use_builder":"on","_et_pb_old_content":"<h3>Fabrication \/ certification(s)<\/h3>\r\n<ul>\r\n \t<li>Con\u00e7ue et fabriqu\u00e9e en France, elle r\u00e9pond aux exigences de s\u00e9curit\u00e9 des agences europ\u00e9ennes (labellis\u00e9e \"Cybersecurity Made in Europe\").<\/li>\r\n \t<li>Elle int\u00e8gre un composant JavaCard certifi\u00e9 Crit\u00e8res Communs EAL6+.<\/li>\r\n<\/ul>\r\n<h3>Facile \u00e0 utiliser<\/h3>\r\nSolution \"Plug &amp; Play\" : aucun logiciel ou pilote \u00e0 installer sur votre ordinateur, tablette ou smartphone.\r\n<h3>Solution ultra s\u00e9curis\u00e9e<\/h3>\r\n<ul>\r\n \t<li>Les cr\u00e9dentiels restent prot\u00e9g\u00e9s car ils sont g\u00e9n\u00e9r\u00e9s \u00e0 l\u2019int\u00e9rieur de la carte \u00e0 puce<\/li>\r\n \t<li>Certification crit\u00e8res communs EAL6+<\/li>\r\n \t<li>Protection contre le phishing pour remplacer les solutions vuln\u00e9rables \u00e0 base de SMS, OTP (One Time Password) ou TOTP (Time Based One Password)<\/li>\r\n \t<li>Remplace efficacement les mots de passe (Passwordless)<\/li>\r\n<\/ul>\r\n<h3>Large compatibilit\u00e9<\/h3>\r\n<strong>FIDO2 est support\u00e9 nativement par Windows 10\/11 et Microsoft Entra ID <\/strong>(anciennement Azure Active Directory) et est compatible avec de nombreux autres services web comme Google, Amazon, Salesforce, WhatsApp, Tik Tok, Facebook, Linkedin, X, GitHub, Dropbox, ebay, Microsoft, PayPal, Youtube, ... Il est \u00e9galement compatible avec les f\u00e9d\u00e9rations d\u2019identit\u00e9 telles qu\u2019Evidian, Ilex, Okta, Ping Identity, etc.\r\n<strong>FIDO U2F est compatible avec<\/strong>\u00a0toutes les applications de G Suite, Gmail, Facebook, Dropbox, GitHub, Gluu, WordPress, OVH, FastMail, Salesforce, Zimbra, Office 365...\r\n<h3>Syst\u00e8mes d'exploitation et navigateurs support\u00e9s<\/h3>\r\n<strong>Syst\u00e8mes d'exploitation<\/strong> : Windows, Android et iOS\r\n<strong>Navigateurs<\/strong> : Chrome, Chromium, Vivaldi, Opera, Mozilla Firefox, Microsoft Edge (via WebAuthn\/FIDO2 CTAP)\r\n<h3>Personnalisation graphique<\/h3>\r\nVous pouvez faire marquer le logo de votre entreprise sur votre Badgeo FIDO2.\r\n<h3>Fabriqu\u00e9e en Europe<\/h3>\r\nCe produit est en conformit\u00e9 avec les r\u00e8glements et standards europ\u00e9ens de s\u00e9curit\u00e9 num\u00e9rique (RGS, RGPD, DSP2, et NIS 2).\r\n<h3>Protocoles support\u00e9s<\/h3>\r\n<ul>\r\n \t<li>Sans contact ISO\/IEC 14443-A &amp; DESFire EV2<\/li>\r\n \t<li>Sans contact ISO 15693 (option)<\/li>\r\n<\/ul>\r\n<h3>Extensions<\/h3>\r\n<ul>\r\n \t<li>credProtect<\/li>\r\n \t<li>hmac-secret<\/li>\r\n<\/ul>\r\n<h3>Option code PIN<\/h3>\r\nVous pouvez utiliser votre Badgeo NFC FIDO2 avec un code PIN.\r\nLongueur de la valeur PIN entre 4 et 63 octets.\r\nNombre d\u2019essais du code PIN limit\u00e9 \u00e0 8. Apr\u00e8s 8 tentatives infructueuses, la carte doit \u00eatre r\u00e9initialis\u00e9e.\r\nAucune valeur par d\u00e9faut.\r\n<h3>March\u00e9s adress\u00e9s<\/h3>\r\nParfaitement adapt\u00e9e aux acteurs de la confiance num\u00e9rique (signature \u00e9lectronique, lettre recommand\u00e9e, consentement en ligne, services financiers, ZTNA, assurances, sant\u00e9\u2026)","_et_gb_content_width":"","inline_featured_image":false},"product_brand":[],"product_cat":[16],"product_tag":[],"class_list":{"0":"post-342320","1":"product","2":"type-product","3":"status-publish","4":"has-post-thumbnail","6":"product_cat-fido2","8":"first","9":"instock","10":"taxable","11":"shipping-taxable","12":"purchasable","13":"product-type-simple"},"acf":[],"_links":{"self":[{"href":"https:\/\/authentication-web.com\/fr\/wp-json\/wp\/v2\/product\/342320","targetHints":{"allow":["GET"]}}],"collection":[{"href":"https:\/\/authentication-web.com\/fr\/wp-json\/wp\/v2\/product"}],"about":[{"href":"https:\/\/authentication-web.com\/fr\/wp-json\/wp\/v2\/types\/product"}],"replies":[{"embeddable":true,"href":"https:\/\/authentication-web.com\/fr\/wp-json\/wp\/v2\/comments?post=342320"}],"wp:featuredmedia":[{"embeddable":true,"href":"https:\/\/authentication-web.com\/fr\/wp-json\/wp\/v2\/media\/1391051"}],"wp:attachment":[{"href":"https:\/\/authentication-web.com\/fr\/wp-json\/wp\/v2\/media?parent=342320"}],"wp:term":[{"taxonomy":"product_brand","embeddable":true,"href":"https:\/\/authentication-web.com\/fr\/wp-json\/wp\/v2\/product_brand?post=342320"},{"taxonomy":"product_cat","embeddable":true,"href":"https:\/\/authentication-web.com\/fr\/wp-json\/wp\/v2\/product_cat?post=342320"},{"taxonomy":"product_tag","embeddable":true,"href":"https:\/\/authentication-web.com\/fr\/wp-json\/wp\/v2\/product_tag?post=342320"}],"curies":[{"name":"wp","href":"https:\/\/api.w.org\/{rel}","templated":true}]}}