{"id":56,"date":"2025-06-04T10:26:36","date_gmt":"2025-06-04T08:26:36","guid":{"rendered":"https:\/\/authentification-web.fr\/?post_type=product&#038;p=56"},"modified":"2026-04-17T22:48:32","modified_gmt":"2026-04-17T20:48:32","slug":"badgeo-dual-fido2","status":"publish","type":"product","link":"https:\/\/authentication-web.com\/fr\/produit\/badgeo-dual-fido2\/","title":{"rendered":"Badgeo Dual FIDO2"},"content":{"rendered":"<p>[et_pb_section fb_built=\u00a0\u00bb1&Prime; _builder_version=\u00a0\u00bb4.16&Prime; custom_padding=\u00a0\u00bb0px||||false|false\u00a0\u00bb global_colors_info=\u00a0\u00bb{}\u00a0\u00bb][et_pb_row _builder_version=\u00a0\u00bb4.16&Prime; background_size=\u00a0\u00bbinitial\u00a0\u00bb background_position=\u00a0\u00bbtop_left\u00a0\u00bb background_repeat=\u00a0\u00bbrepeat\u00a0\u00bb width=\u00a0\u00bb100%\u00a0\u00bb custom_padding=\u00a0\u00bb0px||0px||false|false\u00a0\u00bb global_colors_info=\u00a0\u00bb{}\u00a0\u00bb][et_pb_column type=\u00a0\u00bb4_4&Prime; _builder_version=\u00a0\u00bb4.16&Prime; custom_padding=\u00a0\u00bb|||\u00a0\u00bb global_colors_info=\u00a0\u00bb{}\u00a0\u00bb custom_padding__hover=\u00a0\u00bb|||\u00a0\u00bb][et_pb_wc_breadcrumb _builder_version=\u00a0\u00bb4.27.5&Prime; global_colors_info=\u00a0\u00bb{}\u00a0\u00bb][\/et_pb_wc_breadcrumb][et_pb_wc_cart_notice _builder_version=\u00a0\u00bb4.16&Prime; global_colors_info=\u00a0\u00bb{}\u00a0\u00bb][\/et_pb_wc_cart_notice][\/et_pb_column][\/et_pb_row][et_pb_row column_structure=\u00a0\u00bb1_2,1_2&Prime; _builder_version=\u00a0\u00bb4.16&Prime; background_size=\u00a0\u00bbinitial\u00a0\u00bb background_position=\u00a0\u00bbtop_left\u00a0\u00bb background_repeat=\u00a0\u00bbrepeat\u00a0\u00bb width=\u00a0\u00bb100%\u00a0\u00bb custom_padding=\u00a0\u00bb0px||||false|false\u00a0\u00bb global_colors_info=\u00a0\u00bb{}\u00a0\u00bb][et_pb_column type=\u00a0\u00bb1_2&Prime; _builder_version=\u00a0\u00bb4.16&Prime; custom_padding=\u00a0\u00bb|||\u00a0\u00bb global_colors_info=\u00a0\u00bb{}\u00a0\u00bb custom_padding__hover=\u00a0\u00bb|||\u00a0\u00bb][et_pb_wc_images _builder_version=\u00a0\u00bb4.16&Prime; global_colors_info=\u00a0\u00bb{}\u00a0\u00bb][\/et_pb_wc_images][\/et_pb_column][et_pb_column type=\u00a0\u00bb1_2&Prime; _builder_version=\u00a0\u00bb4.16&Prime; custom_padding=\u00a0\u00bb|||\u00a0\u00bb global_colors_info=\u00a0\u00bb{}\u00a0\u00bb custom_padding__hover=\u00a0\u00bb|||\u00a0\u00bb][et_pb_wc_title _builder_version=\u00a0\u00bb4.16&Prime; global_colors_info=\u00a0\u00bb{}\u00a0\u00bb][\/et_pb_wc_title][et_pb_wc_rating _builder_version=\u00a0\u00bb4.16&Prime; global_colors_info=\u00a0\u00bb{}\u00a0\u00bb][\/et_pb_wc_rating][et_pb_wc_price _builder_version=\u00a0\u00bb4.16&Prime; body_text_color=\u00a0\u00bb#fdbd3e\u00a0\u00bb global_colors_info=\u00a0\u00bb{}\u00a0\u00bb][\/et_pb_wc_price][et_pb_wc_add_to_cart _builder_version=\u00a0\u00bb4.19.5&Prime; _module_preset=\u00a0\u00bbdefault\u00a0\u00bb global_colors_info=\u00a0\u00bb{}\u00a0\u00bb][\/et_pb_wc_add_to_cart][et_pb_wc_description _builder_version=\u00a0\u00bb4.16&Prime; global_colors_info=\u00a0\u00bb{}\u00a0\u00bb][\/et_pb_wc_description][et_pb_wc_meta show_categories=\u00a0\u00bboff\u00a0\u00bb _builder_version=\u00a0\u00bb4.16&Prime; global_colors_info=\u00a0\u00bb{}\u00a0\u00bb][\/et_pb_wc_meta][\/et_pb_column][\/et_pb_row][et_pb_row _builder_version=\u00a0\u00bb4.16&Prime; background_size=\u00a0\u00bbinitial\u00a0\u00bb background_position=\u00a0\u00bbtop_left\u00a0\u00bb background_repeat=\u00a0\u00bbrepeat\u00a0\u00bb width=\u00a0\u00bb100%\u00a0\u00bb global_colors_info=\u00a0\u00bb{}\u00a0\u00bb][et_pb_column type=\u00a0\u00bb4_4&Prime; _builder_version=\u00a0\u00bb4.16&Prime; custom_padding=\u00a0\u00bb|||\u00a0\u00bb global_colors_info=\u00a0\u00bb{}\u00a0\u00bb custom_padding__hover=\u00a0\u00bb|||\u00a0\u00bb][et_pb_wc_tabs _builder_version=\u00a0\u00bb4.16&Prime; global_colors_info=\u00a0\u00bb{}\u00a0\u00bb]\t\t\t\t\t[\/et_pb_wc_tabs][et_pb_wc_upsells _builder_version=\u00a0\u00bb4.16&Prime; global_colors_info=\u00a0\u00bb{}\u00a0\u00bb][\/et_pb_wc_upsells][et_pb_wc_related_products _builder_version=\u00a0\u00bb4.16&Prime; global_colors_info=\u00a0\u00bb{}\u00a0\u00bb][\/et_pb_wc_related_products][\/et_pb_column][\/et_pb_row][\/et_pb_section]<\/p>\n","protected":false},"excerpt":{"rendered":"<h3>Description<\/h3>\n<p>Badgeo Dual FIDO2 est une carte \u00e0 puce <strong>duale interface<\/strong>, <strong>\u00e0 contact et sans contact<\/strong>, qui permet une authentification forte et simplifi\u00e9e sur le Web et le Cloud. Elle offre \u00e0 tous les professionnels des solutions de s\u00e9curit\u00e9 logique et physique, standardis\u00e9es, faciles \u00e0 d\u00e9ployer dans des environnements mobiles et de bureau. Elle s&rsquo;utilise avec un <strong>lecteur de badge<\/strong> (avec ou sans contact) ou un <strong>smartphone<\/strong> (NFC).<\/p>\n<p>R\u00e9f\u00e9rence : 3 760 308 520 743<\/p>\n","protected":false},"featured_media":1390990,"comment_status":"open","ping_status":"closed","template":"","meta":{"_acf_changed":false,"_et_pb_use_builder":"on","_et_pb_old_content":"<h3>Fabrication \/ certification(s)<\/h3>\r\nElle est enti\u00e8rement fabriqu\u00e9e en France et est conforme aux exigences de s\u00e9curit\u00e9 europ\u00e9enne. Elle a obtenu le Label \u00ab <a href=\"https:\/\/www.francecybersecurity.fr\/\" target=\"_blank\" rel=\"noopener\">France Cyber Security<\/a> \u00bb ainsi que le Label \u00ab <a href=\"https:\/\/www.cybersecurity-label.eu\/\" target=\"_blank\" rel=\"noopener\">Cybersecurity Made in Europe<\/a> \u00bb.\r\n<h3>Facile \u00e0 utiliser<\/h3>\r\nAucun logiciel ou application \u00e0 installer sur votre ordinateur, tablette ou smartphone (solution \"Plug &amp; Play\").\r\n<h3>Solution ultra s\u00e9curis\u00e9e<\/h3>\r\n<ul>\r\n \t<li>Les cr\u00e9dentiels restent prot\u00e9g\u00e9s car ils sont g\u00e9n\u00e9r\u00e9s \u00e0 l\u2019int\u00e9rieur de la carte \u00e0 puce<\/li>\r\n \t<li>Certification crit\u00e8res communs EAL6+<\/li>\r\n \t<li><strong>Protection contre le phishing<\/strong> pour remplacer les solutions vuln\u00e9rables \u00e0 base de SMS, OTP (One Time Password) ou TOTP (Time Based One Password).<\/li>\r\n \t<li>Remplace efficacement les mots de passe (Passwordless)<\/li>\r\n<\/ul>\r\n<h3>Large compatibilit\u00e9<\/h3>\r\n<ul>\r\n \t<li><strong>De nombreux services compatibles FIDO2 :<\/strong> Windows 10 \/ 11 associ\u00e9 \u00e0 Microsoft Entra ID, Amazon, Gmail, Microsoft, Facebook, GitHub, Dropbox, Paypal, Linkedin... et des f\u00e9d\u00e9rations d\u2019identit\u00e9 telles qu\u2019Evidian, Ilex, Okta, Ping Identity, etc.<\/li>\r\n \t<li><strong>La carte Badgeo Dual FIDO2 supporte \u00e9galement le standard FIDO U2F<\/strong> pour une authentification \u00e0 deux facteurs. Pr\u00e9conis\u00e9e en l'absence de d\u00e9ploiement des Passkeys sur le site ou l'application que vous souhaitez prot\u00e9ger.<\/li>\r\n<\/ul>\r\n<h3>Syst\u00e8mes d'exploitation et navigateurs support\u00e9s<\/h3>\r\n<ul>\r\n \t<li><strong>Syst\u00e8mes d'exploitation<\/strong> : Windows, Android et iOS<\/li>\r\n \t<li><strong>Navigateurs<\/strong> : Chrome, Chromium, Vivaldi, Opera, Mozilla Firefox, Microsoft Edge (via WebAuthn\/FIDO2 CTAP)<\/li>\r\n<\/ul>\r\n<h3>Personnalisation graphique<\/h3>\r\nVous pouvez faire marquer le logo de votre entreprise sur votre Badgeo Dual FIDO2.\r\n<h3>Fabriqu\u00e9e en Europe<\/h3>\r\nCe produit est en conformit\u00e9 avec les r\u00e8glements et standards europ\u00e9ens de s\u00e9curit\u00e9 num\u00e9rique.\r\n<h3>Protocoles support\u00e9s<\/h3>\r\n<ul>\r\n \t<li>Contact ISO\/IEC 7816<\/li>\r\n \t<li>Sans contact ISO\/IEC 14443-A &amp; DESFire EV2<\/li>\r\n \t<li>Sans contact ISO 15693 (option)<\/li>\r\n<\/ul>\r\n<h3>Extensions<\/h3>\r\n<ul>\r\n \t<li>credProtect<\/li>\r\n \t<li>hmac-secret<\/li>\r\n<\/ul>\r\n<h3>Option code PIN<\/h3>\r\nVous pouvez utiliser votre Badgeo Dual FIDO2 avec un code PIN.\r\nLongueur de la valeur PIN entre 4 et 63 octets.\r\nNombre d\u2019essais du code PIN limit\u00e9 \u00e0 8. Apr\u00e8s 8 tentatives infructueuses, la carte doit \u00eatre r\u00e9initialis\u00e9e.\r\nAucune valeur par d\u00e9faut.","_et_gb_content_width":"","inline_featured_image":false},"product_brand":[],"product_cat":[16],"product_tag":[],"class_list":{"0":"post-56","1":"product","2":"type-product","3":"status-publish","4":"has-post-thumbnail","6":"product_cat-fido2","8":"first","9":"instock","10":"taxable","11":"shipping-taxable","12":"purchasable","13":"product-type-simple"},"acf":[],"_links":{"self":[{"href":"https:\/\/authentication-web.com\/fr\/wp-json\/wp\/v2\/product\/56","targetHints":{"allow":["GET"]}}],"collection":[{"href":"https:\/\/authentication-web.com\/fr\/wp-json\/wp\/v2\/product"}],"about":[{"href":"https:\/\/authentication-web.com\/fr\/wp-json\/wp\/v2\/types\/product"}],"replies":[{"embeddable":true,"href":"https:\/\/authentication-web.com\/fr\/wp-json\/wp\/v2\/comments?post=56"}],"wp:featuredmedia":[{"embeddable":true,"href":"https:\/\/authentication-web.com\/fr\/wp-json\/wp\/v2\/media\/1390990"}],"wp:attachment":[{"href":"https:\/\/authentication-web.com\/fr\/wp-json\/wp\/v2\/media?parent=56"}],"wp:term":[{"taxonomy":"product_brand","embeddable":true,"href":"https:\/\/authentication-web.com\/fr\/wp-json\/wp\/v2\/product_brand?post=56"},{"taxonomy":"product_cat","embeddable":true,"href":"https:\/\/authentication-web.com\/fr\/wp-json\/wp\/v2\/product_cat?post=56"},{"taxonomy":"product_tag","embeddable":true,"href":"https:\/\/authentication-web.com\/fr\/wp-json\/wp\/v2\/product_tag?post=56"}],"curies":[{"name":"wp","href":"https:\/\/api.w.org\/{rel}","templated":true}]}}